{"id":17264,"date":"2023-11-01T15:49:15","date_gmt":"2023-11-01T14:49:15","guid":{"rendered":"https:\/\/baralivres.ma\/?post_type=product&#038;p=17264"},"modified":"2023-11-01T15:49:16","modified_gmt":"2023-11-01T14:49:16","slug":"le-guerrier-pacifique","status":"publish","type":"product","link":"https:\/\/baralivres.ma\/?product=le-guerrier-pacifique","title":{"rendered":"Le guerrier pacifique"},"content":{"rendered":"<p>Tout d\u00e9marre en d\u00e9cembre 1966 \u00e0 l&rsquo;universit\u00e9 de Californie, Berkeley, o\u00f9 Dan rencontre Socrate, un homme exceptionnel. Socrate, presque centenaire, r\u00e9v\u00e8le une jeunesse d&rsquo;esprit et un humour saisissants. Gr\u00e2ce \u00e0 cette rencontre improbable, Dan, un athl\u00e8te en qu\u00eate de sens, voit sa vie m\u00e9tamorphos\u00e9e. Guid\u00e9 par le sage excentrique, il surmonte ses peurs et illusions, embrassant une vie d&rsquo;amour et de paix<\/p>\n","protected":false},"excerpt":{"rendered":"<p>Rencontre de Dan avec Socrate, un sage excentrique, transforme la vie de l&rsquo;athl\u00e8te, embrassant l&rsquo;amour et la paix.<\/p>\n","protected":false},"featured_media":17265,"comment_status":"open","ping_status":"closed","template":"","meta":{"inline_featured_image":false},"product_cat":[204,91],"product_tag":[],"class_list":{"0":"post-17264","1":"product","2":"type-product","3":"status-publish","4":"has-post-thumbnail","6":"product_cat-francais","7":"product_cat-developpement","8":"pa_auteurs-dan-millman","10":"first","11":"instock","12":"shipping-taxable","13":"purchasable","14":"product-type-simple"},"_links":{"self":[{"href":"https:\/\/baralivres.ma\/index.php?rest_route=\/wp\/v2\/product\/17264","targetHints":{"allow":["GET"]}}],"collection":[{"href":"https:\/\/baralivres.ma\/index.php?rest_route=\/wp\/v2\/product"}],"about":[{"href":"https:\/\/baralivres.ma\/index.php?rest_route=\/wp\/v2\/types\/product"}],"replies":[{"embeddable":true,"href":"https:\/\/baralivres.ma\/index.php?rest_route=%2Fwp%2Fv2%2Fcomments&post=17264"}],"version-history":[{"count":1,"href":"https:\/\/baralivres.ma\/index.php?rest_route=\/wp\/v2\/product\/17264\/revisions"}],"predecessor-version":[{"id":17266,"href":"https:\/\/baralivres.ma\/index.php?rest_route=\/wp\/v2\/product\/17264\/revisions\/17266"}],"wp:featuredmedia":[{"embeddable":true,"href":"https:\/\/baralivres.ma\/index.php?rest_route=\/wp\/v2\/media\/17265"}],"wp:attachment":[{"href":"https:\/\/baralivres.ma\/index.php?rest_route=%2Fwp%2Fv2%2Fmedia&parent=17264"}],"wp:term":[{"taxonomy":"product_cat","embeddable":true,"href":"https:\/\/baralivres.ma\/index.php?rest_route=%2Fwp%2Fv2%2Fproduct_cat&post=17264"},{"taxonomy":"product_tag","embeddable":true,"href":"https:\/\/baralivres.ma\/index.php?rest_route=%2Fwp%2Fv2%2Fproduct_tag&post=17264"}],"curies":[{"name":"wp","href":"https:\/\/api.w.org\/{rel}","templated":true}]}}