{"id":17259,"date":"2023-11-01T16:00:15","date_gmt":"2023-11-01T15:00:15","guid":{"rendered":"https:\/\/baralivres.ma\/?post_type=product&#038;p=17259"},"modified":"2023-11-01T16:00:15","modified_gmt":"2023-11-01T15:00:15","slug":"la-loi-dattraction","status":"publish","type":"product","link":"https:\/\/baralivres.ma\/?product=la-loi-dattraction","title":{"rendered":"La loi d&rsquo;attraction"},"content":{"rendered":"<p>La loi d&rsquo;attraction consiste \u00e0 attirer vers soi ce que l&rsquo;on d\u00e9sire en utilisant le pouvoir de la pens\u00e9e, tout en laissant l&rsquo;\u00e9nergie de la vie agir. Cependant, un obstacle majeur r\u00e9side dans le fait que la plupart de nos pens\u00e9es sont inconscientes et \u00e9chappent \u00e0 notre contr\u00f4le. Alors, comment mettre en pratique la loi d&rsquo;attraction de mani\u00e8re syst\u00e9matique en suivant des \u00e9tapes pr\u00e9cises et en comprenant la m\u00e9canique de cause \u00e0 effet ? En saisissant le fonctionnement r\u00e9el de cette loi et en appliquant la formule de Charles F. Haanel, vous serez en mesure de devenir le ma\u00eetre de votre propre destin, attirant vers vous des opportunit\u00e9s, des rencontres, et tout ce que vous aspirez \u00e0 accomplir. Ce livre vous guidera pour approfondir les enseignements pr\u00e9sent\u00e9s dans l&rsquo;ouvrage fondamental de l&rsquo;auteur, \u00ab\u00a0La cl\u00e9 de la ma\u00eetrise\u00a0\u00bb.<\/p>\n","protected":false},"excerpt":{"rendered":"<p>Loi d&rsquo;attraction : attirer d\u00e9sirs par pens\u00e9e, comprendre, appliquer, devenir ma\u00eetre destin, gr\u00e2ce formule Charles Haanel.<\/p>\n","protected":false},"featured_media":17275,"comment_status":"open","ping_status":"closed","template":"","meta":{"inline_featured_image":false},"product_cat":[204,91],"product_tag":[],"class_list":{"0":"post-17259","1":"product","2":"type-product","3":"status-publish","4":"has-post-thumbnail","6":"product_cat-francais","7":"product_cat-developpement","8":"pa_auteurs-charles-francis-haanel","10":"first","11":"instock","12":"shipping-taxable","13":"purchasable","14":"product-type-simple"},"_links":{"self":[{"href":"https:\/\/baralivres.ma\/index.php?rest_route=\/wp\/v2\/product\/17259","targetHints":{"allow":["GET"]}}],"collection":[{"href":"https:\/\/baralivres.ma\/index.php?rest_route=\/wp\/v2\/product"}],"about":[{"href":"https:\/\/baralivres.ma\/index.php?rest_route=\/wp\/v2\/types\/product"}],"replies":[{"embeddable":true,"href":"https:\/\/baralivres.ma\/index.php?rest_route=%2Fwp%2Fv2%2Fcomments&post=17259"}],"version-history":[{"count":1,"href":"https:\/\/baralivres.ma\/index.php?rest_route=\/wp\/v2\/product\/17259\/revisions"}],"predecessor-version":[{"id":17276,"href":"https:\/\/baralivres.ma\/index.php?rest_route=\/wp\/v2\/product\/17259\/revisions\/17276"}],"wp:featuredmedia":[{"embeddable":true,"href":"https:\/\/baralivres.ma\/index.php?rest_route=\/wp\/v2\/media\/17275"}],"wp:attachment":[{"href":"https:\/\/baralivres.ma\/index.php?rest_route=%2Fwp%2Fv2%2Fmedia&parent=17259"}],"wp:term":[{"taxonomy":"product_cat","embeddable":true,"href":"https:\/\/baralivres.ma\/index.php?rest_route=%2Fwp%2Fv2%2Fproduct_cat&post=17259"},{"taxonomy":"product_tag","embeddable":true,"href":"https:\/\/baralivres.ma\/index.php?rest_route=%2Fwp%2Fv2%2Fproduct_tag&post=17259"}],"curies":[{"name":"wp","href":"https:\/\/api.w.org\/{rel}","templated":true}]}}