{"id":17255,"date":"2023-11-01T15:40:39","date_gmt":"2023-11-01T14:40:39","guid":{"rendered":"https:\/\/baralivres.ma\/?post_type=product&#038;p=17255"},"modified":"2023-11-01T15:40:39","modified_gmt":"2023-11-01T14:40:39","slug":"une-fois-dans-ma-vie","status":"publish","type":"product","link":"https:\/\/baralivres.ma\/?product=une-fois-dans-ma-vie","title":{"rendered":"Une fois dans ma vie"},"content":{"rendered":"<p>Trois femmes de diff\u00e9rents \u00e2ges, li\u00e9es par une amiti\u00e9 profonde, chacune ayant sa propre mani\u00e8re d&rsquo;exprimer l&rsquo;amour. Elles s&rsquo;accrochent \u00e0 leurs r\u00eaves malgr\u00e9 les d\u00e9fis que le destin leur r\u00e9serve, faisant preuve de d\u00e9termination et de cr\u00e9ativit\u00e9 pour s&rsquo;en sortir. Elles d\u00e9cident de prendre des risques, conscientes que cela pourrait entra\u00eener des cons\u00e9quences impr\u00e9visibles. Dans un r\u00e9cit empreint d&rsquo;humanit\u00e9 et d&rsquo;humour caract\u00e9ristiques de Gilles Legardinier, l&rsquo;auteur nous plonge au c\u0153ur d&rsquo;un groupe attachant \u00e0 un moment o\u00f9 leurs chemins se croisent.<\/p>\n","protected":false},"excerpt":{"rendered":"<p>Trois amies, trois \u00e2ges, trois visions de l&rsquo;amour, d\u00e9fient le destin avec humour, humanit\u00e9, et cr\u00e9ativit\u00e9.<\/p>\n","protected":false},"featured_media":17256,"comment_status":"open","ping_status":"closed","template":"","meta":{"inline_featured_image":false},"product_cat":[204,91],"product_tag":[],"class_list":{"0":"post-17255","1":"product","2":"type-product","3":"status-publish","4":"has-post-thumbnail","6":"product_cat-francais","7":"product_cat-developpement","8":"pa_auteurs-gilles-legardinier","10":"first","11":"instock","12":"shipping-taxable","13":"purchasable","14":"product-type-simple"},"_links":{"self":[{"href":"https:\/\/baralivres.ma\/index.php?rest_route=\/wp\/v2\/product\/17255","targetHints":{"allow":["GET"]}}],"collection":[{"href":"https:\/\/baralivres.ma\/index.php?rest_route=\/wp\/v2\/product"}],"about":[{"href":"https:\/\/baralivres.ma\/index.php?rest_route=\/wp\/v2\/types\/product"}],"replies":[{"embeddable":true,"href":"https:\/\/baralivres.ma\/index.php?rest_route=%2Fwp%2Fv2%2Fcomments&post=17255"}],"version-history":[{"count":1,"href":"https:\/\/baralivres.ma\/index.php?rest_route=\/wp\/v2\/product\/17255\/revisions"}],"predecessor-version":[{"id":17257,"href":"https:\/\/baralivres.ma\/index.php?rest_route=\/wp\/v2\/product\/17255\/revisions\/17257"}],"wp:featuredmedia":[{"embeddable":true,"href":"https:\/\/baralivres.ma\/index.php?rest_route=\/wp\/v2\/media\/17256"}],"wp:attachment":[{"href":"https:\/\/baralivres.ma\/index.php?rest_route=%2Fwp%2Fv2%2Fmedia&parent=17255"}],"wp:term":[{"taxonomy":"product_cat","embeddable":true,"href":"https:\/\/baralivres.ma\/index.php?rest_route=%2Fwp%2Fv2%2Fproduct_cat&post=17255"},{"taxonomy":"product_tag","embeddable":true,"href":"https:\/\/baralivres.ma\/index.php?rest_route=%2Fwp%2Fv2%2Fproduct_tag&post=17255"}],"curies":[{"name":"wp","href":"https:\/\/api.w.org\/{rel}","templated":true}]}}