{"id":17249,"date":"2023-11-01T15:38:09","date_gmt":"2023-11-01T14:38:09","guid":{"rendered":"https:\/\/baralivres.ma\/?post_type=product&#038;p=17249"},"modified":"2023-11-01T15:38:10","modified_gmt":"2023-11-01T14:38:10","slug":"se-changer-changer-le-monde","status":"publish","type":"product","link":"https:\/\/baralivres.ma\/?product=se-changer-changer-le-monde","title":{"rendered":"Se changer, changer le monde"},"content":{"rendered":"<p>\u00ab\u00a0Aujourd&rsquo;hui, nous sommes tous conscients de la n\u00e9cessit\u00e9 de modifier nos comportements afin de cr\u00e9er un monde meilleur. Cependant, comment pouvons-nous accomplir une telle transformation si nous n&rsquo;atteignons pas la paix int\u00e9rieure ? Nous portons la responsabilit\u00e9 du monde que nous transmettrons aux g\u00e9n\u00e9rations futures, et chacun de nous peut contribuer \u00e0 un changement global en adoptant l&rsquo;approche du &lsquo;colibri&rsquo;. Dans ce livre, chaque auteur a r\u00e9dig\u00e9 un chapitre proposant des solutions pratiques et accessibles pour un avenir plus prometteur. Le changement doit d&rsquo;abord na\u00eetre en chacun de nous.\u00a0\u00bb &#8211; Ilios Kotsou<\/p>\n","protected":false},"excerpt":{"rendered":"<p>Prise de conscience pour un monde meilleur, responsabilit\u00e9 partag\u00e9e, solutions concr\u00e8tes, paix int\u00e9rieure, changement personnel.<\/p>\n","protected":false},"featured_media":17252,"comment_status":"open","ping_status":"closed","template":"","meta":{"inline_featured_image":false},"product_cat":[204,91],"product_tag":[],"class_list":{"0":"post-17249","1":"product","2":"type-product","3":"status-publish","4":"has-post-thumbnail","6":"product_cat-francais","7":"product_cat-developpement","8":"pa_auteurs-christophe-andre","10":"first","11":"instock","12":"shipping-taxable","13":"purchasable","14":"product-type-simple"},"_links":{"self":[{"href":"https:\/\/baralivres.ma\/index.php?rest_route=\/wp\/v2\/product\/17249","targetHints":{"allow":["GET"]}}],"collection":[{"href":"https:\/\/baralivres.ma\/index.php?rest_route=\/wp\/v2\/product"}],"about":[{"href":"https:\/\/baralivres.ma\/index.php?rest_route=\/wp\/v2\/types\/product"}],"replies":[{"embeddable":true,"href":"https:\/\/baralivres.ma\/index.php?rest_route=%2Fwp%2Fv2%2Fcomments&post=17249"}],"version-history":[{"count":1,"href":"https:\/\/baralivres.ma\/index.php?rest_route=\/wp\/v2\/product\/17249\/revisions"}],"predecessor-version":[{"id":17253,"href":"https:\/\/baralivres.ma\/index.php?rest_route=\/wp\/v2\/product\/17249\/revisions\/17253"}],"wp:featuredmedia":[{"embeddable":true,"href":"https:\/\/baralivres.ma\/index.php?rest_route=\/wp\/v2\/media\/17252"}],"wp:attachment":[{"href":"https:\/\/baralivres.ma\/index.php?rest_route=%2Fwp%2Fv2%2Fmedia&parent=17249"}],"wp:term":[{"taxonomy":"product_cat","embeddable":true,"href":"https:\/\/baralivres.ma\/index.php?rest_route=%2Fwp%2Fv2%2Fproduct_cat&post=17249"},{"taxonomy":"product_tag","embeddable":true,"href":"https:\/\/baralivres.ma\/index.php?rest_route=%2Fwp%2Fv2%2Fproduct_tag&post=17249"}],"curies":[{"name":"wp","href":"https:\/\/api.w.org\/{rel}","templated":true}]}}