{"id":17243,"date":"2023-11-01T15:35:16","date_gmt":"2023-11-01T14:35:16","guid":{"rendered":"https:\/\/baralivres.ma\/?post_type=product&#038;p=17243"},"modified":"2023-11-01T15:35:17","modified_gmt":"2023-11-01T14:35:17","slug":"vous-pouvez-changer-votre-vie","status":"publish","type":"product","link":"https:\/\/baralivres.ma\/?product=vous-pouvez-changer-votre-vie","title":{"rendered":"Vous pouvez changer votre vie !"},"content":{"rendered":"<p>Que vous aspiriez \u00e0 boostez votre confiance en vous, \u00e0 trouver la gu\u00e9rison, ou \u00e0 concr\u00e9tiser vos souhaits, la m\u00e9thode des affirmations positives de Louise Hay vous enseignera comment modifier vos pens\u00e9es pour r\u00e9ellement transformer votre vie ! Ce guide succinct condense toute la philosophie optimiste et inspirante de Louise Hay, expliquant \u00e9tape par \u00e9tape comment mettre en pratique cette technique de gu\u00e9rison de mani\u00e8re rapide et efficace. En lisant et en r\u00e9p\u00e9tant les affirmations positives pr\u00e9sent\u00e9es dans ce livre, vous pouvez briser les sch\u00e9mas n\u00e9gatifs du pass\u00e9, vous apprendrez ainsi \u00e0 vous appr\u00e9cier et \u00e0 vivre une vie \u00e9panouissante, heureuse et en pleine sant\u00e9 !<\/p>\n","protected":false},"excerpt":{"rendered":"<p>Louise Hay enseigne comment les affirmations positives modifient les pens\u00e9es, cr\u00e9ant une vie \u00e9panouie, confiante et saine.<\/p>\n","protected":false},"featured_media":17247,"comment_status":"open","ping_status":"closed","template":"","meta":{"inline_featured_image":false},"product_cat":[204,91],"product_tag":[],"class_list":{"0":"post-17243","1":"product","2":"type-product","3":"status-publish","4":"has-post-thumbnail","6":"product_cat-francais","7":"product_cat-developpement","8":"pa_auteurs-louise-l-hay","10":"first","11":"instock","12":"shipping-taxable","13":"purchasable","14":"product-type-simple"},"_links":{"self":[{"href":"https:\/\/baralivres.ma\/index.php?rest_route=\/wp\/v2\/product\/17243","targetHints":{"allow":["GET"]}}],"collection":[{"href":"https:\/\/baralivres.ma\/index.php?rest_route=\/wp\/v2\/product"}],"about":[{"href":"https:\/\/baralivres.ma\/index.php?rest_route=\/wp\/v2\/types\/product"}],"replies":[{"embeddable":true,"href":"https:\/\/baralivres.ma\/index.php?rest_route=%2Fwp%2Fv2%2Fcomments&post=17243"}],"version-history":[{"count":1,"href":"https:\/\/baralivres.ma\/index.php?rest_route=\/wp\/v2\/product\/17243\/revisions"}],"predecessor-version":[{"id":17248,"href":"https:\/\/baralivres.ma\/index.php?rest_route=\/wp\/v2\/product\/17243\/revisions\/17248"}],"wp:featuredmedia":[{"embeddable":true,"href":"https:\/\/baralivres.ma\/index.php?rest_route=\/wp\/v2\/media\/17247"}],"wp:attachment":[{"href":"https:\/\/baralivres.ma\/index.php?rest_route=%2Fwp%2Fv2%2Fmedia&parent=17243"}],"wp:term":[{"taxonomy":"product_cat","embeddable":true,"href":"https:\/\/baralivres.ma\/index.php?rest_route=%2Fwp%2Fv2%2Fproduct_cat&post=17243"},{"taxonomy":"product_tag","embeddable":true,"href":"https:\/\/baralivres.ma\/index.php?rest_route=%2Fwp%2Fv2%2Fproduct_tag&post=17243"}],"curies":[{"name":"wp","href":"https:\/\/api.w.org\/{rel}","templated":true}]}}