{"id":17240,"date":"2023-11-01T15:34:02","date_gmt":"2023-11-01T14:34:02","guid":{"rendered":"https:\/\/baralivres.ma\/?post_type=product&#038;p=17240"},"modified":"2023-11-01T15:34:03","modified_gmt":"2023-11-01T14:34:03","slug":"techniques-de-visualisation-creatrice","status":"publish","type":"product","link":"https:\/\/baralivres.ma\/?product=techniques-de-visualisation-creatrice","title":{"rendered":"Techniques de visualisation cr\u00e9atrice"},"content":{"rendered":"<p>Pour la d\u00e9tente, la sant\u00e9, la cr\u00e9ativit\u00e9, les relations, et le succ\u00e8s, la visualisation cr\u00e9atrice offre une m\u00e9thode. Shakti Gawain explique comment surmonter les obstacles et d\u00e9velopper des attitudes favorables pour r\u00e9aliser ses d\u00e9sirs et influencer le destin. La puissance de l&rsquo;imagination attire des opportunit\u00e9s positives. Ce livre pratique r\u00e9v\u00e8le comment lib\u00e9rer le potentiel de r\u00e9ussite et de bonheur int\u00e9rieur.<\/p>\n","protected":false},"excerpt":{"rendered":"<p>\u00ab\u00a0Visualisation cr\u00e9atrice\u00a0\u00bb de Shakti Gawain d\u00e9voile une m\u00e9thode pour d\u00e9tente, sant\u00e9, cr\u00e9ativit\u00e9, relations, succ\u00e8s, gr\u00e2ce \u00e0 l&rsquo;imagination.<\/p>\n","protected":false},"featured_media":17244,"comment_status":"open","ping_status":"closed","template":"","meta":{"inline_featured_image":false},"product_cat":[204,91],"product_tag":[],"class_list":{"0":"post-17240","1":"product","2":"type-product","3":"status-publish","4":"has-post-thumbnail","6":"product_cat-francais","7":"product_cat-developpement","8":"pa_auteurs-shakti-gawain","10":"first","11":"instock","12":"shipping-taxable","13":"purchasable","14":"product-type-simple"},"_links":{"self":[{"href":"https:\/\/baralivres.ma\/index.php?rest_route=\/wp\/v2\/product\/17240","targetHints":{"allow":["GET"]}}],"collection":[{"href":"https:\/\/baralivres.ma\/index.php?rest_route=\/wp\/v2\/product"}],"about":[{"href":"https:\/\/baralivres.ma\/index.php?rest_route=\/wp\/v2\/types\/product"}],"replies":[{"embeddable":true,"href":"https:\/\/baralivres.ma\/index.php?rest_route=%2Fwp%2Fv2%2Fcomments&post=17240"}],"version-history":[{"count":1,"href":"https:\/\/baralivres.ma\/index.php?rest_route=\/wp\/v2\/product\/17240\/revisions"}],"predecessor-version":[{"id":17245,"href":"https:\/\/baralivres.ma\/index.php?rest_route=\/wp\/v2\/product\/17240\/revisions\/17245"}],"wp:featuredmedia":[{"embeddable":true,"href":"https:\/\/baralivres.ma\/index.php?rest_route=\/wp\/v2\/media\/17244"}],"wp:attachment":[{"href":"https:\/\/baralivres.ma\/index.php?rest_route=%2Fwp%2Fv2%2Fmedia&parent=17240"}],"wp:term":[{"taxonomy":"product_cat","embeddable":true,"href":"https:\/\/baralivres.ma\/index.php?rest_route=%2Fwp%2Fv2%2Fproduct_cat&post=17240"},{"taxonomy":"product_tag","embeddable":true,"href":"https:\/\/baralivres.ma\/index.php?rest_route=%2Fwp%2Fv2%2Fproduct_tag&post=17240"}],"curies":[{"name":"wp","href":"https:\/\/api.w.org\/{rel}","templated":true}]}}