{"id":17237,"date":"2023-11-01T15:31:37","date_gmt":"2023-11-01T14:31:37","guid":{"rendered":"https:\/\/baralivres.ma\/?post_type=product&#038;p=17237"},"modified":"2023-11-01T15:31:37","modified_gmt":"2023-11-01T14:31:37","slug":"je-sais-que-vous-mentez","status":"publish","type":"product","link":"https:\/\/baralivres.ma\/?product=je-sais-que-vous-mentez","title":{"rendered":"Je sais que vous mentez !"},"content":{"rendered":"<p>Paul Ekman, un expert de renom dans le domaine des \u00e9motions et du langage corporel, partage les r\u00e9sultats de ses recherches les plus r\u00e9centes sur la d\u00e9tection des mensonges et les m\u00e9thodes pour y parvenir. Il expose ici les indicateurs comportementaux et les signaux qui permettent d&rsquo;identifier avec pr\u00e9cision le mensonge, la tromperie et la dissimulation. Ses d\u00e9couvertes sont mises en \u0153uvre par des agences telles que la CIA et le FBI. Vous pouvez acqu\u00e9rir des comp\u00e9tences comparables \u00e0 celles des agents des services secrets en apprenant \u00e0 rep\u00e9rer les mots, les \u00e9motions, les intonations, les gestes et les micro-expressions \u00e9mis involontairement par les menteurs et les manipulateurs.<\/p>\n","protected":false},"excerpt":{"rendered":"<p>Paul Ekman partage m\u00e9thodes d\u00e9tection mensonge, signaux comportementaux, utilis\u00e9s CIA\/FBI, permettant identifier menteurs et manipulateurs.<\/p>\n","protected":false},"featured_media":17241,"comment_status":"open","ping_status":"closed","template":"","meta":{"inline_featured_image":false},"product_cat":[204,91],"product_tag":[],"class_list":{"0":"post-17237","1":"product","2":"type-product","3":"status-publish","4":"has-post-thumbnail","6":"product_cat-francais","7":"product_cat-developpement","8":"pa_auteurs-paul-ekman","10":"first","11":"instock","12":"shipping-taxable","13":"purchasable","14":"product-type-simple"},"_links":{"self":[{"href":"https:\/\/baralivres.ma\/index.php?rest_route=\/wp\/v2\/product\/17237","targetHints":{"allow":["GET"]}}],"collection":[{"href":"https:\/\/baralivres.ma\/index.php?rest_route=\/wp\/v2\/product"}],"about":[{"href":"https:\/\/baralivres.ma\/index.php?rest_route=\/wp\/v2\/types\/product"}],"replies":[{"embeddable":true,"href":"https:\/\/baralivres.ma\/index.php?rest_route=%2Fwp%2Fv2%2Fcomments&post=17237"}],"version-history":[{"count":1,"href":"https:\/\/baralivres.ma\/index.php?rest_route=\/wp\/v2\/product\/17237\/revisions"}],"predecessor-version":[{"id":17242,"href":"https:\/\/baralivres.ma\/index.php?rest_route=\/wp\/v2\/product\/17237\/revisions\/17242"}],"wp:featuredmedia":[{"embeddable":true,"href":"https:\/\/baralivres.ma\/index.php?rest_route=\/wp\/v2\/media\/17241"}],"wp:attachment":[{"href":"https:\/\/baralivres.ma\/index.php?rest_route=%2Fwp%2Fv2%2Fmedia&parent=17237"}],"wp:term":[{"taxonomy":"product_cat","embeddable":true,"href":"https:\/\/baralivres.ma\/index.php?rest_route=%2Fwp%2Fv2%2Fproduct_cat&post=17237"},{"taxonomy":"product_tag","embeddable":true,"href":"https:\/\/baralivres.ma\/index.php?rest_route=%2Fwp%2Fv2%2Fproduct_tag&post=17237"}],"curies":[{"name":"wp","href":"https:\/\/api.w.org\/{rel}","templated":true}]}}