{"id":17234,"date":"2023-11-01T15:28:13","date_gmt":"2023-11-01T14:28:13","guid":{"rendered":"https:\/\/baralivres.ma\/?post_type=product&#038;p=17234"},"modified":"2023-11-01T15:28:14","modified_gmt":"2023-11-01T14:28:14","slug":"vous-etes-votre-meilleur-psy","status":"publish","type":"product","link":"https:\/\/baralivres.ma\/?product=vous-etes-votre-meilleur-psy","title":{"rendered":"Vous \u00eates votre meilleur psy !"},"content":{"rendered":"<p>De nombreuses personnes sont confront\u00e9es \u00e0 diverses difficult\u00e9s \u00e0 un moment donn\u00e9 de leur vie, telles que le stress, l&rsquo;insomnie, la peur de l&rsquo;avion, la timidit\u00e9, le besoin constant de v\u00e9rifier, la jalousie, l&rsquo;hypocondrie ou une d\u00e9pendance. Ces phobies, angoisses, comportements obsessionnels ou blocages peuvent avoir un impact n\u00e9gatif sur notre qualit\u00e9 de vie. C&rsquo;est pourquoi il est important de les aborder et de travailler sur la correction des habitudes n\u00e9fastes qui se sont d\u00e9velopp\u00e9es au fil du temps.<\/p>\n<p>Le professeur Antoine Pelissolo, fort de ses connaissances scientifiques actuelles et de son exp\u00e9rience en tant que m\u00e9decin et th\u00e9rapeute, a r\u00e9uni dans ce livre des principes et des m\u00e9thodes pratiques dont l&rsquo;efficacit\u00e9 est av\u00e9r\u00e9e, et que chacun peut mettre en \u0153uvre par lui-m\u00eame. Le but est d&rsquo;am\u00e9liorer \u00e0 la fois notre bien-\u00eatre physique et mental.<\/p>\n","protected":false},"excerpt":{"rendered":"<p>Livre du professeur Antoine Pelissolo offrant des m\u00e9thodes efficaces pour surmonter angoisses, phobies, et habitudes nuisibles.<\/p>\n","protected":false},"featured_media":17235,"comment_status":"open","ping_status":"closed","template":"","meta":{"inline_featured_image":false},"product_cat":[204,91],"product_tag":[],"class_list":{"0":"post-17234","1":"product","2":"type-product","3":"status-publish","4":"has-post-thumbnail","6":"product_cat-francais","7":"product_cat-developpement","8":"pa_auteurs-antoine-pelissolo","10":"first","11":"instock","12":"shipping-taxable","13":"purchasable","14":"product-type-simple"},"_links":{"self":[{"href":"https:\/\/baralivres.ma\/index.php?rest_route=\/wp\/v2\/product\/17234","targetHints":{"allow":["GET"]}}],"collection":[{"href":"https:\/\/baralivres.ma\/index.php?rest_route=\/wp\/v2\/product"}],"about":[{"href":"https:\/\/baralivres.ma\/index.php?rest_route=\/wp\/v2\/types\/product"}],"replies":[{"embeddable":true,"href":"https:\/\/baralivres.ma\/index.php?rest_route=%2Fwp%2Fv2%2Fcomments&post=17234"}],"version-history":[{"count":1,"href":"https:\/\/baralivres.ma\/index.php?rest_route=\/wp\/v2\/product\/17234\/revisions"}],"predecessor-version":[{"id":17236,"href":"https:\/\/baralivres.ma\/index.php?rest_route=\/wp\/v2\/product\/17234\/revisions\/17236"}],"wp:featuredmedia":[{"embeddable":true,"href":"https:\/\/baralivres.ma\/index.php?rest_route=\/wp\/v2\/media\/17235"}],"wp:attachment":[{"href":"https:\/\/baralivres.ma\/index.php?rest_route=%2Fwp%2Fv2%2Fmedia&parent=17234"}],"wp:term":[{"taxonomy":"product_cat","embeddable":true,"href":"https:\/\/baralivres.ma\/index.php?rest_route=%2Fwp%2Fv2%2Fproduct_cat&post=17234"},{"taxonomy":"product_tag","embeddable":true,"href":"https:\/\/baralivres.ma\/index.php?rest_route=%2Fwp%2Fv2%2Fproduct_tag&post=17234"}],"curies":[{"name":"wp","href":"https:\/\/api.w.org\/{rel}","templated":true}]}}