{"id":17231,"date":"2023-11-01T15:29:42","date_gmt":"2023-11-01T14:29:42","guid":{"rendered":"https:\/\/baralivres.ma\/?post_type=product&#038;p=17231"},"modified":"2023-11-01T15:29:43","modified_gmt":"2023-11-01T14:29:43","slug":"demandez-et-vous-recevrez","status":"publish","type":"product","link":"https:\/\/baralivres.ma\/?product=demandez-et-vous-recevrez","title":{"rendered":"Demandez et vous recevrez"},"content":{"rendered":"<p>\u00ab\u00a0Demandez et vous recevrez\u00a0\u00bb transmet les enseignements d&rsquo;Abraham canalis\u00e9s par Esther Hicks. Ces enseignements sont d&rsquo;une profondeur spirituelle permettant de cr\u00e9er une nouvelle vie par l&rsquo;imagination et les \u00e9motions. Abraham expose les lois universelles qui gouvernent notre r\u00e9alit\u00e9 et l&rsquo;espace-temps. \u00c0 travers des processus puissants, ils guident \u00e0 ma\u00eetriser la loi de l&rsquo;attraction, \u00e0 surmonter les \u00e9checs, et \u00e0 manifester nos d\u00e9sirs.<\/p>\n","protected":false},"excerpt":{"rendered":"<p>\u00ab\u00a0Demandez et vous recevrez\u00a0\u00bb transmet les enseignements d&rsquo;Abraham par Esther Hicks pour cr\u00e9er une vie \u00e9panouissante.<\/p>\n","protected":false},"featured_media":17238,"comment_status":"open","ping_status":"closed","template":"","meta":{"inline_featured_image":false},"product_cat":[204,91],"product_tag":[],"class_list":{"0":"post-17231","1":"product","2":"type-product","3":"status-publish","4":"has-post-thumbnail","6":"product_cat-francais","7":"product_cat-developpement","8":"pa_auteurs-esther-hicks","10":"first","11":"instock","12":"shipping-taxable","13":"purchasable","14":"product-type-simple"},"_links":{"self":[{"href":"https:\/\/baralivres.ma\/index.php?rest_route=\/wp\/v2\/product\/17231","targetHints":{"allow":["GET"]}}],"collection":[{"href":"https:\/\/baralivres.ma\/index.php?rest_route=\/wp\/v2\/product"}],"about":[{"href":"https:\/\/baralivres.ma\/index.php?rest_route=\/wp\/v2\/types\/product"}],"replies":[{"embeddable":true,"href":"https:\/\/baralivres.ma\/index.php?rest_route=%2Fwp%2Fv2%2Fcomments&post=17231"}],"version-history":[{"count":1,"href":"https:\/\/baralivres.ma\/index.php?rest_route=\/wp\/v2\/product\/17231\/revisions"}],"predecessor-version":[{"id":17239,"href":"https:\/\/baralivres.ma\/index.php?rest_route=\/wp\/v2\/product\/17231\/revisions\/17239"}],"wp:featuredmedia":[{"embeddable":true,"href":"https:\/\/baralivres.ma\/index.php?rest_route=\/wp\/v2\/media\/17238"}],"wp:attachment":[{"href":"https:\/\/baralivres.ma\/index.php?rest_route=%2Fwp%2Fv2%2Fmedia&parent=17231"}],"wp:term":[{"taxonomy":"product_cat","embeddable":true,"href":"https:\/\/baralivres.ma\/index.php?rest_route=%2Fwp%2Fv2%2Fproduct_cat&post=17231"},{"taxonomy":"product_tag","embeddable":true,"href":"https:\/\/baralivres.ma\/index.php?rest_route=%2Fwp%2Fv2%2Fproduct_tag&post=17231"}],"curies":[{"name":"wp","href":"https:\/\/api.w.org\/{rel}","templated":true}]}}