{"id":17228,"date":"2023-11-01T15:21:32","date_gmt":"2023-11-01T14:21:32","guid":{"rendered":"https:\/\/baralivres.ma\/?post_type=product&#038;p=17228"},"modified":"2023-11-01T15:21:33","modified_gmt":"2023-11-01T14:21:33","slug":"lame-delivree","status":"publish","type":"product","link":"https:\/\/baralivres.ma\/?product=lame-delivree","title":{"rendered":"L&rsquo;\u00e2me d\u00e9livr\u00e9e"},"content":{"rendered":"<p>Comment atteindre la paix et la libert\u00e9 int\u00e9rieure au quotidien ? Ce livre nous guide dans cette exploration, qu&rsquo;il s&rsquo;agisse de nos premiers pas ou d&rsquo;une qu\u00eate plus avanc\u00e9e. Il facilite la connexion avec notre \u00e9nergie int\u00e9rieure et nous accompagne dans le yoga de l&rsquo;intellect, m\u00ealant les influences spirituelles orientales et occidentales. \u00ab\u00a0L&rsquo;\u00c2me D\u00e9livr\u00e9e,\u00a0\u00bb best-seller mondial, a transform\u00e9 la vie de millions de personnes en \u00e9veillant leur conscience spirituelle et en red\u00e9finissant leur relation au monde.<\/p>\n","protected":false},"excerpt":{"rendered":"<p>Explorez la paix int\u00e9rieure avec \u00ab\u00a0L&rsquo;\u00c2me D\u00e9livr\u00e9e\u00a0\u00bb, un guide spirituel m\u00ealant l&rsquo;Orient et l&rsquo;Occident, transformant des vies.<\/p>\n","protected":false},"featured_media":17229,"comment_status":"open","ping_status":"closed","template":"","meta":{"inline_featured_image":false},"product_cat":[204,91],"product_tag":[],"class_list":{"0":"post-17228","1":"product","2":"type-product","3":"status-publish","4":"has-post-thumbnail","6":"product_cat-francais","7":"product_cat-developpement","8":"pa_auteurs-michael-a-singer","10":"first","11":"instock","12":"shipping-taxable","13":"purchasable","14":"product-type-simple"},"_links":{"self":[{"href":"https:\/\/baralivres.ma\/index.php?rest_route=\/wp\/v2\/product\/17228","targetHints":{"allow":["GET"]}}],"collection":[{"href":"https:\/\/baralivres.ma\/index.php?rest_route=\/wp\/v2\/product"}],"about":[{"href":"https:\/\/baralivres.ma\/index.php?rest_route=\/wp\/v2\/types\/product"}],"replies":[{"embeddable":true,"href":"https:\/\/baralivres.ma\/index.php?rest_route=%2Fwp%2Fv2%2Fcomments&post=17228"}],"version-history":[{"count":1,"href":"https:\/\/baralivres.ma\/index.php?rest_route=\/wp\/v2\/product\/17228\/revisions"}],"predecessor-version":[{"id":17230,"href":"https:\/\/baralivres.ma\/index.php?rest_route=\/wp\/v2\/product\/17228\/revisions\/17230"}],"wp:featuredmedia":[{"embeddable":true,"href":"https:\/\/baralivres.ma\/index.php?rest_route=\/wp\/v2\/media\/17229"}],"wp:attachment":[{"href":"https:\/\/baralivres.ma\/index.php?rest_route=%2Fwp%2Fv2%2Fmedia&parent=17228"}],"wp:term":[{"taxonomy":"product_cat","embeddable":true,"href":"https:\/\/baralivres.ma\/index.php?rest_route=%2Fwp%2Fv2%2Fproduct_cat&post=17228"},{"taxonomy":"product_tag","embeddable":true,"href":"https:\/\/baralivres.ma\/index.php?rest_route=%2Fwp%2Fv2%2Fproduct_tag&post=17228"}],"curies":[{"name":"wp","href":"https:\/\/api.w.org\/{rel}","templated":true}]}}