{"id":17225,"date":"2023-11-01T15:16:24","date_gmt":"2023-11-01T14:16:24","guid":{"rendered":"https:\/\/baralivres.ma\/?post_type=product&#038;p=17225"},"modified":"2023-11-01T15:16:24","modified_gmt":"2023-11-01T14:16:24","slug":"la-pensee-positive","status":"publish","type":"product","link":"https:\/\/baralivres.ma\/?product=la-pensee-positive","title":{"rendered":"La pens\u00e9e positive"},"content":{"rendered":"<div class=\"group w-full text-token-text-primary border-b border-black\/10 gizmo:border-0 dark:border-gray-900\/50 gizmo:dark:border-0 bg-gray-50 gizmo:bg-transparent dark:bg-[#444654] gizmo:dark:bg-transparent\" data-testid=\"conversation-turn-33\">\n<div class=\"p-4 gizmo:py-2 justify-center text-base md:gap-6 md:py-6 m-auto\">\n<div class=\"flex flex-1 gap-4 text-base mx-auto md:gap-6 gizmo:gap-3 gizmo:md:px-5 gizmo:lg:px-1 gizmo:xl:px-5 md:max-w-2xl lg:max-w-[38rem] gizmo:md:max-w-3xl gizmo:lg:max-w-[40rem] gizmo:xl:max-w-[48rem] xl:max-w-3xl }\">\n<div class=\"relative flex w-[calc(100%-50px)] flex-col gizmo:w-full lg:w-[calc(100%-115px)] agent-turn\">\n<div class=\"flex-col gap-1 md:gap-3\">\n<div class=\"flex flex-grow flex-col gap-3 max-w-full\">\n<div class=\"min-h-[20px] flex flex-col items-start gap-3 whitespace-pre-wrap break-words overflow-x-auto\" data-message-author-role=\"assistant\" data-message-id=\"84e19ba1-e625-40b1-abc8-60292769d2e5\">\n<div class=\"markdown prose w-full break-words dark:prose-invert light\">\n<p>\u00ab\u00a0Lib\u00e9rez votre cr\u00e9ativit\u00e9\u00a0\u00bb de Julia Cameron invite \u00e0 reconna\u00eetre et embrasser sa propre existence et potentiel cr\u00e9atif. L&rsquo;auteure souligne l&rsquo;importance de ne pas renoncer \u00e0 ses r\u00eaves d&rsquo;enfance et d&rsquo;adolescence. Elle \u00e9voque comment les peurs et la rationalit\u00e9 peuvent \u00e9roder notre d\u00e9sir de vivre pleinement. Elle propose un programme sur douze semaines, accompagn\u00e9 d&rsquo;exercices, pour surmonter les blocages, les habitudes n\u00e9fastes, et les inhibitions qui freinent notre cr\u00e9ativit\u00e9. En lib\u00e9rant cette \u00e9nergie, nous pouvons d\u00e9couvrir une vitalit\u00e9 et une cr\u00e9ativit\u00e9 inestimables. Le livre offre un pr\u00e9cieux guide pour devenir enfin la personne que l&rsquo;on a toujours souhait\u00e9 devenir, d\u00e9bordante de cr\u00e9ativit\u00e9 et d&rsquo;expression personnelle.<\/p>\n<\/div>\n<\/div>\n<\/div>\n<div class=\"flex justify-between empty:hidden gizmo:justify-start gizmo:gap-3 lg:block gizmo:lg:flex\">\n<div class=\"text-gray-400 flex self-end lg:self-center justify-center gizmo:lg:justify-start mt-2 gizmo:mt-0 visible lg:gap-1 lg:absolute lg:top-0 lg:translate-x-full lg:right-0 lg:mt-0 lg:pl-2 gap-2 md:gap-3\"><button class=\"flex ml-auto gizmo:ml-0 gap-2 items-center rounded-md p-1 text-xs gizmo:gap-1.5 gizmo:pl-0 dark:text-gray-400 dark:hover:text-gray-200 disabled:dark:hover:text-gray-400 hover:text-gray-700\"><\/button><\/p>\n<div class=\"flex gap-1\"><\/div>\n<\/div>\n<\/div>\n<\/div>\n<\/div>\n<\/div>\n<\/div>\n<\/div>\n","protected":false},"excerpt":{"rendered":"<p>Accordez-vous le droit d&rsquo;exister et de cr\u00e9er. Julia Cameron explique comment laisser de c\u00f4t\u00e9 les doutes et les peurs pour red\u00e9couvrir votre cr\u00e9ativit\u00e9. Son programme de douze semaines et les exercices propos\u00e9s ouvrent la voie \u00e0 une cr\u00e9ativit\u00e9 \u00e9panouissante. Transformez-vous en la personne que vous r\u00eavez d&rsquo;\u00eatre.<\/p>\n","protected":false},"featured_media":17226,"comment_status":"open","ping_status":"closed","template":"","meta":{"inline_featured_image":false},"product_cat":[204,91],"product_tag":[],"class_list":{"0":"post-17225","1":"product","2":"type-product","3":"status-publish","4":"has-post-thumbnail","6":"product_cat-francais","7":"product_cat-developpement","8":"pa_auteurs-norman-vincent-peale","10":"first","11":"instock","12":"shipping-taxable","13":"purchasable","14":"product-type-simple"},"_links":{"self":[{"href":"https:\/\/baralivres.ma\/index.php?rest_route=\/wp\/v2\/product\/17225","targetHints":{"allow":["GET"]}}],"collection":[{"href":"https:\/\/baralivres.ma\/index.php?rest_route=\/wp\/v2\/product"}],"about":[{"href":"https:\/\/baralivres.ma\/index.php?rest_route=\/wp\/v2\/types\/product"}],"replies":[{"embeddable":true,"href":"https:\/\/baralivres.ma\/index.php?rest_route=%2Fwp%2Fv2%2Fcomments&post=17225"}],"version-history":[{"count":1,"href":"https:\/\/baralivres.ma\/index.php?rest_route=\/wp\/v2\/product\/17225\/revisions"}],"predecessor-version":[{"id":17227,"href":"https:\/\/baralivres.ma\/index.php?rest_route=\/wp\/v2\/product\/17225\/revisions\/17227"}],"wp:featuredmedia":[{"embeddable":true,"href":"https:\/\/baralivres.ma\/index.php?rest_route=\/wp\/v2\/media\/17226"}],"wp:attachment":[{"href":"https:\/\/baralivres.ma\/index.php?rest_route=%2Fwp%2Fv2%2Fmedia&parent=17225"}],"wp:term":[{"taxonomy":"product_cat","embeddable":true,"href":"https:\/\/baralivres.ma\/index.php?rest_route=%2Fwp%2Fv2%2Fproduct_cat&post=17225"},{"taxonomy":"product_tag","embeddable":true,"href":"https:\/\/baralivres.ma\/index.php?rest_route=%2Fwp%2Fv2%2Fproduct_tag&post=17225"}],"curies":[{"name":"wp","href":"https:\/\/api.w.org\/{rel}","templated":true}]}}