{"id":17205,"date":"2023-11-01T14:56:33","date_gmt":"2023-11-01T13:56:33","guid":{"rendered":"https:\/\/baralivres.ma\/?post_type=product&#038;p=17205"},"modified":"2023-11-01T14:56:33","modified_gmt":"2023-11-01T13:56:33","slug":"la-sagesse","status":"publish","type":"product","link":"https:\/\/baralivres.ma\/?product=la-sagesse","title":{"rendered":"La sagesse"},"content":{"rendered":"<p>L&rsquo;auteur partage des conseils sur la sagesse pour une vie \u00e9panouissante, combinant attitude, jugement, et sens pratique. Khalil Gibran, reconnu pour son style subtil et \u00e9mouvant depuis un si\u00e8cle, explore la voie de la v\u00e9ritable sagesse \u00e0 travers une \u00e9criture lumineuse.<\/p>\n","protected":false},"excerpt":{"rendered":"<p>Khalil Gibran offre des conseils pour une vie heureuse en cultivant la sagesse, attitude, jugement, et pratique.<\/p>\n","protected":false},"featured_media":17207,"comment_status":"open","ping_status":"closed","template":"","meta":{"inline_featured_image":false},"product_cat":[204,91],"product_tag":[],"class_list":{"0":"post-17205","1":"product","2":"type-product","3":"status-publish","4":"has-post-thumbnail","6":"product_cat-francais","7":"product_cat-developpement","8":"pa_auteurs-khalil-gibran","10":"first","11":"instock","12":"shipping-taxable","13":"purchasable","14":"product-type-simple"},"_links":{"self":[{"href":"https:\/\/baralivres.ma\/index.php?rest_route=\/wp\/v2\/product\/17205","targetHints":{"allow":["GET"]}}],"collection":[{"href":"https:\/\/baralivres.ma\/index.php?rest_route=\/wp\/v2\/product"}],"about":[{"href":"https:\/\/baralivres.ma\/index.php?rest_route=\/wp\/v2\/types\/product"}],"replies":[{"embeddable":true,"href":"https:\/\/baralivres.ma\/index.php?rest_route=%2Fwp%2Fv2%2Fcomments&post=17205"}],"version-history":[{"count":1,"href":"https:\/\/baralivres.ma\/index.php?rest_route=\/wp\/v2\/product\/17205\/revisions"}],"predecessor-version":[{"id":17208,"href":"https:\/\/baralivres.ma\/index.php?rest_route=\/wp\/v2\/product\/17205\/revisions\/17208"}],"wp:featuredmedia":[{"embeddable":true,"href":"https:\/\/baralivres.ma\/index.php?rest_route=\/wp\/v2\/media\/17207"}],"wp:attachment":[{"href":"https:\/\/baralivres.ma\/index.php?rest_route=%2Fwp%2Fv2%2Fmedia&parent=17205"}],"wp:term":[{"taxonomy":"product_cat","embeddable":true,"href":"https:\/\/baralivres.ma\/index.php?rest_route=%2Fwp%2Fv2%2Fproduct_cat&post=17205"},{"taxonomy":"product_tag","embeddable":true,"href":"https:\/\/baralivres.ma\/index.php?rest_route=%2Fwp%2Fv2%2Fproduct_tag&post=17205"}],"curies":[{"name":"wp","href":"https:\/\/api.w.org\/{rel}","templated":true}]}}