{"id":17195,"date":"2023-11-01T14:47:00","date_gmt":"2023-11-01T13:47:00","guid":{"rendered":"https:\/\/baralivres.ma\/?post_type=product&#038;p=17195"},"modified":"2023-11-01T14:47:00","modified_gmt":"2023-11-01T13:47:00","slug":"progresser-a-pas-de-geant","status":"publish","type":"product","link":"https:\/\/baralivres.ma\/?product=progresser-a-pas-de-geant","title":{"rendered":"Progresser \u00e0 pas de g\u00e9ant"},"content":{"rendered":"<p>\u00ab\u00a0Progresser \u00e0 pas de g\u00e9ant\u00a0\u00bb est un guide pour appliquer les principes d&rsquo;Anthony Robbins dans la vie quotidienne. \u00c0 travers 365 exercices simples, l&rsquo;auteur vous aide \u00e0 avancer significativement : prendre des d\u00e9cisions, changer vos croyances, am\u00e9liorer vos relations, et r\u00e9ussir vos projets. Devenez votre v\u00e9ritable moi !<\/p>\n","protected":false},"excerpt":{"rendered":"<p>\u00ab\u00a0Progresser \u00e0 pas de g\u00e9ant\u00a0\u00bb d&rsquo;Anthony Robbins simplifie la mise en pratique de ses enseignements pour une vie \u00e9panouissante.<\/p>\n","protected":false},"featured_media":17197,"comment_status":"open","ping_status":"closed","template":"","meta":{"inline_featured_image":false},"product_cat":[204,91],"product_tag":[],"class_list":{"0":"post-17195","1":"product","2":"type-product","3":"status-publish","4":"has-post-thumbnail","6":"product_cat-francais","7":"product_cat-developpement","8":"pa_auteurs-anthony-robbins","10":"first","11":"instock","12":"shipping-taxable","13":"purchasable","14":"product-type-simple"},"_links":{"self":[{"href":"https:\/\/baralivres.ma\/index.php?rest_route=\/wp\/v2\/product\/17195","targetHints":{"allow":["GET"]}}],"collection":[{"href":"https:\/\/baralivres.ma\/index.php?rest_route=\/wp\/v2\/product"}],"about":[{"href":"https:\/\/baralivres.ma\/index.php?rest_route=\/wp\/v2\/types\/product"}],"replies":[{"embeddable":true,"href":"https:\/\/baralivres.ma\/index.php?rest_route=%2Fwp%2Fv2%2Fcomments&post=17195"}],"version-history":[{"count":1,"href":"https:\/\/baralivres.ma\/index.php?rest_route=\/wp\/v2\/product\/17195\/revisions"}],"predecessor-version":[{"id":17198,"href":"https:\/\/baralivres.ma\/index.php?rest_route=\/wp\/v2\/product\/17195\/revisions\/17198"}],"wp:featuredmedia":[{"embeddable":true,"href":"https:\/\/baralivres.ma\/index.php?rest_route=\/wp\/v2\/media\/17197"}],"wp:attachment":[{"href":"https:\/\/baralivres.ma\/index.php?rest_route=%2Fwp%2Fv2%2Fmedia&parent=17195"}],"wp:term":[{"taxonomy":"product_cat","embeddable":true,"href":"https:\/\/baralivres.ma\/index.php?rest_route=%2Fwp%2Fv2%2Fproduct_cat&post=17195"},{"taxonomy":"product_tag","embeddable":true,"href":"https:\/\/baralivres.ma\/index.php?rest_route=%2Fwp%2Fv2%2Fproduct_tag&post=17195"}],"curies":[{"name":"wp","href":"https:\/\/api.w.org\/{rel}","templated":true}]}}