{"id":17190,"date":"2023-11-01T14:39:23","date_gmt":"2023-11-01T13:39:23","guid":{"rendered":"https:\/\/baralivres.ma\/?post_type=product&#038;p=17190"},"modified":"2023-11-01T14:41:47","modified_gmt":"2023-11-01T13:41:47","slug":"leveil-de-votre-puissance-interieure","status":"publish","type":"product","link":"https:\/\/baralivres.ma\/?product=leveil-de-votre-puissance-interieure","title":{"rendered":"L&rsquo;\u00e9veil de votre puissance int\u00e9rieure"},"content":{"rendered":"<p>\u00ab\u00a0L&rsquo;\u00e9veil de votre potentiel int\u00e9rieur\u00a0\u00bb est un livre dont l&rsquo;impact sur votre vie sera imm\u00e9diat et profond. L&rsquo;auteur, Anthony Robbins, mondialement reconnu pour avoir aid\u00e9 des millions de personnes, offre un guide pour vous permettre de concr\u00e9tiser vos r\u00eaves en puisant dans les ressources int\u00e9rieures qui sommeillent en vous.<\/p>\n<p>Dans ce livre, vous d\u00e9couvrirez des techniques et des strat\u00e9gies \u00e9prouv\u00e9es qui vous donneront les moyens d&rsquo;effectuer des changements concrets, mesurables et durables, tant dans votre propre vie que dans celle des autres. Vous apprendrez \u00e0 reprendre le contr\u00f4le de votre mental, de vos \u00e9motions, de votre corps et de vos finances.<\/p>\n","protected":false},"excerpt":{"rendered":"<p>\u00ab\u00a0L&rsquo;\u00e9veil de votre potentiel int\u00e9rieur\u00a0\u00bb promet une transformation de vie instantan\u00e9e en r\u00e9v\u00e9lant des ressources internes. Anthony Robbins, un guide mondial, partage des techniques pour des changements tangibles dans votre mental, \u00e9motions, corps et finances. Convertissez la peur en force, les r\u00eaves en r\u00e9alit\u00e9 !<\/p>\n","protected":false},"featured_media":17191,"comment_status":"open","ping_status":"closed","template":"","meta":{"inline_featured_image":false},"product_cat":[204,91],"product_tag":[],"class_list":{"0":"post-17190","1":"product","2":"type-product","3":"status-publish","4":"has-post-thumbnail","6":"product_cat-francais","7":"product_cat-developpement","8":"pa_auteurs-anthony-robbins","10":"first","11":"instock","12":"shipping-taxable","13":"purchasable","14":"product-type-simple"},"_links":{"self":[{"href":"https:\/\/baralivres.ma\/index.php?rest_route=\/wp\/v2\/product\/17190","targetHints":{"allow":["GET"]}}],"collection":[{"href":"https:\/\/baralivres.ma\/index.php?rest_route=\/wp\/v2\/product"}],"about":[{"href":"https:\/\/baralivres.ma\/index.php?rest_route=\/wp\/v2\/types\/product"}],"replies":[{"embeddable":true,"href":"https:\/\/baralivres.ma\/index.php?rest_route=%2Fwp%2Fv2%2Fcomments&post=17190"}],"version-history":[{"count":1,"href":"https:\/\/baralivres.ma\/index.php?rest_route=\/wp\/v2\/product\/17190\/revisions"}],"predecessor-version":[{"id":17193,"href":"https:\/\/baralivres.ma\/index.php?rest_route=\/wp\/v2\/product\/17190\/revisions\/17193"}],"wp:featuredmedia":[{"embeddable":true,"href":"https:\/\/baralivres.ma\/index.php?rest_route=\/wp\/v2\/media\/17191"}],"wp:attachment":[{"href":"https:\/\/baralivres.ma\/index.php?rest_route=%2Fwp%2Fv2%2Fmedia&parent=17190"}],"wp:term":[{"taxonomy":"product_cat","embeddable":true,"href":"https:\/\/baralivres.ma\/index.php?rest_route=%2Fwp%2Fv2%2Fproduct_cat&post=17190"},{"taxonomy":"product_tag","embeddable":true,"href":"https:\/\/baralivres.ma\/index.php?rest_route=%2Fwp%2Fv2%2Fproduct_tag&post=17190"}],"curies":[{"name":"wp","href":"https:\/\/api.w.org\/{rel}","templated":true}]}}