{"id":17187,"date":"2023-11-01T14:34:12","date_gmt":"2023-11-01T13:34:12","guid":{"rendered":"https:\/\/baralivres.ma\/?post_type=product&#038;p=17187"},"modified":"2024-04-26T11:07:22","modified_gmt":"2024-04-26T10:07:22","slug":"presence-de-dieu-2","status":"publish","type":"product","link":"https:\/\/baralivres.ma\/?product=presence-de-dieu-2","title":{"rendered":"Pr\u00e9sence de Dieu"},"content":{"rendered":"<p>Apr\u00e8s le grand succ\u00e8s de son ouvrage \u00ab\u00a0Conversations avec Dieu\u00a0\u00bb, Neale Donald Walsh a anim\u00e9 un s\u00e9minaire visant \u00e0 condenser les id\u00e9es fondamentales de ses livres tout en leur apportant une dimension pratique. \u00ab\u00a0Pr\u00e9sence de Dieu\u00a0\u00bb constitue la transcription de ce s\u00e9minaire. Le Dieu d\u00e9crit par Neale Donald Walsch est une entit\u00e9 dot\u00e9e d&rsquo;une sagesse infinie, correspondant \u00e0 l&rsquo;image d&rsquo;un Dieu que chacun de nous esp\u00e8re : aimant, compatissant, sens\u00e9, et empreint d&rsquo;humour. Ce Dieu souhaite notre bonheur et nous encourage \u00e0 ne pas nous culpabiliser inutilement. Il est loin d&rsquo;\u00eatre un Dieu moralisateur, mais il nous incite \u00e0 prendre en main notre propre vie, en comptant sur son soutien. \u00ab\u00a0Pr\u00e9sence de Dieu\u00a0\u00bb vous guide dans l&rsquo;application quotidienne des principes spirituels, afin d&rsquo;atteindre une vie \u00e9panouissante, de cultiver des relations amoureuses et amicales harmonieuses, de jouir d&rsquo;une meilleure sant\u00e9, et bien plus encore. Il s&rsquo;agit d&rsquo;un livre captivant et inspirant pour r\u00e9ussir sa vie pleinement, sans \u00eatre accabl\u00e9 par la culpabilit\u00e9.<\/p>\n","protected":false},"excerpt":{"rendered":"<p>\u00ab\u00a0Pr\u00e9sence de Dieu\u00a0\u00bb de Neale Donald Walsh r\u00e9v\u00e8le une vision bienveillante de Dieu, offrant sagesse, bonheur et guidance pratique.<\/p>\n","protected":false},"featured_media":17188,"comment_status":"open","ping_status":"closed","template":"","meta":{"inline_featured_image":false},"product_cat":[3725,204,91],"product_tag":[],"class_list":{"0":"post-17187","1":"product","2":"type-product","3":"status-publish","4":"has-post-thumbnail","6":"product_cat-litterature-religieuse","7":"product_cat-francais","8":"product_cat-developpement","9":"pa_auteurs-neale-donald-walsch","11":"first","12":"instock","13":"shipping-taxable","14":"purchasable","15":"product-type-simple"},"_links":{"self":[{"href":"https:\/\/baralivres.ma\/index.php?rest_route=\/wp\/v2\/product\/17187","targetHints":{"allow":["GET"]}}],"collection":[{"href":"https:\/\/baralivres.ma\/index.php?rest_route=\/wp\/v2\/product"}],"about":[{"href":"https:\/\/baralivres.ma\/index.php?rest_route=\/wp\/v2\/types\/product"}],"replies":[{"embeddable":true,"href":"https:\/\/baralivres.ma\/index.php?rest_route=%2Fwp%2Fv2%2Fcomments&post=17187"}],"version-history":[{"count":1,"href":"https:\/\/baralivres.ma\/index.php?rest_route=\/wp\/v2\/product\/17187\/revisions"}],"predecessor-version":[{"id":17189,"href":"https:\/\/baralivres.ma\/index.php?rest_route=\/wp\/v2\/product\/17187\/revisions\/17189"}],"wp:featuredmedia":[{"embeddable":true,"href":"https:\/\/baralivres.ma\/index.php?rest_route=\/wp\/v2\/media\/17188"}],"wp:attachment":[{"href":"https:\/\/baralivres.ma\/index.php?rest_route=%2Fwp%2Fv2%2Fmedia&parent=17187"}],"wp:term":[{"taxonomy":"product_cat","embeddable":true,"href":"https:\/\/baralivres.ma\/index.php?rest_route=%2Fwp%2Fv2%2Fproduct_cat&post=17187"},{"taxonomy":"product_tag","embeddable":true,"href":"https:\/\/baralivres.ma\/index.php?rest_route=%2Fwp%2Fv2%2Fproduct_tag&post=17187"}],"curies":[{"name":"wp","href":"https:\/\/api.w.org\/{rel}","templated":true}]}}