{"id":17179,"date":"2023-11-01T14:41:26","date_gmt":"2023-11-01T13:41:26","guid":{"rendered":"https:\/\/baralivres.ma\/?post_type=product&#038;p=17179"},"modified":"2023-11-01T14:41:26","modified_gmt":"2023-11-01T13:41:26","slug":"le-deep-work-planner","status":"publish","type":"product","link":"https:\/\/baralivres.ma\/?product=le-deep-work-planner","title":{"rendered":"Le Deep Work Planner"},"content":{"rendered":"<p>D\u00e9couvrez la m\u00e9thode \u00e0 succ\u00e8s du Deep Work \u00e9tape par \u00e9tape !<\/p>\n<p>Vous cherchez \u00e0 optimiser votre temps, renforcer votre performance professionnelle et atteindre vos objectifs ?<\/p>\n<p>Ce planner vous guide au quotidien dans l&rsquo;application de la c\u00e9l\u00e8bre technique du &lsquo;travail en profondeur&rsquo;, adopt\u00e9e par 2 millions de personnes. Organisez efficacement votre emploi du temps, planifiez votre journ\u00e9e, \u00e9liminez les distractions et supprimez les t\u00e2ches superficielles en suivant vos progr\u00e8s.<\/p>\n<p>Le Deep Work, c&rsquo;est :<\/p>\n<p>\u2022 R\u00e9duction du temps de travail \u2022 Moins de perturbations \u2022 Moins de stress \u2022 Plus d&rsquo;efficacit\u00e9 et de r\u00e9sultats<\/p>\n<p>Comment \u00e7a fonctionne ?<\/p>\n<p>\u2022 D\u00e9finissez vos objectifs hebdomadaires \u2022 Triez vos t\u00e2ches, vos id\u00e9es et vos priorit\u00e9s \u2022 Planifiez des cr\u00e9neaux de travail en profondeur \u2022 Mettez l&rsquo;accent sur l&rsquo;essentiel et \u00e9liminez le superflu !<\/p>\n","protected":false},"excerpt":{"rendered":"<p>Guide pratique pour optimiser le temps, accro\u00eetre l&rsquo;efficacit\u00e9, et r\u00e9duire le stress gr\u00e2ce \u00e0 la m\u00e9thode Deep Work.<\/p>\n","protected":false},"featured_media":17192,"comment_status":"open","ping_status":"closed","template":"","meta":{"inline_featured_image":false},"product_cat":[204,91],"product_tag":[],"class_list":{"0":"post-17179","1":"product","2":"type-product","3":"status-publish","4":"has-post-thumbnail","6":"product_cat-francais","7":"product_cat-developpement","8":"pa_auteurs-cal-newport","10":"first","11":"instock","12":"shipping-taxable","13":"purchasable","14":"product-type-simple"},"_links":{"self":[{"href":"https:\/\/baralivres.ma\/index.php?rest_route=\/wp\/v2\/product\/17179","targetHints":{"allow":["GET"]}}],"collection":[{"href":"https:\/\/baralivres.ma\/index.php?rest_route=\/wp\/v2\/product"}],"about":[{"href":"https:\/\/baralivres.ma\/index.php?rest_route=\/wp\/v2\/types\/product"}],"replies":[{"embeddable":true,"href":"https:\/\/baralivres.ma\/index.php?rest_route=%2Fwp%2Fv2%2Fcomments&post=17179"}],"version-history":[{"count":1,"href":"https:\/\/baralivres.ma\/index.php?rest_route=\/wp\/v2\/product\/17179\/revisions"}],"predecessor-version":[{"id":17194,"href":"https:\/\/baralivres.ma\/index.php?rest_route=\/wp\/v2\/product\/17179\/revisions\/17194"}],"wp:featuredmedia":[{"embeddable":true,"href":"https:\/\/baralivres.ma\/index.php?rest_route=\/wp\/v2\/media\/17192"}],"wp:attachment":[{"href":"https:\/\/baralivres.ma\/index.php?rest_route=%2Fwp%2Fv2%2Fmedia&parent=17179"}],"wp:term":[{"taxonomy":"product_cat","embeddable":true,"href":"https:\/\/baralivres.ma\/index.php?rest_route=%2Fwp%2Fv2%2Fproduct_cat&post=17179"},{"taxonomy":"product_tag","embeddable":true,"href":"https:\/\/baralivres.ma\/index.php?rest_route=%2Fwp%2Fv2%2Fproduct_tag&post=17179"}],"curies":[{"name":"wp","href":"https:\/\/api.w.org\/{rel}","templated":true}]}}