{"id":17177,"date":"2023-11-01T13:13:24","date_gmt":"2023-11-01T12:13:24","guid":{"rendered":"https:\/\/baralivres.ma\/?post_type=product&#038;p=17177"},"modified":"2023-11-01T13:13:25","modified_gmt":"2023-11-01T12:13:25","slug":"le-langage-psy-du-corps","status":"publish","type":"product","link":"https:\/\/baralivres.ma\/?product=le-langage-psy-du-corps","title":{"rendered":"Le langage psy du corps"},"content":{"rendered":"<p>Les expressions corporelles telles que croiser les jambes, pincer les l\u00e8vres, \u00e9viter le regard et agiter les mains sont des manifestations de nos \u00e9motions profondes et de nos inqui\u00e9tudes \u00e0 travers des gestes et des postures. Notre corps communique des messages sur nos sentiments enfouis, tout comme il transmet des indices sur les \u00e9motions de nos interlocuteurs. Ce langage corporel constitue un outil pr\u00e9cieux pour comprendre soi-m\u00eame et les autres, en \u00e9tant bas\u00e9 sur une symbolique sp\u00e9cifique. Par exemple, le dos peut symboliser l&rsquo;\u00e9quilibre \u00e9motionnel, le nez le savoir-faire, et les pieds ainsi que les lobes des oreilles peuvent exprimer la sensualit\u00e9. D\u00e9coder ce langage du corps permet de comprendre des signaux non verbaux, r\u00e9v\u00e9lant des ambivalences, des craintes ou des \u00e9motions sinc\u00e8res. Ces informations sont pr\u00e9cieuses pour persuader, s&rsquo;ajuster et r\u00e9ussir dans les domaines personnels et professionnels.<\/p>\n","protected":false},"excerpt":{"rendered":"<p>Le langage corporel r\u00e9v\u00e8le \u00e9motions cach\u00e9es, cl\u00e9s pour comprendre, r\u00e9ussir personnellement et professionnellement.<\/p>\n","protected":false},"featured_media":17181,"comment_status":"open","ping_status":"closed","template":"","meta":{"inline_featured_image":false},"product_cat":[204,91],"product_tag":[],"class_list":{"0":"post-17177","1":"product","2":"type-product","3":"status-publish","4":"has-post-thumbnail","6":"product_cat-francais","7":"product_cat-developpement","8":"pa_auteurs-joseph-messinger","10":"first","11":"instock","12":"shipping-taxable","13":"purchasable","14":"product-type-simple"},"_links":{"self":[{"href":"https:\/\/baralivres.ma\/index.php?rest_route=\/wp\/v2\/product\/17177","targetHints":{"allow":["GET"]}}],"collection":[{"href":"https:\/\/baralivres.ma\/index.php?rest_route=\/wp\/v2\/product"}],"about":[{"href":"https:\/\/baralivres.ma\/index.php?rest_route=\/wp\/v2\/types\/product"}],"replies":[{"embeddable":true,"href":"https:\/\/baralivres.ma\/index.php?rest_route=%2Fwp%2Fv2%2Fcomments&post=17177"}],"version-history":[{"count":1,"href":"https:\/\/baralivres.ma\/index.php?rest_route=\/wp\/v2\/product\/17177\/revisions"}],"predecessor-version":[{"id":17182,"href":"https:\/\/baralivres.ma\/index.php?rest_route=\/wp\/v2\/product\/17177\/revisions\/17182"}],"wp:featuredmedia":[{"embeddable":true,"href":"https:\/\/baralivres.ma\/index.php?rest_route=\/wp\/v2\/media\/17181"}],"wp:attachment":[{"href":"https:\/\/baralivres.ma\/index.php?rest_route=%2Fwp%2Fv2%2Fmedia&parent=17177"}],"wp:term":[{"taxonomy":"product_cat","embeddable":true,"href":"https:\/\/baralivres.ma\/index.php?rest_route=%2Fwp%2Fv2%2Fproduct_cat&post=17177"},{"taxonomy":"product_tag","embeddable":true,"href":"https:\/\/baralivres.ma\/index.php?rest_route=%2Fwp%2Fv2%2Fproduct_tag&post=17177"}],"curies":[{"name":"wp","href":"https:\/\/api.w.org\/{rel}","templated":true}]}}