{"id":17173,"date":"2023-11-01T13:11:03","date_gmt":"2023-11-01T12:11:03","guid":{"rendered":"https:\/\/baralivres.ma\/?post_type=product&#038;p=17173"},"modified":"2023-11-01T13:11:04","modified_gmt":"2023-11-01T12:11:04","slug":"reinventer-le-couple-au-21%e1%b5%89-siecle","status":"publish","type":"product","link":"https:\/\/baralivres.ma\/?product=reinventer-le-couple-au-21%e1%b5%89-siecle","title":{"rendered":"R\u00e9inventer le couple au 21\u1d49 si\u00e8cle"},"content":{"rendered":"<p>De nos jours, la fr\u00e9quence croissante des divorces est souvent interpr\u00e9t\u00e9e comme un indicateur d&rsquo;\u00e9chec dans les relations conjugales. Pourtant, le d\u00e9sir d&rsquo;amour n&rsquo;a jamais \u00e9t\u00e9 aussi pr\u00e9gnant. Les \u00e9volutions depuis le si\u00e8cle dernier ont consid\u00e9rablement transform\u00e9 notre monde. Les mod\u00e8les traditionnels, transmis par nos parents, ne suffisent plus \u00e0 r\u00e9pondre \u00e0 des attentes amoureuses de plus en plus diverses. Il devient imp\u00e9ratif de repenser et de r\u00e9inventer la dynamique des relations amoureuses.<\/p>\n<p>John Gray, \u00e0 travers ses enseignements, promeut davantage un art de vivre que simplement une m\u00e9thode. Ses conseils ont d\u00e9j\u00e0 b\u00e9n\u00e9fici\u00e9 \u00e0 des millions de personnes \u00e0 travers le monde. En suivant ses explications et recommandations, il est possible de transformer votre relation de couple en un espace d&rsquo;\u00e9panouissement \u00e0 long terme pour chacun des partenaires.<\/p>\n","protected":false},"excerpt":{"rendered":"<p>R\u00e9inventer l&rsquo;amour: John Gray propose un art de vivre pour des relations durables et \u00e9panouissantes.<\/p>\n","protected":false},"featured_media":17175,"comment_status":"open","ping_status":"closed","template":"","meta":{"inline_featured_image":false},"product_cat":[204,91],"product_tag":[],"class_list":{"0":"post-17173","1":"product","2":"type-product","3":"status-publish","4":"has-post-thumbnail","6":"product_cat-francais","7":"product_cat-developpement","8":"pa_auteurs-john-gray","10":"first","11":"instock","12":"shipping-taxable","13":"purchasable","14":"product-type-simple"},"_links":{"self":[{"href":"https:\/\/baralivres.ma\/index.php?rest_route=\/wp\/v2\/product\/17173","targetHints":{"allow":["GET"]}}],"collection":[{"href":"https:\/\/baralivres.ma\/index.php?rest_route=\/wp\/v2\/product"}],"about":[{"href":"https:\/\/baralivres.ma\/index.php?rest_route=\/wp\/v2\/types\/product"}],"replies":[{"embeddable":true,"href":"https:\/\/baralivres.ma\/index.php?rest_route=%2Fwp%2Fv2%2Fcomments&post=17173"}],"version-history":[{"count":1,"href":"https:\/\/baralivres.ma\/index.php?rest_route=\/wp\/v2\/product\/17173\/revisions"}],"predecessor-version":[{"id":17176,"href":"https:\/\/baralivres.ma\/index.php?rest_route=\/wp\/v2\/product\/17173\/revisions\/17176"}],"wp:featuredmedia":[{"embeddable":true,"href":"https:\/\/baralivres.ma\/index.php?rest_route=\/wp\/v2\/media\/17175"}],"wp:attachment":[{"href":"https:\/\/baralivres.ma\/index.php?rest_route=%2Fwp%2Fv2%2Fmedia&parent=17173"}],"wp:term":[{"taxonomy":"product_cat","embeddable":true,"href":"https:\/\/baralivres.ma\/index.php?rest_route=%2Fwp%2Fv2%2Fproduct_cat&post=17173"},{"taxonomy":"product_tag","embeddable":true,"href":"https:\/\/baralivres.ma\/index.php?rest_route=%2Fwp%2Fv2%2Fproduct_tag&post=17173"}],"curies":[{"name":"wp","href":"https:\/\/api.w.org\/{rel}","templated":true}]}}