{"id":17170,"date":"2023-11-01T13:11:16","date_gmt":"2023-11-01T12:11:16","guid":{"rendered":"https:\/\/baralivres.ma\/?post_type=product&#038;p=17170"},"modified":"2023-11-01T13:11:16","modified_gmt":"2023-11-01T12:11:16","slug":"le-pouvoir-de-lengagement","status":"publish","type":"product","link":"https:\/\/baralivres.ma\/?product=le-pouvoir-de-lengagement","title":{"rendered":"Le pouvoir de l&rsquo;engagement"},"content":{"rendered":"<p>\u00ab \u00c0 mon sens, l&rsquo;engagement est intimement li\u00e9 \u00e0 l&rsquo;\u00e9panouissement personnel et \u00e0 la confiance au sein d&rsquo;une \u00e9quipe. Que ce soit dans des situations cruciales, comme lors des missions du GIGN visant \u00e0 sauver des vies, ou dans la r\u00e9alisation de projets professionnels ou personnels, l&rsquo;engagement agit comme un puissant catalyseur pour passer \u00e0 l&rsquo;action. \u00bb Lorsque l&rsquo;on applique les principes du GIGN \u00e0 la vie quotidienne, Franck Pierrot tire parti de sa propre exp\u00e9rience en tant que chef de groupe pour proposer une nouvelle perspective sur l&rsquo;engagement, que ce soit dans le cadre professionnel ou personnel, \u00e0 travers une m\u00e9thode articul\u00e9e autour de sept principes :<\/p>\n<ol>\n<li>Faire preuve de rigueur sans pour autant \u00eatre inflexible.<\/li>\n<li>Transformer ses objectifs en cons\u00e9quences logiques.<\/li>\n<li>Utiliser la peur comme un alli\u00e9.<\/li>\n<li>\u00c9viter que le doute ne s&rsquo;installe.<\/li>\n<li>Adapter le plan d&rsquo;action en fonction de la situation, au lieu de chercher \u00e0 l&rsquo;imposer.<\/li>\n<li>Reconna\u00eetre que l&rsquo;on peut aller plus vite seul, mais plus loin ensemble.<\/li>\n<li>Se rappeler que ceux qui osent sont ceux qui gagnent.<\/li>\n<\/ol>\n","protected":false},"excerpt":{"rendered":"<p>L&rsquo;engagement, cl\u00e9 de l&rsquo;\u00e9panouissement, selon Franck Pierrot, se r\u00e9v\u00e8le \u00e0 travers sept principes, adapt\u00e9s \u00e0 la vie quotidienne.<\/p>\n","protected":false},"featured_media":17174,"comment_status":"open","ping_status":"closed","template":"","meta":{"inline_featured_image":false},"product_cat":[204,91],"product_tag":[],"class_list":{"0":"post-17170","1":"product","2":"type-product","3":"status-publish","4":"has-post-thumbnail","6":"product_cat-francais","7":"product_cat-developpement","8":"pa_auteurs-franck-pierrot","10":"first","11":"instock","12":"shipping-taxable","13":"purchasable","14":"product-type-simple"},"_links":{"self":[{"href":"https:\/\/baralivres.ma\/index.php?rest_route=\/wp\/v2\/product\/17170","targetHints":{"allow":["GET"]}}],"collection":[{"href":"https:\/\/baralivres.ma\/index.php?rest_route=\/wp\/v2\/product"}],"about":[{"href":"https:\/\/baralivres.ma\/index.php?rest_route=\/wp\/v2\/types\/product"}],"replies":[{"embeddable":true,"href":"https:\/\/baralivres.ma\/index.php?rest_route=%2Fwp%2Fv2%2Fcomments&post=17170"}],"version-history":[{"count":1,"href":"https:\/\/baralivres.ma\/index.php?rest_route=\/wp\/v2\/product\/17170\/revisions"}],"predecessor-version":[{"id":17178,"href":"https:\/\/baralivres.ma\/index.php?rest_route=\/wp\/v2\/product\/17170\/revisions\/17178"}],"wp:featuredmedia":[{"embeddable":true,"href":"https:\/\/baralivres.ma\/index.php?rest_route=\/wp\/v2\/media\/17174"}],"wp:attachment":[{"href":"https:\/\/baralivres.ma\/index.php?rest_route=%2Fwp%2Fv2%2Fmedia&parent=17170"}],"wp:term":[{"taxonomy":"product_cat","embeddable":true,"href":"https:\/\/baralivres.ma\/index.php?rest_route=%2Fwp%2Fv2%2Fproduct_cat&post=17170"},{"taxonomy":"product_tag","embeddable":true,"href":"https:\/\/baralivres.ma\/index.php?rest_route=%2Fwp%2Fv2%2Fproduct_tag&post=17170"}],"curies":[{"name":"wp","href":"https:\/\/api.w.org\/{rel}","templated":true}]}}