{"id":17169,"date":"2023-11-01T13:08:28","date_gmt":"2023-11-01T12:08:28","guid":{"rendered":"https:\/\/baralivres.ma\/?post_type=product&#038;p=17169"},"modified":"2023-11-01T13:08:29","modified_gmt":"2023-11-01T12:08:29","slug":"parler-en-public","status":"publish","type":"product","link":"https:\/\/baralivres.ma\/?product=parler-en-public","title":{"rendered":"Parler en public"},"content":{"rendered":"<p>Les conf\u00e9rences TED sont universellement reconnues pour leur caract\u00e8re bref, impactant et \u00e9motionnel, red\u00e9finissant ainsi la mani\u00e8re de s&rsquo;exprimer en public. Une intervention r\u00e9ussie peut captiver, \u00e9mouvoir et inspirer, favorisant ainsi la propagation des id\u00e9es pour changer le monde.<\/p>\n<p>Le guide \u00e9labor\u00e9 par l&rsquo;\u00e9quipe TED d\u00e9voile les secrets d&rsquo;une prise de parole efficace, allant de la pr\u00e9paration du discours \u00e0 l&rsquo;entr\u00e9e sur sc\u00e8ne. Il aborde des aspects tels que l&rsquo;introduction percutante, la gestion des notes, le choix vestimentaire, la structure du support visuel, la cr\u00e9ation de surprise, la transmission de l&rsquo;enthousiasme et la transformation du trac en atout. Chaque conseil est \u00e9tay\u00e9 par les t\u00e9moignages de conf\u00e9renciers ayant b\u00e9n\u00e9fici\u00e9 du coaching TED. Qu&rsquo;ils soient des personnalit\u00e9s reconnues dans leur domaine ou des individus devenus c\u00e9l\u00e8bres apr\u00e8s leur intervention, tous soulignent l&rsquo;impact transformateur de cette exp\u00e9rience sur leur vie. \u00c0 vous de jouer d\u00e9sormais !<\/p>\n","protected":false},"excerpt":{"rendered":"<p>Guide TED : prise de parole impactante, pr\u00e9paration, t\u00e9moignages, transformation personnelle, changement du monde.<\/p>\n","protected":false},"featured_media":17171,"comment_status":"open","ping_status":"closed","template":"","meta":{"inline_featured_image":false},"product_cat":[204,91],"product_tag":[],"class_list":{"0":"post-17169","1":"product","2":"type-product","3":"status-publish","4":"has-post-thumbnail","6":"product_cat-francais","7":"product_cat-developpement","8":"pa_auteurs-chris-anderson","10":"first","11":"instock","12":"shipping-taxable","13":"purchasable","14":"product-type-simple"},"_links":{"self":[{"href":"https:\/\/baralivres.ma\/index.php?rest_route=\/wp\/v2\/product\/17169","targetHints":{"allow":["GET"]}}],"collection":[{"href":"https:\/\/baralivres.ma\/index.php?rest_route=\/wp\/v2\/product"}],"about":[{"href":"https:\/\/baralivres.ma\/index.php?rest_route=\/wp\/v2\/types\/product"}],"replies":[{"embeddable":true,"href":"https:\/\/baralivres.ma\/index.php?rest_route=%2Fwp%2Fv2%2Fcomments&post=17169"}],"version-history":[{"count":1,"href":"https:\/\/baralivres.ma\/index.php?rest_route=\/wp\/v2\/product\/17169\/revisions"}],"predecessor-version":[{"id":17172,"href":"https:\/\/baralivres.ma\/index.php?rest_route=\/wp\/v2\/product\/17169\/revisions\/17172"}],"wp:featuredmedia":[{"embeddable":true,"href":"https:\/\/baralivres.ma\/index.php?rest_route=\/wp\/v2\/media\/17171"}],"wp:attachment":[{"href":"https:\/\/baralivres.ma\/index.php?rest_route=%2Fwp%2Fv2%2Fmedia&parent=17169"}],"wp:term":[{"taxonomy":"product_cat","embeddable":true,"href":"https:\/\/baralivres.ma\/index.php?rest_route=%2Fwp%2Fv2%2Fproduct_cat&post=17169"},{"taxonomy":"product_tag","embeddable":true,"href":"https:\/\/baralivres.ma\/index.php?rest_route=%2Fwp%2Fv2%2Fproduct_tag&post=17169"}],"curies":[{"name":"wp","href":"https:\/\/api.w.org\/{rel}","templated":true}]}}