{"id":17160,"date":"2023-11-01T13:02:53","date_gmt":"2023-11-01T12:02:53","guid":{"rendered":"https:\/\/baralivres.ma\/?post_type=product&#038;p=17160"},"modified":"2023-11-01T13:02:54","modified_gmt":"2023-11-01T12:02:54","slug":"guerir-de-ses-blessures-affectives","status":"publish","type":"product","link":"https:\/\/baralivres.ma\/?product=guerir-de-ses-blessures-affectives","title":{"rendered":"Gu\u00e9rir de ses blessures affectives"},"content":{"rendered":"<p>Dans nos interactions humaines, qu&rsquo;elles soient intimes, familiales, amicales ou professionnelles, il est fr\u00e9quent de reproduire inconsciemment des sch\u00e9mas comportementaux pr\u00e9judiciables. Comprendre l&rsquo;origine de notre col\u00e8re, renouer le dialogue et trouver la paix avec ceux qui nous ont bless\u00e9s constitue un d\u00e9fi. De m\u00eame, apaiser la col\u00e8re d&rsquo;une personne que l&rsquo;on a bless\u00e9e est une t\u00e2che complexe. John Gray, l&rsquo;auteur renomm\u00e9 de \u00ab\u00a0Les Hommes viennent de Mars, les femmes viennent de V\u00e9nus\u00a0\u00bb, aborde ces questionnements pour nous aider \u00e0 trouver des r\u00e9ponses.<\/p>\n","protected":false},"excerpt":{"rendered":"<p>Comprendre nos sch\u00e9mas relationnels, g\u00e9rer la col\u00e8re et apaiser les blessures avec bienveillance.<\/p>\n","protected":false},"featured_media":17163,"comment_status":"open","ping_status":"closed","template":"","meta":{"inline_featured_image":false},"product_cat":[204,91],"product_tag":[],"class_list":{"0":"post-17160","1":"product","2":"type-product","3":"status-publish","4":"has-post-thumbnail","6":"product_cat-francais","7":"product_cat-developpement","8":"pa_auteurs-john-gray","10":"first","11":"instock","12":"shipping-taxable","13":"purchasable","14":"product-type-simple"},"_links":{"self":[{"href":"https:\/\/baralivres.ma\/index.php?rest_route=\/wp\/v2\/product\/17160","targetHints":{"allow":["GET"]}}],"collection":[{"href":"https:\/\/baralivres.ma\/index.php?rest_route=\/wp\/v2\/product"}],"about":[{"href":"https:\/\/baralivres.ma\/index.php?rest_route=\/wp\/v2\/types\/product"}],"replies":[{"embeddable":true,"href":"https:\/\/baralivres.ma\/index.php?rest_route=%2Fwp%2Fv2%2Fcomments&post=17160"}],"version-history":[{"count":1,"href":"https:\/\/baralivres.ma\/index.php?rest_route=\/wp\/v2\/product\/17160\/revisions"}],"predecessor-version":[{"id":17164,"href":"https:\/\/baralivres.ma\/index.php?rest_route=\/wp\/v2\/product\/17160\/revisions\/17164"}],"wp:featuredmedia":[{"embeddable":true,"href":"https:\/\/baralivres.ma\/index.php?rest_route=\/wp\/v2\/media\/17163"}],"wp:attachment":[{"href":"https:\/\/baralivres.ma\/index.php?rest_route=%2Fwp%2Fv2%2Fmedia&parent=17160"}],"wp:term":[{"taxonomy":"product_cat","embeddable":true,"href":"https:\/\/baralivres.ma\/index.php?rest_route=%2Fwp%2Fv2%2Fproduct_cat&post=17160"},{"taxonomy":"product_tag","embeddable":true,"href":"https:\/\/baralivres.ma\/index.php?rest_route=%2Fwp%2Fv2%2Fproduct_tag&post=17160"}],"curies":[{"name":"wp","href":"https:\/\/api.w.org\/{rel}","templated":true}]}}