{"id":17157,"date":"2023-11-01T13:01:48","date_gmt":"2023-11-01T12:01:48","guid":{"rendered":"https:\/\/baralivres.ma\/?post_type=product&#038;p=17157"},"modified":"2023-11-01T13:01:49","modified_gmt":"2023-11-01T12:01:49","slug":"lecons-de-leadership-creatif","status":"publish","type":"product","link":"https:\/\/baralivres.ma\/?product=lecons-de-leadership-creatif","title":{"rendered":"Le\u00e7ons de leadership cr\u00e9atif"},"content":{"rendered":"<p>Robert Iger, qui a \u00e9t\u00e9 PDG de Disney de 2005 \u00e0 2020, partage ses pr\u00e9cieuses le\u00e7ons de leadership et de succ\u00e8s dans cet ouvrage. Face \u00e0 une concurrence acharn\u00e9e et des bouleversements technologiques, Iger a \u00e9labor\u00e9 une strat\u00e9gie ax\u00e9e sur la qualit\u00e9 du travail, l&rsquo;adoption de la technologie et l&rsquo;expansion mondiale de la marque Disney. Ses r\u00e9flexions et principes, qui ont guid\u00e9 l&rsquo;entreprise pendant ces quinze ann\u00e9es, ont abouti \u00e0 faire de Disney le plus grand groupe audiovisuel au monde. Cet ouvrage offre un aper\u00e7u de la vision et des strat\u00e9gies qui ont propuls\u00e9 Disney vers le sommet de l&rsquo;industrie du divertissement.<\/p>\n","protected":false},"excerpt":{"rendered":"<p>Robert Iger, PDG de Disney de 2005 \u00e0 2020, partage ses le\u00e7ons de leadership et de succ\u00e8s.<\/p>\n","protected":false},"featured_media":17161,"comment_status":"open","ping_status":"closed","template":"","meta":{"inline_featured_image":false},"product_cat":[204,91],"product_tag":[],"class_list":{"0":"post-17157","1":"product","2":"type-product","3":"status-publish","4":"has-post-thumbnail","6":"product_cat-francais","7":"product_cat-developpement","8":"pa_auteurs-robert-iger","10":"first","11":"instock","12":"shipping-taxable","13":"purchasable","14":"product-type-simple"},"_links":{"self":[{"href":"https:\/\/baralivres.ma\/index.php?rest_route=\/wp\/v2\/product\/17157","targetHints":{"allow":["GET"]}}],"collection":[{"href":"https:\/\/baralivres.ma\/index.php?rest_route=\/wp\/v2\/product"}],"about":[{"href":"https:\/\/baralivres.ma\/index.php?rest_route=\/wp\/v2\/types\/product"}],"replies":[{"embeddable":true,"href":"https:\/\/baralivres.ma\/index.php?rest_route=%2Fwp%2Fv2%2Fcomments&post=17157"}],"version-history":[{"count":1,"href":"https:\/\/baralivres.ma\/index.php?rest_route=\/wp\/v2\/product\/17157\/revisions"}],"predecessor-version":[{"id":17162,"href":"https:\/\/baralivres.ma\/index.php?rest_route=\/wp\/v2\/product\/17157\/revisions\/17162"}],"wp:featuredmedia":[{"embeddable":true,"href":"https:\/\/baralivres.ma\/index.php?rest_route=\/wp\/v2\/media\/17161"}],"wp:attachment":[{"href":"https:\/\/baralivres.ma\/index.php?rest_route=%2Fwp%2Fv2%2Fmedia&parent=17157"}],"wp:term":[{"taxonomy":"product_cat","embeddable":true,"href":"https:\/\/baralivres.ma\/index.php?rest_route=%2Fwp%2Fv2%2Fproduct_cat&post=17157"},{"taxonomy":"product_tag","embeddable":true,"href":"https:\/\/baralivres.ma\/index.php?rest_route=%2Fwp%2Fv2%2Fproduct_tag&post=17157"}],"curies":[{"name":"wp","href":"https:\/\/api.w.org\/{rel}","templated":true}]}}