{"id":17154,"date":"2023-11-01T13:00:34","date_gmt":"2023-11-01T12:00:34","guid":{"rendered":"https:\/\/baralivres.ma\/?post_type=product&#038;p=17154"},"modified":"2023-11-01T13:00:35","modified_gmt":"2023-11-01T12:00:35","slug":"lintelligence-emotionnelle-2","status":"publish","type":"product","link":"https:\/\/baralivres.ma\/?product=lintelligence-emotionnelle-2","title":{"rendered":"L&rsquo;intelligence \u00e9motionnelle"},"content":{"rendered":"<p>Apr\u00e8s le succ\u00e8s de son premier best-seller, Daniel Goleman se concentre sur les v\u00e9ritables d\u00e9terminants du succ\u00e8s en milieu professionnel. Il met en lumi\u00e8re le fait que la r\u00e9ussite ne d\u00e9pend pas du QI, des dipl\u00f4mes ou des comp\u00e9tences techniques, mais plut\u00f4t de nos aptitudes \u00e9motionnelles. Goleman guide les lecteurs pour am\u00e9liorer leurs comp\u00e9tences personnelles, telles que la ma\u00eetrise de soi, la motivation et l&rsquo;int\u00e9grit\u00e9, ainsi que leurs comp\u00e9tences sociales, notamment la capacit\u00e9 \u00e0 communiquer, \u00e0 s&rsquo;adapter et \u00e0 influencer les autres. Son objectif est de nous apprendre \u00e0 g\u00e9rer nos \u00e9motions au travail, favorisant ainsi notre \u00e9panouissement total dans notre vie professionnelle.<\/p>\n","protected":false},"excerpt":{"rendered":"<p>Goleman explore l&rsquo;importance des comp\u00e9tences \u00e9motionnelles pour r\u00e9ussir professionnellement et s&rsquo;\u00e9panouir pleinement.<\/p>\n","protected":false},"featured_media":17158,"comment_status":"open","ping_status":"closed","template":"","meta":{"inline_featured_image":false},"product_cat":[204,91],"product_tag":[],"class_list":{"0":"post-17154","1":"product","2":"type-product","3":"status-publish","4":"has-post-thumbnail","6":"product_cat-francais","7":"product_cat-developpement","8":"pa_auteurs-daniel-goleman","10":"first","11":"instock","12":"shipping-taxable","13":"purchasable","14":"product-type-simple"},"_links":{"self":[{"href":"https:\/\/baralivres.ma\/index.php?rest_route=\/wp\/v2\/product\/17154","targetHints":{"allow":["GET"]}}],"collection":[{"href":"https:\/\/baralivres.ma\/index.php?rest_route=\/wp\/v2\/product"}],"about":[{"href":"https:\/\/baralivres.ma\/index.php?rest_route=\/wp\/v2\/types\/product"}],"replies":[{"embeddable":true,"href":"https:\/\/baralivres.ma\/index.php?rest_route=%2Fwp%2Fv2%2Fcomments&post=17154"}],"version-history":[{"count":1,"href":"https:\/\/baralivres.ma\/index.php?rest_route=\/wp\/v2\/product\/17154\/revisions"}],"predecessor-version":[{"id":17159,"href":"https:\/\/baralivres.ma\/index.php?rest_route=\/wp\/v2\/product\/17154\/revisions\/17159"}],"wp:featuredmedia":[{"embeddable":true,"href":"https:\/\/baralivres.ma\/index.php?rest_route=\/wp\/v2\/media\/17158"}],"wp:attachment":[{"href":"https:\/\/baralivres.ma\/index.php?rest_route=%2Fwp%2Fv2%2Fmedia&parent=17154"}],"wp:term":[{"taxonomy":"product_cat","embeddable":true,"href":"https:\/\/baralivres.ma\/index.php?rest_route=%2Fwp%2Fv2%2Fproduct_cat&post=17154"},{"taxonomy":"product_tag","embeddable":true,"href":"https:\/\/baralivres.ma\/index.php?rest_route=%2Fwp%2Fv2%2Fproduct_tag&post=17154"}],"curies":[{"name":"wp","href":"https:\/\/api.w.org\/{rel}","templated":true}]}}