{"id":17151,"date":"2023-11-01T12:58:04","date_gmt":"2023-11-01T11:58:04","guid":{"rendered":"https:\/\/baralivres.ma\/?post_type=product&#038;p=17151"},"modified":"2024-03-14T13:51:42","modified_gmt":"2024-03-14T12:51:42","slug":"lintelligence-emotionnelle","status":"publish","type":"product","link":"https:\/\/baralivres.ma\/?product=lintelligence-emotionnelle","title":{"rendered":"L&rsquo;intelligence \u00e9motionnelle"},"content":{"rendered":"<p>La conception classique de l&rsquo;intelligence souvent n\u00e9glige un aspect crucial du comportement humain : les r\u00e9ponses \u00e9motionnelles. Au-del\u00e0 du QI, il existe une forme d&rsquo;intelligence distincte : l&rsquo;intelligence \u00e9motionnelle, qui peut \u00eatre cultiv\u00e9e et renforc\u00e9e d\u00e8s l&rsquo;enfance. Ignorer nos \u00e9motions peut provoquer un d\u00e9s\u00e9quilibre global, tandis que la ma\u00eetrise de soi, la motivation et le respect envers autrui sont des qualit\u00e9s essentielles pour le succ\u00e8s. Daniel Goleman nous encourage \u00e0 embrasser nos \u00e9motions afin de cultiver une intelligence nouvelle et enrichie.<\/p>\n","protected":false},"excerpt":{"rendered":"<p>\u00c9motions n\u00e9glig\u00e9es dans l&rsquo;intelligence traditionnelle, essentielles pour r\u00e9ussir\u200f, selon Daniel Goleman.<\/p>\n","protected":false},"featured_media":17152,"comment_status":"open","ping_status":"closed","template":"","meta":{"inline_featured_image":false},"product_cat":[204,3676,91],"product_tag":[],"class_list":{"0":"post-17151","1":"product","2":"type-product","3":"status-publish","4":"has-post-thumbnail","6":"product_cat-francais","7":"product_cat-les-livres-pour-communication","8":"product_cat-developpement","9":"pa_auteurs-daniel-goleman","11":"first","12":"instock","13":"shipping-taxable","14":"purchasable","15":"product-type-simple"},"_links":{"self":[{"href":"https:\/\/baralivres.ma\/index.php?rest_route=\/wp\/v2\/product\/17151","targetHints":{"allow":["GET"]}}],"collection":[{"href":"https:\/\/baralivres.ma\/index.php?rest_route=\/wp\/v2\/product"}],"about":[{"href":"https:\/\/baralivres.ma\/index.php?rest_route=\/wp\/v2\/types\/product"}],"replies":[{"embeddable":true,"href":"https:\/\/baralivres.ma\/index.php?rest_route=%2Fwp%2Fv2%2Fcomments&post=17151"}],"version-history":[{"count":1,"href":"https:\/\/baralivres.ma\/index.php?rest_route=\/wp\/v2\/product\/17151\/revisions"}],"predecessor-version":[{"id":17153,"href":"https:\/\/baralivres.ma\/index.php?rest_route=\/wp\/v2\/product\/17151\/revisions\/17153"}],"wp:featuredmedia":[{"embeddable":true,"href":"https:\/\/baralivres.ma\/index.php?rest_route=\/wp\/v2\/media\/17152"}],"wp:attachment":[{"href":"https:\/\/baralivres.ma\/index.php?rest_route=%2Fwp%2Fv2%2Fmedia&parent=17151"}],"wp:term":[{"taxonomy":"product_cat","embeddable":true,"href":"https:\/\/baralivres.ma\/index.php?rest_route=%2Fwp%2Fv2%2Fproduct_cat&post=17151"},{"taxonomy":"product_tag","embeddable":true,"href":"https:\/\/baralivres.ma\/index.php?rest_route=%2Fwp%2Fv2%2Fproduct_tag&post=17151"}],"curies":[{"name":"wp","href":"https:\/\/api.w.org\/{rel}","templated":true}]}}