{"id":17147,"date":"2023-11-01T12:55:43","date_gmt":"2023-11-01T11:55:43","guid":{"rendered":"https:\/\/baralivres.ma\/?post_type=product&#038;p=17147"},"modified":"2023-11-01T12:55:44","modified_gmt":"2023-11-01T11:55:44","slug":"lintelligence-emotionnelle-i-ii","status":"publish","type":"product","link":"https:\/\/baralivres.ma\/?product=lintelligence-emotionnelle-i-ii","title":{"rendered":"L&rsquo;intelligence \u00e9motionnelle I, II"},"content":{"rendered":"<p>Comprendre et r\u00e9guler ses propres \u00e9motions ainsi que celles des autres est crucial. Le quotient intellectuel (QI) ne repr\u00e9sente pas l&rsquo;intelligence dans sa totalit\u00e9 car il omet un aspect essentiel du comportement humain : les r\u00e9ponses \u00e9motionnelles. Une forme alternative d&rsquo;intelligence r\u00e9side dans la capacit\u00e9 \u00e0 reconna\u00eetre, g\u00e9rer et exprimer ses propres sentiments et comprendre ceux d&rsquo;autrui. Cette aptitude affecte notre ma\u00eetrise de soi, notre motivation, notre authenticit\u00e9, et grandement nos interactions sociales, tant personnelles que professionnelles. Elle facilite la communication et la compr\u00e9hension de notre environnement social. Selon Daniel Goleman, l&rsquo;intelligence \u00e9motionnelle est un pr\u00e9dicteur cl\u00e9 du succ\u00e8s et de l&rsquo;\u00e9panouissement. En acceptant nos \u00e9motions, nous favorisons le d\u00e9veloppement de nos comp\u00e9tences et de nos talents.<\/p>\n","protected":false},"excerpt":{"rendered":"<p>Comprendre, g\u00e9rer \u00e9motions propres et d&rsquo;autrui, cl\u00e9 succ\u00e8s, relations, selon Daniel Goleman.<\/p>\n","protected":false},"featured_media":17149,"comment_status":"open","ping_status":"closed","template":"","meta":{"inline_featured_image":false},"product_cat":[204,91],"product_tag":[],"class_list":{"0":"post-17147","1":"product","2":"type-product","3":"status-publish","4":"has-post-thumbnail","6":"product_cat-francais","7":"product_cat-developpement","8":"pa_auteurs-daniel-goleman","10":"first","11":"instock","12":"shipping-taxable","13":"purchasable","14":"product-type-simple"},"_links":{"self":[{"href":"https:\/\/baralivres.ma\/index.php?rest_route=\/wp\/v2\/product\/17147","targetHints":{"allow":["GET"]}}],"collection":[{"href":"https:\/\/baralivres.ma\/index.php?rest_route=\/wp\/v2\/product"}],"about":[{"href":"https:\/\/baralivres.ma\/index.php?rest_route=\/wp\/v2\/types\/product"}],"replies":[{"embeddable":true,"href":"https:\/\/baralivres.ma\/index.php?rest_route=%2Fwp%2Fv2%2Fcomments&post=17147"}],"version-history":[{"count":1,"href":"https:\/\/baralivres.ma\/index.php?rest_route=\/wp\/v2\/product\/17147\/revisions"}],"predecessor-version":[{"id":17150,"href":"https:\/\/baralivres.ma\/index.php?rest_route=\/wp\/v2\/product\/17147\/revisions\/17150"}],"wp:featuredmedia":[{"embeddable":true,"href":"https:\/\/baralivres.ma\/index.php?rest_route=\/wp\/v2\/media\/17149"}],"wp:attachment":[{"href":"https:\/\/baralivres.ma\/index.php?rest_route=%2Fwp%2Fv2%2Fmedia&parent=17147"}],"wp:term":[{"taxonomy":"product_cat","embeddable":true,"href":"https:\/\/baralivres.ma\/index.php?rest_route=%2Fwp%2Fv2%2Fproduct_cat&post=17147"},{"taxonomy":"product_tag","embeddable":true,"href":"https:\/\/baralivres.ma\/index.php?rest_route=%2Fwp%2Fv2%2Fproduct_tag&post=17147"}],"curies":[{"name":"wp","href":"https:\/\/api.w.org\/{rel}","templated":true}]}}