{"id":17142,"date":"2023-11-01T12:52:51","date_gmt":"2023-11-01T11:52:51","guid":{"rendered":"https:\/\/baralivres.ma\/?post_type=product&#038;p=17142"},"modified":"2024-03-13T15:39:17","modified_gmt":"2024-03-13T14:39:17","slug":"mettre-en-pratique-le-pouvoir-du-moment-present","status":"publish","type":"product","link":"https:\/\/baralivres.ma\/?product=mettre-en-pratique-le-pouvoir-du-moment-present","title":{"rendered":"Mettre en pratique le pouvoir du moment pr\u00e9sent"},"content":{"rendered":"<p>Le livre \u00ab\u00a0Le Pouvoir du Moment Pr\u00e9sent\u00a0\u00bb a \u00e9t\u00e9 un guide pour un grand nombre de personnes, les aidant \u00e0 \u00e9chapper aux pens\u00e9es n\u00e9gatives et \u00e0 mener une vie plus apais\u00e9e. En mettant en \u0153uvre ses enseignements, on d\u00e9couvre des exercices et des m\u00e9ditations essentiels qui nous \u00e9loignent des sch\u00e9mas de souffrance, de peur et de jugement. Ce livre compagnon propose des pratiques pour devenir un observateur de nos pens\u00e9es, apaiser notre esprit et \u00eatre pleinement pr\u00e9sent dans notre corps. En cultivant cette conscience du moment pr\u00e9sent, l&rsquo;acc\u00e8s \u00e0 l&rsquo;amour, \u00e0 la beaut\u00e9 et \u00e0 la joie devient une source lib\u00e9ratrice.<\/p>\n","protected":false},"excerpt":{"rendered":"<p>Guide lib\u00e9rateur de m\u00e9ditations pour vivre l&rsquo;instant pr\u00e9sent et trouver paix int\u00e9rieure et joie.<\/p>\n","protected":false},"featured_media":17145,"comment_status":"open","ping_status":"closed","template":"","meta":{"inline_featured_image":false},"product_cat":[3674,204,91],"product_tag":[],"class_list":{"0":"post-17142","1":"product","2":"type-product","3":"status-publish","4":"has-post-thumbnail","6":"product_cat-best-s","7":"product_cat-francais","8":"product_cat-developpement","9":"pa_auteurs-eckhart-tolle","11":"first","12":"instock","13":"shipping-taxable","14":"purchasable","15":"product-type-simple"},"_links":{"self":[{"href":"https:\/\/baralivres.ma\/index.php?rest_route=\/wp\/v2\/product\/17142","targetHints":{"allow":["GET"]}}],"collection":[{"href":"https:\/\/baralivres.ma\/index.php?rest_route=\/wp\/v2\/product"}],"about":[{"href":"https:\/\/baralivres.ma\/index.php?rest_route=\/wp\/v2\/types\/product"}],"replies":[{"embeddable":true,"href":"https:\/\/baralivres.ma\/index.php?rest_route=%2Fwp%2Fv2%2Fcomments&post=17142"}],"version-history":[{"count":1,"href":"https:\/\/baralivres.ma\/index.php?rest_route=\/wp\/v2\/product\/17142\/revisions"}],"predecessor-version":[{"id":17146,"href":"https:\/\/baralivres.ma\/index.php?rest_route=\/wp\/v2\/product\/17142\/revisions\/17146"}],"wp:featuredmedia":[{"embeddable":true,"href":"https:\/\/baralivres.ma\/index.php?rest_route=\/wp\/v2\/media\/17145"}],"wp:attachment":[{"href":"https:\/\/baralivres.ma\/index.php?rest_route=%2Fwp%2Fv2%2Fmedia&parent=17142"}],"wp:term":[{"taxonomy":"product_cat","embeddable":true,"href":"https:\/\/baralivres.ma\/index.php?rest_route=%2Fwp%2Fv2%2Fproduct_cat&post=17142"},{"taxonomy":"product_tag","embeddable":true,"href":"https:\/\/baralivres.ma\/index.php?rest_route=%2Fwp%2Fv2%2Fproduct_tag&post=17142"}],"curies":[{"name":"wp","href":"https:\/\/api.w.org\/{rel}","templated":true}]}}