{"id":17138,"date":"2023-11-01T12:52:27","date_gmt":"2023-11-01T11:52:27","guid":{"rendered":"https:\/\/baralivres.ma\/?post_type=product&#038;p=17138"},"modified":"2023-11-01T12:52:27","modified_gmt":"2023-11-01T11:52:27","slug":"survivre-dans-un-monde-incertain","status":"publish","type":"product","link":"https:\/\/baralivres.ma\/?product=survivre-dans-un-monde-incertain","title":{"rendered":"Survivre dans un monde incertain"},"content":{"rendered":"<p>L&rsquo;humanit\u00e9 est confront\u00e9e \u00e0 des d\u00e9fis mondiaux majeurs, tels que le changement climatique, les migrations massives, les nouvelles guerres, les pand\u00e9mies et le capitalisme autoritaire. Plut\u00f4t que de se d\u00e9courager face \u00e0 ces probl\u00e8mes, Tom Fletcher, diplomate et expert en \u00e9ducation et en affaires, pr\u00e9sente un manifeste pratique pour l&rsquo;action.<\/p>\n<p>S&rsquo;inspirant des t\u00e9moignages de personnalit\u00e9s de renom, notamment Barack Obama et Malala Yousafzai, Fletcher propose une voie \u00e0 suivre pour anticiper les menaces et les opportunit\u00e9s futures. Il encourage les individus et les collectivit\u00e9s \u00e0 se pr\u00e9parer aux changements \u00e0 venir.<\/p>\n<p>Ce manifeste combine un essai sur les enjeux mondiaux avec un manuel d&rsquo;action pratique. Il identifie dix comp\u00e9tences cl\u00e9s pour reprendre le contr\u00f4le de notre destin collectif. Il aborde des sujets tels que la r\u00e9silience individuelle, la recherche de sa mission personnelle, la coexistence harmonieuse et l&rsquo;adaptation \u00e0 la technologie.<\/p>\n","protected":false},"excerpt":{"rendered":"<p>L&rsquo;humanit\u00e9 fait face \u00e0 des crises mondiales majeures. Tom Fletcher propose un manifeste pratique pour agir. Inspir\u00e9 par des personnalit\u00e9s, il aborde les menaces et opportunit\u00e9s futures, encourageant le d\u00e9veloppement de comp\u00e9tences cl\u00e9s pour un meilleur avenir.<\/p>\n","protected":false},"featured_media":17143,"comment_status":"open","ping_status":"closed","template":"","meta":{"inline_featured_image":false},"product_cat":[204,91],"product_tag":[],"class_list":{"0":"post-17138","1":"product","2":"type-product","3":"status-publish","4":"has-post-thumbnail","6":"product_cat-francais","7":"product_cat-developpement","8":"pa_auteurs-richard-robert","10":"first","11":"instock","12":"shipping-taxable","13":"purchasable","14":"product-type-simple"},"_links":{"self":[{"href":"https:\/\/baralivres.ma\/index.php?rest_route=\/wp\/v2\/product\/17138","targetHints":{"allow":["GET"]}}],"collection":[{"href":"https:\/\/baralivres.ma\/index.php?rest_route=\/wp\/v2\/product"}],"about":[{"href":"https:\/\/baralivres.ma\/index.php?rest_route=\/wp\/v2\/types\/product"}],"replies":[{"embeddable":true,"href":"https:\/\/baralivres.ma\/index.php?rest_route=%2Fwp%2Fv2%2Fcomments&post=17138"}],"version-history":[{"count":1,"href":"https:\/\/baralivres.ma\/index.php?rest_route=\/wp\/v2\/product\/17138\/revisions"}],"predecessor-version":[{"id":17144,"href":"https:\/\/baralivres.ma\/index.php?rest_route=\/wp\/v2\/product\/17138\/revisions\/17144"}],"wp:featuredmedia":[{"embeddable":true,"href":"https:\/\/baralivres.ma\/index.php?rest_route=\/wp\/v2\/media\/17143"}],"wp:attachment":[{"href":"https:\/\/baralivres.ma\/index.php?rest_route=%2Fwp%2Fv2%2Fmedia&parent=17138"}],"wp:term":[{"taxonomy":"product_cat","embeddable":true,"href":"https:\/\/baralivres.ma\/index.php?rest_route=%2Fwp%2Fv2%2Fproduct_cat&post=17138"},{"taxonomy":"product_tag","embeddable":true,"href":"https:\/\/baralivres.ma\/index.php?rest_route=%2Fwp%2Fv2%2Fproduct_tag&post=17138"}],"curies":[{"name":"wp","href":"https:\/\/api.w.org\/{rel}","templated":true}]}}