{"id":17135,"date":"2023-11-01T12:49:35","date_gmt":"2023-11-01T11:49:35","guid":{"rendered":"https:\/\/baralivres.ma\/?post_type=product&#038;p=17135"},"modified":"2023-11-01T12:49:36","modified_gmt":"2023-11-01T11:49:36","slug":"le-chemin-vers-lunite","status":"publish","type":"product","link":"https:\/\/baralivres.ma\/?product=le-chemin-vers-lunite","title":{"rendered":"Le chemin vers l&rsquo;unit\u00e9"},"content":{"rendered":"<p>Apr\u00e8s le triomphe du livre \u00ab\u00a0Le pouvoir du moment pr\u00e9sent\u00a0\u00bb, Eckhart Tolle guide vers l&rsquo;unit\u00e9 en explorant une transformation profonde de la conscience. L&rsquo;\u00e9veil implique la prise de conscience de l&rsquo;ego, de nos liens avec les possessions, le pass\u00e9, nos perceptions sur notre identit\u00e9, nos convictions, \u00e9motions, relations amicales et m\u00eame nos oppositions. Ce livre constitue un guide essentiel pour plonger plus profond\u00e9ment dans l&rsquo;auto-d\u00e9couverte, pour devenir plus pr\u00e9sent, \u00e9chapper aux tourments de l&rsquo;esprit et des \u00e9motions, et apprendre \u00e0 savourer la vie avec une sensibilit\u00e9 accrue, lib\u00e9r\u00e9 de toute sensation de subordination. Un ouvrage profond pour explorer la v\u00e9ritable essence de notre force spirituelle et acc\u00e9der \u00e0 l&rsquo;\u00e9tat d&rsquo;\u00e9veil.<\/p>\n","protected":false},"excerpt":{"rendered":"<p>Guide vers conscience et \u00e9veil, lib\u00e9ration de l&rsquo;ego pour savourer vie avec pr\u00e9sence totale.<\/p>\n","protected":false},"featured_media":17140,"comment_status":"open","ping_status":"closed","template":"","meta":{"inline_featured_image":false},"product_cat":[204,91],"product_tag":[],"class_list":{"0":"post-17135","1":"product","2":"type-product","3":"status-publish","4":"has-post-thumbnail","6":"product_cat-francais","7":"product_cat-developpement","8":"pa_auteurs-eckhart-tolle","10":"first","11":"instock","12":"shipping-taxable","13":"purchasable","14":"product-type-simple"},"_links":{"self":[{"href":"https:\/\/baralivres.ma\/index.php?rest_route=\/wp\/v2\/product\/17135","targetHints":{"allow":["GET"]}}],"collection":[{"href":"https:\/\/baralivres.ma\/index.php?rest_route=\/wp\/v2\/product"}],"about":[{"href":"https:\/\/baralivres.ma\/index.php?rest_route=\/wp\/v2\/types\/product"}],"replies":[{"embeddable":true,"href":"https:\/\/baralivres.ma\/index.php?rest_route=%2Fwp%2Fv2%2Fcomments&post=17135"}],"version-history":[{"count":1,"href":"https:\/\/baralivres.ma\/index.php?rest_route=\/wp\/v2\/product\/17135\/revisions"}],"predecessor-version":[{"id":17139,"href":"https:\/\/baralivres.ma\/index.php?rest_route=\/wp\/v2\/product\/17135\/revisions\/17139"}],"wp:featuredmedia":[{"embeddable":true,"href":"https:\/\/baralivres.ma\/index.php?rest_route=\/wp\/v2\/media\/17140"}],"wp:attachment":[{"href":"https:\/\/baralivres.ma\/index.php?rest_route=%2Fwp%2Fv2%2Fmedia&parent=17135"}],"wp:term":[{"taxonomy":"product_cat","embeddable":true,"href":"https:\/\/baralivres.ma\/index.php?rest_route=%2Fwp%2Fv2%2Fproduct_cat&post=17135"},{"taxonomy":"product_tag","embeddable":true,"href":"https:\/\/baralivres.ma\/index.php?rest_route=%2Fwp%2Fv2%2Fproduct_tag&post=17135"}],"curies":[{"name":"wp","href":"https:\/\/api.w.org\/{rel}","templated":true}]}}