{"id":17128,"date":"2023-11-01T12:47:15","date_gmt":"2023-11-01T11:47:15","guid":{"rendered":"https:\/\/baralivres.ma\/?post_type=product&#038;p=17128"},"modified":"2023-11-01T12:47:16","modified_gmt":"2023-11-01T11:47:16","slug":"oser-etre-la-cheffe","status":"publish","type":"product","link":"https:\/\/baralivres.ma\/?product=oser-etre-la-cheffe","title":{"rendered":"Oser \u00eatre la cheffe"},"content":{"rendered":"<p>Cet ouvrage est con\u00e7u pour accompagner les femmes tout au long de leur carri\u00e8re, de la r\u00e9cente dipl\u00f4m\u00e9e aux professionnelles exp\u00e9riment\u00e9es. Il offre des conseils et des strat\u00e9gies pour les aider \u00e0 atteindre leurs objectifs professionnels tout en conciliant ambition et \u00e9panouissement.<\/p>\n<p>Le livre explore diff\u00e9rentes situations professionnelles, des entretiens d&#8217;embauche \u00e0 la cr\u00e9ation de r\u00e9seaux, en utilisant des t\u00e9moignages inspirants de femmes dirigeantes, des tests, des conseils pratiques, et des mises au point pour aider les lectrices \u00e0 d\u00e9velopper leur influence, \u00e0 rester concentr\u00e9es sur l&rsquo;essentiel, et \u00e0 g\u00e9rer leur \u00e9nergie et leur sant\u00e9 pour une r\u00e9ussite \u00e0 long terme.<\/p>\n<p>Cette nouvelle \u00e9dition enrichie comprend des chapitres sur le t\u00e9l\u00e9travail, le d\u00e9veloppement de l&rsquo;influence \u00e0 distance, la lutte contre le sexisme au travail, ainsi que des vid\u00e9os de coaching suppl\u00e9mentaires. L&rsquo;auteure, Val\u00e9rie Rocoplan, est la fondatrice de la soci\u00e9t\u00e9 de coaching Talentis, sp\u00e9cialis\u00e9e dans le soutien des carri\u00e8res au f\u00e9minin et la promotion de la mixit\u00e9 en entreprise. Elle a travaill\u00e9 avec de nombreuses grandes entreprises, dont Engie, Natixis, L&rsquo;Or\u00e9al et LVMH.<\/p>\n","protected":false},"excerpt":{"rendered":"<p>Guide pour femmes professionnelles \u00e0 r\u00e9ussir tout en \u00e9quilibrant ambition et \u00e9panouissement, avec conseils et t\u00e9moignages inspirants.<\/p>\n","protected":false},"featured_media":17136,"comment_status":"open","ping_status":"closed","template":"","meta":{"inline_featured_image":false},"product_cat":[204,91],"product_tag":[],"class_list":{"0":"post-17128","1":"product","2":"type-product","3":"status-publish","4":"has-post-thumbnail","6":"product_cat-francais","7":"product_cat-developpement","8":"pa_auteurs-valerie-rocoplan","10":"first","11":"instock","12":"shipping-taxable","13":"purchasable","14":"product-type-simple"},"_links":{"self":[{"href":"https:\/\/baralivres.ma\/index.php?rest_route=\/wp\/v2\/product\/17128","targetHints":{"allow":["GET"]}}],"collection":[{"href":"https:\/\/baralivres.ma\/index.php?rest_route=\/wp\/v2\/product"}],"about":[{"href":"https:\/\/baralivres.ma\/index.php?rest_route=\/wp\/v2\/types\/product"}],"replies":[{"embeddable":true,"href":"https:\/\/baralivres.ma\/index.php?rest_route=%2Fwp%2Fv2%2Fcomments&post=17128"}],"version-history":[{"count":1,"href":"https:\/\/baralivres.ma\/index.php?rest_route=\/wp\/v2\/product\/17128\/revisions"}],"predecessor-version":[{"id":17137,"href":"https:\/\/baralivres.ma\/index.php?rest_route=\/wp\/v2\/product\/17128\/revisions\/17137"}],"wp:featuredmedia":[{"embeddable":true,"href":"https:\/\/baralivres.ma\/index.php?rest_route=\/wp\/v2\/media\/17136"}],"wp:attachment":[{"href":"https:\/\/baralivres.ma\/index.php?rest_route=%2Fwp%2Fv2%2Fmedia&parent=17128"}],"wp:term":[{"taxonomy":"product_cat","embeddable":true,"href":"https:\/\/baralivres.ma\/index.php?rest_route=%2Fwp%2Fv2%2Fproduct_cat&post=17128"},{"taxonomy":"product_tag","embeddable":true,"href":"https:\/\/baralivres.ma\/index.php?rest_route=%2Fwp%2Fv2%2Fproduct_tag&post=17128"}],"curies":[{"name":"wp","href":"https:\/\/api.w.org\/{rel}","templated":true}]}}