{"id":17124,"date":"2023-11-01T12:44:25","date_gmt":"2023-11-01T11:44:25","guid":{"rendered":"https:\/\/baralivres.ma\/?post_type=product&#038;p=17124"},"modified":"2023-11-01T12:44:26","modified_gmt":"2023-11-01T11:44:26","slug":"apprendre-autrement-avec-la-pedagogie-positive","status":"publish","type":"product","link":"https:\/\/baralivres.ma\/?product=apprendre-autrement-avec-la-pedagogie-positive","title":{"rendered":"Apprendre autrement avec la p\u00e9dagogie positive"},"content":{"rendered":"<p>Si votre enfant rencontre des difficult\u00e9s de concentration et de m\u00e9morisation, et que vous \u00eates fatigu\u00e9 des frustrations li\u00e9es aux devoirs, la P\u00e9dagogie Positive pour une Approche Ludique de l&rsquo;Apprentissage est la solution. Cette \u00e9dition actualis\u00e9e et simple \u00e0 appliquer propose une m\u00e9thode pour apprendre de mani\u00e8re plus efficace, favorisant la m\u00e9morisation, la compr\u00e9hension et la structuration des connaissances. Elle encourage les enfants \u00e0 red\u00e9couvrir le plaisir des devoirs et aide les adolescents \u00e0 d\u00e9velopper une m\u00e9thode de travail plus performante en utilisant des outils novateurs tels que le Mind Mapping et la gestion mentale.<\/p>\n<p>Cette approche r\u00e9volutionnaire de l&rsquo;apprentissage permet \u00e0 chacun de raviver son enthousiasme pour apprendre, le tout dans une ambiance joyeuse et positive.<\/p>\n","protected":false},"excerpt":{"rendered":"<p>Apprentissage ludique, concentration, m\u00e9moire : m\u00e9thode positive, joyeuse, innovante pour enfants et ados.<\/p>\n","protected":false},"featured_media":17130,"comment_status":"open","ping_status":"closed","template":"","meta":{"inline_featured_image":false},"product_cat":[204,91],"product_tag":[],"class_list":{"0":"post-17124","1":"product","2":"type-product","3":"status-publish","4":"has-post-thumbnail","6":"product_cat-francais","7":"product_cat-developpement","8":"pa_auteurs-audrey-akoun","10":"first","11":"instock","12":"shipping-taxable","13":"purchasable","14":"product-type-simple"},"_links":{"self":[{"href":"https:\/\/baralivres.ma\/index.php?rest_route=\/wp\/v2\/product\/17124","targetHints":{"allow":["GET"]}}],"collection":[{"href":"https:\/\/baralivres.ma\/index.php?rest_route=\/wp\/v2\/product"}],"about":[{"href":"https:\/\/baralivres.ma\/index.php?rest_route=\/wp\/v2\/types\/product"}],"replies":[{"embeddable":true,"href":"https:\/\/baralivres.ma\/index.php?rest_route=%2Fwp%2Fv2%2Fcomments&post=17124"}],"version-history":[{"count":1,"href":"https:\/\/baralivres.ma\/index.php?rest_route=\/wp\/v2\/product\/17124\/revisions"}],"predecessor-version":[{"id":17131,"href":"https:\/\/baralivres.ma\/index.php?rest_route=\/wp\/v2\/product\/17124\/revisions\/17131"}],"wp:featuredmedia":[{"embeddable":true,"href":"https:\/\/baralivres.ma\/index.php?rest_route=\/wp\/v2\/media\/17130"}],"wp:attachment":[{"href":"https:\/\/baralivres.ma\/index.php?rest_route=%2Fwp%2Fv2%2Fmedia&parent=17124"}],"wp:term":[{"taxonomy":"product_cat","embeddable":true,"href":"https:\/\/baralivres.ma\/index.php?rest_route=%2Fwp%2Fv2%2Fproduct_cat&post=17124"},{"taxonomy":"product_tag","embeddable":true,"href":"https:\/\/baralivres.ma\/index.php?rest_route=%2Fwp%2Fv2%2Fproduct_tag&post=17124"}],"curies":[{"name":"wp","href":"https:\/\/api.w.org\/{rel}","templated":true}]}}