{"id":17118,"date":"2023-11-01T12:38:55","date_gmt":"2023-11-01T11:38:55","guid":{"rendered":"https:\/\/baralivres.ma\/?post_type=product&#038;p=17118"},"modified":"2023-11-01T12:38:56","modified_gmt":"2023-11-01T11:38:56","slug":"le-succes-par-la-pensee-constructive","status":"publish","type":"product","link":"https:\/\/baralivres.ma\/?product=le-succes-par-la-pensee-constructive","title":{"rendered":"Le succ\u00e8s par la pens\u00e9e constructive"},"content":{"rendered":"<p>\u00ab\u00a0Le livre &lsquo;Le succ\u00e8s par la pens\u00e9e constructive&rsquo; est consid\u00e9r\u00e9 comme l&rsquo;une des plus remarquables \u0153uvres traitant de la r\u00e9ussite. L&rsquo;auteur, Napoleon Hill, expose comment notre mentalit\u00e9 fa\u00e7onne notre destin\u00e9e. Il enseigne comment transcender les \u00e9motions n\u00e9gatives pour les convertir en moteurs de motivation, propices \u00e0 l&rsquo;accomplissement d&rsquo;exploits v\u00e9ritables. En \u00e9tudiant les lois expos\u00e9es dans ce livre et en adoptant une mentalit\u00e9 d&rsquo;apprentissage de la r\u00e9ussite, on peut d\u00e9clencher une transformation de vie, la rendant riche et captivante.\u00a0\u00bb<\/p>\n","protected":false},"excerpt":{"rendered":"<p>Livre de Napoleon Hill : Mentalit\u00e9 forgeant destin\u00e9e, transformant n\u00e9gatif en motivation, succ\u00e8s assur\u00e9.<\/p>\n","protected":false},"featured_media":17119,"comment_status":"open","ping_status":"closed","template":"","meta":{"inline_featured_image":false},"product_cat":[204,91],"product_tag":[],"class_list":{"0":"post-17118","1":"product","2":"type-product","3":"status-publish","4":"has-post-thumbnail","6":"product_cat-francais","7":"product_cat-developpement","8":"pa_auteurs-w-clement-stone","10":"first","11":"instock","12":"shipping-taxable","13":"purchasable","14":"product-type-simple"},"_links":{"self":[{"href":"https:\/\/baralivres.ma\/index.php?rest_route=\/wp\/v2\/product\/17118","targetHints":{"allow":["GET"]}}],"collection":[{"href":"https:\/\/baralivres.ma\/index.php?rest_route=\/wp\/v2\/product"}],"about":[{"href":"https:\/\/baralivres.ma\/index.php?rest_route=\/wp\/v2\/types\/product"}],"replies":[{"embeddable":true,"href":"https:\/\/baralivres.ma\/index.php?rest_route=%2Fwp%2Fv2%2Fcomments&post=17118"}],"version-history":[{"count":1,"href":"https:\/\/baralivres.ma\/index.php?rest_route=\/wp\/v2\/product\/17118\/revisions"}],"predecessor-version":[{"id":17120,"href":"https:\/\/baralivres.ma\/index.php?rest_route=\/wp\/v2\/product\/17118\/revisions\/17120"}],"wp:featuredmedia":[{"embeddable":true,"href":"https:\/\/baralivres.ma\/index.php?rest_route=\/wp\/v2\/media\/17119"}],"wp:attachment":[{"href":"https:\/\/baralivres.ma\/index.php?rest_route=%2Fwp%2Fv2%2Fmedia&parent=17118"}],"wp:term":[{"taxonomy":"product_cat","embeddable":true,"href":"https:\/\/baralivres.ma\/index.php?rest_route=%2Fwp%2Fv2%2Fproduct_cat&post=17118"},{"taxonomy":"product_tag","embeddable":true,"href":"https:\/\/baralivres.ma\/index.php?rest_route=%2Fwp%2Fv2%2Fproduct_tag&post=17118"}],"curies":[{"name":"wp","href":"https:\/\/api.w.org\/{rel}","templated":true}]}}