{"id":17113,"date":"2023-11-01T12:36:22","date_gmt":"2023-11-01T11:36:22","guid":{"rendered":"https:\/\/baralivres.ma\/?post_type=product&#038;p=17113"},"modified":"2023-11-01T12:36:23","modified_gmt":"2023-11-01T11:36:23","slug":"reflechissez-et-devenez-riche","status":"publish","type":"product","link":"https:\/\/baralivres.ma\/?product=reflechissez-et-devenez-riche","title":{"rendered":"R\u00e9fl\u00e9chissez et devenez riche"},"content":{"rendered":"<p>Ce livre d\u00e9voile des enseignements in\u00e9dits et essentiels : la m\u00e9thode pour int\u00e9grer et mettre en pratique des principes d\u00e9terminants pour acc\u00e9der \u00e0 la prosp\u00e9rit\u00e9 et accomplir vos objectifs. Napol\u00e9on Hill d\u00e9montre brillamment l&rsquo;impact des pens\u00e9es et croyances sur le cours de la vie. Fruit de plus de vingt ans de recherche sur la richesse et le talent, \u00ab\u00a0R\u00e9fl\u00e9chissez et devenez riche\u00a0\u00bb explore treize principes universels capables d&rsquo;accro\u00eetre votre confiance et de vous orienter infailliblement vers le succ\u00e8s.<\/p>\n","protected":false},"excerpt":{"rendered":"<p>Livre r\u00e9v\u00e8le cl\u00e9s succ\u00e8s : pens\u00e9es, croyances pour prosp\u00e9rit\u00e9, objectifs, confiance, principes universels.<\/p>\n","protected":false},"featured_media":17116,"comment_status":"open","ping_status":"closed","template":"","meta":{"inline_featured_image":false},"product_cat":[204,91],"product_tag":[],"class_list":{"0":"post-17113","1":"product","2":"type-product","3":"status-publish","4":"has-post-thumbnail","6":"product_cat-francais","7":"product_cat-developpement","8":"pa_auteurs-napoleon-hill-2","10":"first","11":"instock","12":"shipping-taxable","13":"purchasable","14":"product-type-simple"},"_links":{"self":[{"href":"https:\/\/baralivres.ma\/index.php?rest_route=\/wp\/v2\/product\/17113","targetHints":{"allow":["GET"]}}],"collection":[{"href":"https:\/\/baralivres.ma\/index.php?rest_route=\/wp\/v2\/product"}],"about":[{"href":"https:\/\/baralivres.ma\/index.php?rest_route=\/wp\/v2\/types\/product"}],"replies":[{"embeddable":true,"href":"https:\/\/baralivres.ma\/index.php?rest_route=%2Fwp%2Fv2%2Fcomments&post=17113"}],"version-history":[{"count":1,"href":"https:\/\/baralivres.ma\/index.php?rest_route=\/wp\/v2\/product\/17113\/revisions"}],"predecessor-version":[{"id":17117,"href":"https:\/\/baralivres.ma\/index.php?rest_route=\/wp\/v2\/product\/17113\/revisions\/17117"}],"wp:featuredmedia":[{"embeddable":true,"href":"https:\/\/baralivres.ma\/index.php?rest_route=\/wp\/v2\/media\/17116"}],"wp:attachment":[{"href":"https:\/\/baralivres.ma\/index.php?rest_route=%2Fwp%2Fv2%2Fmedia&parent=17113"}],"wp:term":[{"taxonomy":"product_cat","embeddable":true,"href":"https:\/\/baralivres.ma\/index.php?rest_route=%2Fwp%2Fv2%2Fproduct_cat&post=17113"},{"taxonomy":"product_tag","embeddable":true,"href":"https:\/\/baralivres.ma\/index.php?rest_route=%2Fwp%2Fv2%2Fproduct_tag&post=17113"}],"curies":[{"name":"wp","href":"https:\/\/api.w.org\/{rel}","templated":true}]}}