{"id":17110,"date":"2023-11-01T12:33:27","date_gmt":"2023-11-01T11:33:27","guid":{"rendered":"https:\/\/baralivres.ma\/?post_type=product&#038;p=17110"},"modified":"2023-11-01T12:33:27","modified_gmt":"2023-11-01T11:33:27","slug":"soyez-vous-meme","status":"publish","type":"product","link":"https:\/\/baralivres.ma\/?product=soyez-vous-meme","title":{"rendered":"Soyez vous-m\u00eame"},"content":{"rendered":"<p>illes Azzopardi, un psychosociologue, explore les divers facteurs qui perturbent notre identit\u00e9 et entravent notre bien-\u00eatre. D\u00e9terminer notre v\u00e9ritable nature n&rsquo;est pas une t\u00e2che ais\u00e9e. Cela s&rsquo;explique non seulement par notre \u00e9volution constante, mais aussi par notre propension \u00e0 nous d\u00e9finir par rapport aux autres. De plus, le poids du pass\u00e9, de l&rsquo;\u00e9ducation, des influences sociales, familiales, amicales ou professionnelles complique cette qu\u00eate.<\/p>\n<p>Ce livre offre des cl\u00e9s pour mieux appr\u00e9hender et g\u00e9rer nos \u00e9motions, cultiver l&rsquo;estime de soi, d\u00e9velopper la confiance en soi et s&rsquo;affirmer, que ce soit dans nos relations, en soci\u00e9t\u00e9, au travail ou tout simplement vis-\u00e0-vis de notre propre personne.<\/p>\n","protected":false},"excerpt":{"rendered":"<p>Livre de Gilles Azzopardi: Comprendre, accepter, et affirmer soi-m\u00eame pour une meilleure confiance personnelle.<\/p>\n","protected":false},"featured_media":17111,"comment_status":"open","ping_status":"closed","template":"","meta":{"inline_featured_image":false},"product_cat":[204,91],"product_tag":[],"class_list":{"0":"post-17110","1":"product","2":"type-product","3":"status-publish","4":"has-post-thumbnail","6":"product_cat-francais","7":"product_cat-developpement","8":"pa_auteurs-gilles-azzopardi","10":"first","11":"instock","12":"shipping-taxable","13":"purchasable","14":"product-type-simple"},"_links":{"self":[{"href":"https:\/\/baralivres.ma\/index.php?rest_route=\/wp\/v2\/product\/17110","targetHints":{"allow":["GET"]}}],"collection":[{"href":"https:\/\/baralivres.ma\/index.php?rest_route=\/wp\/v2\/product"}],"about":[{"href":"https:\/\/baralivres.ma\/index.php?rest_route=\/wp\/v2\/types\/product"}],"replies":[{"embeddable":true,"href":"https:\/\/baralivres.ma\/index.php?rest_route=%2Fwp%2Fv2%2Fcomments&post=17110"}],"version-history":[{"count":1,"href":"https:\/\/baralivres.ma\/index.php?rest_route=\/wp\/v2\/product\/17110\/revisions"}],"predecessor-version":[{"id":17112,"href":"https:\/\/baralivres.ma\/index.php?rest_route=\/wp\/v2\/product\/17110\/revisions\/17112"}],"wp:featuredmedia":[{"embeddable":true,"href":"https:\/\/baralivres.ma\/index.php?rest_route=\/wp\/v2\/media\/17111"}],"wp:attachment":[{"href":"https:\/\/baralivres.ma\/index.php?rest_route=%2Fwp%2Fv2%2Fmedia&parent=17110"}],"wp:term":[{"taxonomy":"product_cat","embeddable":true,"href":"https:\/\/baralivres.ma\/index.php?rest_route=%2Fwp%2Fv2%2Fproduct_cat&post=17110"},{"taxonomy":"product_tag","embeddable":true,"href":"https:\/\/baralivres.ma\/index.php?rest_route=%2Fwp%2Fv2%2Fproduct_tag&post=17110"}],"curies":[{"name":"wp","href":"https:\/\/api.w.org\/{rel}","templated":true}]}}