{"id":17107,"date":"2023-11-01T12:30:34","date_gmt":"2023-11-01T11:30:34","guid":{"rendered":"https:\/\/baralivres.ma\/?post_type=product&#038;p=17107"},"modified":"2023-11-01T12:30:34","modified_gmt":"2023-11-01T11:30:34","slug":"lart-du-calme-interieur","status":"publish","type":"product","link":"https:\/\/baralivres.ma\/?product=lart-du-calme-interieur","title":{"rendered":"L&rsquo;art du calme int\u00e9rieur"},"content":{"rendered":"<p>Selon Eckhart Tolle, le calme va bien au-del\u00e0 du silence externe. Il repr\u00e9sente l&rsquo;essence m\u00eame de tout ce qui existe, des vastes galaxies aux plus infimes brins d&rsquo;herbe, des magnifiques fleurs aux majestueux arbres, des oiseaux en vol \u00e0 toutes les autres formes de vie. En trouvant cet \u00e9tat de tranquillit\u00e9 int\u00e9rieure, nous nous alignons avec la force et la sagesse inh\u00e9rentes \u00e0 la vie. Dans cette r\u00e9alit\u00e9, la souffrance et la peur s&rsquo;effacent pour laisser place \u00e0 une source dynamique d&rsquo;amour, de bonheur et de paix. \u00ab\u00a0L&rsquo;Art du Calme Int\u00e9rieur\u00a0\u00bb est une \u0153uvre propice \u00e0 la m\u00e9ditation, nous reliant \u00e0 notre essence \u00e0 tout moment de la journ\u00e9e, nous rappelant notre nature v\u00e9ritable et ce qui a vraiment de l&rsquo;importance.<\/p>\n","protected":false},"excerpt":{"rendered":"<p>Le calme int\u00e9rieur relie \u00e0 l&rsquo;essence de vie, offrant paix, amour et sagesse universelle.<\/p>\n","protected":false},"featured_media":17108,"comment_status":"open","ping_status":"closed","template":"","meta":{"inline_featured_image":false},"product_cat":[204,91],"product_tag":[],"class_list":{"0":"post-17107","1":"product","2":"type-product","3":"status-publish","4":"has-post-thumbnail","6":"product_cat-francais","7":"product_cat-developpement","8":"pa_auteurs-eckhart-tolle","10":"first","11":"instock","12":"shipping-taxable","13":"purchasable","14":"product-type-simple"},"_links":{"self":[{"href":"https:\/\/baralivres.ma\/index.php?rest_route=\/wp\/v2\/product\/17107","targetHints":{"allow":["GET"]}}],"collection":[{"href":"https:\/\/baralivres.ma\/index.php?rest_route=\/wp\/v2\/product"}],"about":[{"href":"https:\/\/baralivres.ma\/index.php?rest_route=\/wp\/v2\/types\/product"}],"replies":[{"embeddable":true,"href":"https:\/\/baralivres.ma\/index.php?rest_route=%2Fwp%2Fv2%2Fcomments&post=17107"}],"version-history":[{"count":1,"href":"https:\/\/baralivres.ma\/index.php?rest_route=\/wp\/v2\/product\/17107\/revisions"}],"predecessor-version":[{"id":17109,"href":"https:\/\/baralivres.ma\/index.php?rest_route=\/wp\/v2\/product\/17107\/revisions\/17109"}],"wp:featuredmedia":[{"embeddable":true,"href":"https:\/\/baralivres.ma\/index.php?rest_route=\/wp\/v2\/media\/17108"}],"wp:attachment":[{"href":"https:\/\/baralivres.ma\/index.php?rest_route=%2Fwp%2Fv2%2Fmedia&parent=17107"}],"wp:term":[{"taxonomy":"product_cat","embeddable":true,"href":"https:\/\/baralivres.ma\/index.php?rest_route=%2Fwp%2Fv2%2Fproduct_cat&post=17107"},{"taxonomy":"product_tag","embeddable":true,"href":"https:\/\/baralivres.ma\/index.php?rest_route=%2Fwp%2Fv2%2Fproduct_tag&post=17107"}],"curies":[{"name":"wp","href":"https:\/\/api.w.org\/{rel}","templated":true}]}}