{"id":17104,"date":"2023-11-01T12:25:47","date_gmt":"2023-11-01T11:25:47","guid":{"rendered":"https:\/\/baralivres.ma\/?post_type=product&#038;p=17104"},"modified":"2023-11-01T12:25:47","modified_gmt":"2023-11-01T11:25:47","slug":"infidelites-et-manipulations","status":"publish","type":"product","link":"https:\/\/baralivres.ma\/?product=infidelites-et-manipulations","title":{"rendered":"Infid\u00e9lit\u00e9s et manipulations"},"content":{"rendered":"<p>Pourquoi les individus choisissent-ils d&rsquo;\u00eatre infid\u00e8les ? Existe-t-il des moyens pour pr\u00e9venir l&rsquo;infid\u00e9lit\u00e9 ? Comment peut-on accorder le pardon ? Que l&rsquo;on remette en question la monogamie, que l&rsquo;on soit tent\u00e9 de franchir des limites ou que l&rsquo;on ait des appr\u00e9hensions vis-\u00e0-vis de son partenaire, ce guide vous apportera des \u00e9claircissements. Bien que nos pr\u00e9dispositions g\u00e9n\u00e9tiques puissent influencer l&rsquo;infid\u00e9lit\u00e9, ce guide expose des tactiques de dissimulation, de d\u00e9tection et de r\u00e9conciliation. Apprendre \u00e0 identifier un partenaire infid\u00e8le ou \u00e0 dissimuler une relation extraconjugale, \u00e0 r\u00e9sister \u00e0 la tentation, \u00e0 faire face au mensonge, \u00e0 reconstruire une relation, \u00e0 g\u00e9rer la jalousie&#8230; Voici des r\u00e9ponses aux interrogations que vous pourriez avoir concernant l&rsquo;infid\u00e9lit\u00e9.<\/p>\n","protected":false},"excerpt":{"rendered":"<p>Pr\u00e9venir, comprendre, dissimuler, reconstruire, g\u00e9rer : guide sur l&rsquo;infid\u00e9lit\u00e9 et le pardon dans les relations.<\/p>\n","protected":false},"featured_media":17105,"comment_status":"open","ping_status":"closed","template":"","meta":{"inline_featured_image":false},"product_cat":[204,91],"product_tag":[],"class_list":{"0":"post-17104","1":"product","2":"type-product","3":"status-publish","4":"has-post-thumbnail","6":"product_cat-francais","7":"product_cat-developpement","8":"pa_auteurs-gilles-azzopardi","10":"first","11":"instock","12":"shipping-taxable","13":"purchasable","14":"product-type-simple"},"_links":{"self":[{"href":"https:\/\/baralivres.ma\/index.php?rest_route=\/wp\/v2\/product\/17104","targetHints":{"allow":["GET"]}}],"collection":[{"href":"https:\/\/baralivres.ma\/index.php?rest_route=\/wp\/v2\/product"}],"about":[{"href":"https:\/\/baralivres.ma\/index.php?rest_route=\/wp\/v2\/types\/product"}],"replies":[{"embeddable":true,"href":"https:\/\/baralivres.ma\/index.php?rest_route=%2Fwp%2Fv2%2Fcomments&post=17104"}],"version-history":[{"count":1,"href":"https:\/\/baralivres.ma\/index.php?rest_route=\/wp\/v2\/product\/17104\/revisions"}],"predecessor-version":[{"id":17106,"href":"https:\/\/baralivres.ma\/index.php?rest_route=\/wp\/v2\/product\/17104\/revisions\/17106"}],"wp:featuredmedia":[{"embeddable":true,"href":"https:\/\/baralivres.ma\/index.php?rest_route=\/wp\/v2\/media\/17105"}],"wp:attachment":[{"href":"https:\/\/baralivres.ma\/index.php?rest_route=%2Fwp%2Fv2%2Fmedia&parent=17104"}],"wp:term":[{"taxonomy":"product_cat","embeddable":true,"href":"https:\/\/baralivres.ma\/index.php?rest_route=%2Fwp%2Fv2%2Fproduct_cat&post=17104"},{"taxonomy":"product_tag","embeddable":true,"href":"https:\/\/baralivres.ma\/index.php?rest_route=%2Fwp%2Fv2%2Fproduct_tag&post=17104"}],"curies":[{"name":"wp","href":"https:\/\/api.w.org\/{rel}","templated":true}]}}