{"id":17098,"date":"2023-11-01T12:42:08","date_gmt":"2023-11-01T11:42:08","guid":{"rendered":"https:\/\/baralivres.ma\/?post_type=product&#038;p=17098"},"modified":"2023-11-01T12:42:08","modified_gmt":"2023-11-01T11:42:08","slug":"activez-vos-talents-ils-peuvent-changer-le-monde-nouvelle-edition","status":"publish","type":"product","link":"https:\/\/baralivres.ma\/?product=activez-vos-talents-ils-peuvent-changer-le-monde-nouvelle-edition","title":{"rendered":"Activez vos talents, ils peuvent changer le monde ! Nouvelle \u00e9dition"},"content":{"rendered":"<p>L&rsquo;auteur, entrepreneur social Matthieu Dardaillon, pr\u00e9sente un guide pratique pour ceux qui cherchent du sens et de la satisfaction dans leur travail. Il encourage les lecteurs \u00e0 explorer des carri\u00e8res qui sont align\u00e9es avec leurs valeurs et talents uniques. Le livre offre des conseils pour trouver sa voie, que l&rsquo;on soit entrepreneur, intrapreneur, free-lance ou salari\u00e9, et pour cr\u00e9er une \u00ab\u00a0carri\u00e8re \u00e0 impact\u00a0\u00bb. Il met en avant des t\u00e9moignages inspirants de personnes ayant suivi ces principes pour transformer leur travail en un lieu d&rsquo;\u00e9panouissement personnel et d&rsquo;utilit\u00e9 soci\u00e9tale.<\/p>\n<p>Cette nouvelle \u00e9dition inclut des t\u00e9moignages de lecteurs qui ont mis en pratique les conseils du livre et partagent leur vision et leurs actions. Un cahier d&rsquo;activit\u00e9s encourage les lecteurs \u00e0 appliquer imm\u00e9diatement les enseignements du livre. L&rsquo;objectif est d&rsquo;aider chacun \u00e0 devenir un acteur du changement en d\u00e9couvrant sa mission de vie et en contribuant \u00e0 r\u00e9soudre les grands d\u00e9fis de notre soci\u00e9t\u00e9, tels que le r\u00e9chauffement climatique, la pauvret\u00e9 et l&rsquo;exclusion.<\/p>\n","protected":false},"excerpt":{"rendered":"<p>Ce livre propose des conseils pour trouver du sens et de la satisfaction dans votre travail. Il encourage la recherche de m\u00e9tiers align\u00e9s avec vos valeurs et talents uniques pour cr\u00e9er une carri\u00e8re \u00e0 impact. L&rsquo;auteur, entrepreneur social Matthieu Dardaillon, partage des t\u00e9moignages inspirants et des activit\u00e9s pour aider les lecteurs \u00e0 changer le monde tout en s&rsquo;\u00e9panouissant professionnellement.<\/p>\n","protected":false},"featured_media":17125,"comment_status":"open","ping_status":"closed","template":"","meta":{"inline_featured_image":false},"product_cat":[204,91],"product_tag":[],"class_list":{"0":"post-17098","1":"product","2":"type-product","3":"status-publish","4":"has-post-thumbnail","6":"product_cat-francais","7":"product_cat-developpement","8":"pa_auteurs-matthieu-dardaillon","10":"first","11":"instock","12":"shipping-taxable","13":"purchasable","14":"product-type-simple"},"_links":{"self":[{"href":"https:\/\/baralivres.ma\/index.php?rest_route=\/wp\/v2\/product\/17098","targetHints":{"allow":["GET"]}}],"collection":[{"href":"https:\/\/baralivres.ma\/index.php?rest_route=\/wp\/v2\/product"}],"about":[{"href":"https:\/\/baralivres.ma\/index.php?rest_route=\/wp\/v2\/types\/product"}],"replies":[{"embeddable":true,"href":"https:\/\/baralivres.ma\/index.php?rest_route=%2Fwp%2Fv2%2Fcomments&post=17098"}],"version-history":[{"count":1,"href":"https:\/\/baralivres.ma\/index.php?rest_route=\/wp\/v2\/product\/17098\/revisions"}],"predecessor-version":[{"id":17127,"href":"https:\/\/baralivres.ma\/index.php?rest_route=\/wp\/v2\/product\/17098\/revisions\/17127"}],"wp:featuredmedia":[{"embeddable":true,"href":"https:\/\/baralivres.ma\/index.php?rest_route=\/wp\/v2\/media\/17125"}],"wp:attachment":[{"href":"https:\/\/baralivres.ma\/index.php?rest_route=%2Fwp%2Fv2%2Fmedia&parent=17098"}],"wp:term":[{"taxonomy":"product_cat","embeddable":true,"href":"https:\/\/baralivres.ma\/index.php?rest_route=%2Fwp%2Fv2%2Fproduct_cat&post=17098"},{"taxonomy":"product_tag","embeddable":true,"href":"https:\/\/baralivres.ma\/index.php?rest_route=%2Fwp%2Fv2%2Fproduct_tag&post=17098"}],"curies":[{"name":"wp","href":"https:\/\/api.w.org\/{rel}","templated":true}]}}