{"id":17095,"date":"2023-11-01T12:19:39","date_gmt":"2023-11-01T11:19:39","guid":{"rendered":"https:\/\/baralivres.ma\/?post_type=product&#038;p=17095"},"modified":"2024-03-14T13:50:08","modified_gmt":"2024-03-14T12:50:08","slug":"les-secrets-de-la-communication","status":"publish","type":"product","link":"https:\/\/baralivres.ma\/?product=les-secrets-de-la-communication","title":{"rendered":"Les secrets de la communication"},"content":{"rendered":"<p>La Programmation Neuro-Linguistique (PNL), instaur\u00e9e en 1975, repr\u00e9sente une approche de communication visant \u00e0 transformer nos sch\u00e9mas de pens\u00e9e pour accro\u00eetre la confiance en soi et lib\u00e9rer le potentiel \u00e9nerg\u00e9tique et cr\u00e9atif. Cette m\u00e9thode est reconnue par divers professionnels, allant des th\u00e9rapeutes aux communicateurs, en passant par les administrateurs, \u00e9ducateurs et psychologues. Les techniques employ\u00e9es dans cette approche sont diverses, allant de la visualisation et du r\u00eave \u00e9veill\u00e9 \u00e0 l&rsquo;hypnose, en passant par des exercices cognitifs, sensoriels et linguistiques. Structur\u00e9 comme un programme sur trois jours, ce livre offre une approche ludique et pratique pour permettre aux lecteurs de d\u00e9couvrir les fondements de la PNL.<\/p>\n","protected":false},"excerpt":{"rendered":"<p>Comm. transformative : PNL, 1975. Changement mental, confiance, outils vari\u00e9s, approche ludique.<\/p>\n","protected":false},"featured_media":17099,"comment_status":"open","ping_status":"closed","template":"","meta":{"inline_featured_image":false},"product_cat":[204,3676,91],"product_tag":[],"class_list":{"0":"post-17095","1":"product","2":"type-product","3":"status-publish","4":"has-post-thumbnail","6":"product_cat-francais","7":"product_cat-les-livres-pour-communication","8":"product_cat-developpement","9":"pa_auteurs-richard-bandler","11":"first","12":"instock","13":"shipping-taxable","14":"purchasable","15":"product-type-simple"},"_links":{"self":[{"href":"https:\/\/baralivres.ma\/index.php?rest_route=\/wp\/v2\/product\/17095","targetHints":{"allow":["GET"]}}],"collection":[{"href":"https:\/\/baralivres.ma\/index.php?rest_route=\/wp\/v2\/product"}],"about":[{"href":"https:\/\/baralivres.ma\/index.php?rest_route=\/wp\/v2\/types\/product"}],"replies":[{"embeddable":true,"href":"https:\/\/baralivres.ma\/index.php?rest_route=%2Fwp%2Fv2%2Fcomments&post=17095"}],"version-history":[{"count":1,"href":"https:\/\/baralivres.ma\/index.php?rest_route=\/wp\/v2\/product\/17095\/revisions"}],"predecessor-version":[{"id":17100,"href":"https:\/\/baralivres.ma\/index.php?rest_route=\/wp\/v2\/product\/17095\/revisions\/17100"}],"wp:featuredmedia":[{"embeddable":true,"href":"https:\/\/baralivres.ma\/index.php?rest_route=\/wp\/v2\/media\/17099"}],"wp:attachment":[{"href":"https:\/\/baralivres.ma\/index.php?rest_route=%2Fwp%2Fv2%2Fmedia&parent=17095"}],"wp:term":[{"taxonomy":"product_cat","embeddable":true,"href":"https:\/\/baralivres.ma\/index.php?rest_route=%2Fwp%2Fv2%2Fproduct_cat&post=17095"},{"taxonomy":"product_tag","embeddable":true,"href":"https:\/\/baralivres.ma\/index.php?rest_route=%2Fwp%2Fv2%2Fproduct_tag&post=17095"}],"curies":[{"name":"wp","href":"https:\/\/api.w.org\/{rel}","templated":true}]}}