{"id":17091,"date":"2023-11-01T12:18:09","date_gmt":"2023-11-01T11:18:09","guid":{"rendered":"https:\/\/baralivres.ma\/?post_type=product&#038;p=17091"},"modified":"2023-11-01T12:18:10","modified_gmt":"2023-11-01T11:18:10","slug":"the-one-thing","status":"publish","type":"product","link":"https:\/\/baralivres.ma\/?product=the-one-thing","title":{"rendered":"THE ONE THING"},"content":{"rendered":"<p>\u00ab\u00a0The One Thing\u00a0\u00bb propose une m\u00e9thode pour optimiser la concentration et am\u00e9liorer l&rsquo;efficacit\u00e9, en r\u00e9duisant les distractions et en se concentrant sur l&rsquo;essentiel. Gary Keller, auteur de best-sellers, a d\u00e9velopp\u00e9 cette approche pour aider les gens \u00e0 mieux g\u00e9rer leur temps et leur \u00e9nergie. Il est rejoint par Jay Papasan, \u00e9diteur et vice-pr\u00e9sident chez Keller Williams, pour diffuser cette m\u00e9thode. L&rsquo;objectif est d&rsquo;obtenir une productivit\u00e9 accrue, une meilleure qualit\u00e9 de vie et plus de libert\u00e9 en se focalisant sur une seule chose \u00e0 la fois. Ce livre propose des conseils pratiques pour mettre en \u0153uvre cette approche dans la vie quotidienne.<\/p>\n","protected":false},"excerpt":{"rendered":"<p>La m\u00e9thode \u00ab\u00a0The One Thing\u00a0\u00bb pour une concentration optimale et une vie plus \u00e9panouissante par Gary Keller et Jay Papasan.<\/p>\n","protected":false},"featured_media":17096,"comment_status":"open","ping_status":"closed","template":"","meta":{"inline_featured_image":false},"product_cat":[204,91],"product_tag":[],"class_list":{"0":"post-17091","1":"product","2":"type-product","3":"status-publish","4":"has-post-thumbnail","6":"product_cat-francais","7":"product_cat-developpement","8":"pa_auteurs-gary-keller","10":"first","11":"instock","12":"shipping-taxable","13":"purchasable","14":"product-type-simple"},"_links":{"self":[{"href":"https:\/\/baralivres.ma\/index.php?rest_route=\/wp\/v2\/product\/17091","targetHints":{"allow":["GET"]}}],"collection":[{"href":"https:\/\/baralivres.ma\/index.php?rest_route=\/wp\/v2\/product"}],"about":[{"href":"https:\/\/baralivres.ma\/index.php?rest_route=\/wp\/v2\/types\/product"}],"replies":[{"embeddable":true,"href":"https:\/\/baralivres.ma\/index.php?rest_route=%2Fwp%2Fv2%2Fcomments&post=17091"}],"version-history":[{"count":1,"href":"https:\/\/baralivres.ma\/index.php?rest_route=\/wp\/v2\/product\/17091\/revisions"}],"predecessor-version":[{"id":17097,"href":"https:\/\/baralivres.ma\/index.php?rest_route=\/wp\/v2\/product\/17091\/revisions\/17097"}],"wp:featuredmedia":[{"embeddable":true,"href":"https:\/\/baralivres.ma\/index.php?rest_route=\/wp\/v2\/media\/17096"}],"wp:attachment":[{"href":"https:\/\/baralivres.ma\/index.php?rest_route=%2Fwp%2Fv2%2Fmedia&parent=17091"}],"wp:term":[{"taxonomy":"product_cat","embeddable":true,"href":"https:\/\/baralivres.ma\/index.php?rest_route=%2Fwp%2Fv2%2Fproduct_cat&post=17091"},{"taxonomy":"product_tag","embeddable":true,"href":"https:\/\/baralivres.ma\/index.php?rest_route=%2Fwp%2Fv2%2Fproduct_tag&post=17091"}],"curies":[{"name":"wp","href":"https:\/\/api.w.org\/{rel}","templated":true}]}}