{"id":17088,"date":"2023-11-01T12:16:37","date_gmt":"2023-11-01T11:16:37","guid":{"rendered":"https:\/\/baralivres.ma\/?post_type=product&#038;p=17088"},"modified":"2023-11-01T12:16:37","modified_gmt":"2023-11-01T11:16:37","slug":"nature-humaine","status":"publish","type":"product","link":"https:\/\/baralivres.ma\/?product=nature-humaine","title":{"rendered":"Nature humaine"},"content":{"rendered":"<p>En cette derni\u00e8re journ\u00e9e de 1999, la France est assaillie par une temp\u00eate diluvienne, \u00e9voquant presque une apocalypse. Alexandre, reclus dans sa ferme du Lot, \u00e9prouve une crainte plus profonde face \u00e0 l&rsquo;arriv\u00e9e imminente des gendarmes. Se replongeant dans ses souvenirs les plus chers, il se rem\u00e9more sa jeunesse pass\u00e9e aux c\u00f4t\u00e9s de ses trois s\u0153urs, dans cette ferme o\u00f9 il a grandi. Dans ce vaste r\u00e9cit explorant \u00ab\u00a0l&rsquo;essence humaine\u00a0\u00bb, Serge Joncour retrace pr\u00e8s de trente ans d&rsquo;histoire nationale, tissant un lien \u00e9tourdissant entre les avanc\u00e9es et les combats qui ont marqu\u00e9 la fin du XXe si\u00e8cle. C&rsquo;est une brillante analyse de notre humanit\u00e9 en danger, \u00e0 moins que la nature ne reprenne ses droits, \u00e9tablissant ainsi une r\u00e9flexion profonde sur notre relation \u00e0 l&rsquo;environnement.<\/p>\n","protected":false},"excerpt":{"rendered":"<p>Temp\u00eate, ferme isol\u00e9e, souvenirs, histoire nationale, nature mena\u00e7ante, r\u00e9flexion sur humanit\u00e9 et environnement.<\/p>\n","protected":false},"featured_media":17092,"comment_status":"open","ping_status":"closed","template":"","meta":{"inline_featured_image":false},"product_cat":[204,91],"product_tag":[],"class_list":{"0":"post-17088","1":"product","2":"type-product","3":"status-publish","4":"has-post-thumbnail","6":"product_cat-francais","7":"product_cat-developpement","8":"pa_auteurs-serge-joncour","10":"first","11":"instock","12":"shipping-taxable","13":"purchasable","14":"product-type-simple"},"_links":{"self":[{"href":"https:\/\/baralivres.ma\/index.php?rest_route=\/wp\/v2\/product\/17088","targetHints":{"allow":["GET"]}}],"collection":[{"href":"https:\/\/baralivres.ma\/index.php?rest_route=\/wp\/v2\/product"}],"about":[{"href":"https:\/\/baralivres.ma\/index.php?rest_route=\/wp\/v2\/types\/product"}],"replies":[{"embeddable":true,"href":"https:\/\/baralivres.ma\/index.php?rest_route=%2Fwp%2Fv2%2Fcomments&post=17088"}],"version-history":[{"count":1,"href":"https:\/\/baralivres.ma\/index.php?rest_route=\/wp\/v2\/product\/17088\/revisions"}],"predecessor-version":[{"id":17093,"href":"https:\/\/baralivres.ma\/index.php?rest_route=\/wp\/v2\/product\/17088\/revisions\/17093"}],"wp:featuredmedia":[{"embeddable":true,"href":"https:\/\/baralivres.ma\/index.php?rest_route=\/wp\/v2\/media\/17092"}],"wp:attachment":[{"href":"https:\/\/baralivres.ma\/index.php?rest_route=%2Fwp%2Fv2%2Fmedia&parent=17088"}],"wp:term":[{"taxonomy":"product_cat","embeddable":true,"href":"https:\/\/baralivres.ma\/index.php?rest_route=%2Fwp%2Fv2%2Fproduct_cat&post=17088"},{"taxonomy":"product_tag","embeddable":true,"href":"https:\/\/baralivres.ma\/index.php?rest_route=%2Fwp%2Fv2%2Fproduct_tag&post=17088"}],"curies":[{"name":"wp","href":"https:\/\/api.w.org\/{rel}","templated":true}]}}