{"id":17084,"date":"2023-11-01T12:15:04","date_gmt":"2023-11-01T11:15:04","guid":{"rendered":"https:\/\/baralivres.ma\/?post_type=product&#038;p=17084"},"modified":"2023-11-01T12:15:04","modified_gmt":"2023-11-01T11:15:04","slug":"reussir-en-tant-quentrepreneur-du-bien-etre","status":"publish","type":"product","link":"https:\/\/baralivres.ma\/?product=reussir-en-tant-quentrepreneur-du-bien-etre","title":{"rendered":"R\u00e9ussir en tant qu&rsquo;entrepreneur du bien-\u00eatre"},"content":{"rendered":"<p>Ce guide accompagne les entrepreneurs du bien-\u00eatre \u00e0 chaque \u00e9tape de leur parcours, de l&rsquo;installation \u00e0 la r\u00e9ussite. Il offre des conseils pratiques, des t\u00e9moignages, et des exercices pour cr\u00e9er une activit\u00e9 \u00e9panouissante, rentable et durable. Les auteurs, Julia Esp\u00e9rance et Anne-Claire Meret, partagent leur expertise en hypnoth\u00e9rapie, coaching, communication, et naturopathie pour aider les professionnels \u00e0 contribuer positivement au domaine de la sant\u00e9 et du bien-\u00eatre.<\/p>\n","protected":false},"excerpt":{"rendered":"<p>Guide pour entrepreneurs du bien-\u00eatre : lancement, communication, rentabilit\u00e9, surmontez les obstacles avec Julia Esp\u00e9rance et Anne-Claire Meret.<\/p>\n","protected":false},"featured_media":17089,"comment_status":"open","ping_status":"closed","template":"","meta":{"inline_featured_image":false},"product_cat":[204,91],"product_tag":[],"class_list":{"0":"post-17084","1":"product","2":"type-product","3":"status-publish","4":"has-post-thumbnail","6":"product_cat-francais","7":"product_cat-developpement","8":"pa_auteurs-julia-esperance","10":"first","11":"instock","12":"shipping-taxable","13":"purchasable","14":"product-type-simple"},"_links":{"self":[{"href":"https:\/\/baralivres.ma\/index.php?rest_route=\/wp\/v2\/product\/17084","targetHints":{"allow":["GET"]}}],"collection":[{"href":"https:\/\/baralivres.ma\/index.php?rest_route=\/wp\/v2\/product"}],"about":[{"href":"https:\/\/baralivres.ma\/index.php?rest_route=\/wp\/v2\/types\/product"}],"replies":[{"embeddable":true,"href":"https:\/\/baralivres.ma\/index.php?rest_route=%2Fwp%2Fv2%2Fcomments&post=17084"}],"version-history":[{"count":1,"href":"https:\/\/baralivres.ma\/index.php?rest_route=\/wp\/v2\/product\/17084\/revisions"}],"predecessor-version":[{"id":17090,"href":"https:\/\/baralivres.ma\/index.php?rest_route=\/wp\/v2\/product\/17084\/revisions\/17090"}],"wp:featuredmedia":[{"embeddable":true,"href":"https:\/\/baralivres.ma\/index.php?rest_route=\/wp\/v2\/media\/17089"}],"wp:attachment":[{"href":"https:\/\/baralivres.ma\/index.php?rest_route=%2Fwp%2Fv2%2Fmedia&parent=17084"}],"wp:term":[{"taxonomy":"product_cat","embeddable":true,"href":"https:\/\/baralivres.ma\/index.php?rest_route=%2Fwp%2Fv2%2Fproduct_cat&post=17084"},{"taxonomy":"product_tag","embeddable":true,"href":"https:\/\/baralivres.ma\/index.php?rest_route=%2Fwp%2Fv2%2Fproduct_tag&post=17084"}],"curies":[{"name":"wp","href":"https:\/\/api.w.org\/{rel}","templated":true}]}}