{"id":17075,"date":"2023-11-01T12:10:54","date_gmt":"2023-11-01T11:10:54","guid":{"rendered":"https:\/\/baralivres.ma\/?post_type=product&#038;p=17075"},"modified":"2023-12-18T15:12:19","modified_gmt":"2023-12-18T14:12:19","slug":"ecoute-ton-corps-5","status":"publish","type":"product","link":"https:\/\/baralivres.ma\/?product=ecoute-ton-corps-5","title":{"rendered":"La sensualit\u00e9 et la sexualit\u00e9"},"content":{"rendered":"<p>Apr\u00e8s le grand succ\u00e8s de son livre \u00c9coute ton corps, qui a transform\u00e9 la vie de millions de personnes, Lise Bourbeau, une pionni\u00e8re du d\u00e9veloppement personnel, a voyag\u00e9 \u00e0 travers le monde pour donner des conf\u00e9rences, animer des ateliers, et r\u00e9pondre aux courriers de ses lecteurs. Dans son tout dernier ouvrage, elle aborde ouvertement et sans tabous toutes les interrogations que l&rsquo;on peut avoir sur la sexualit\u00e9 et la sensualit\u00e9. Elle offre des outils pratiques et r\u00e9els pour vivre une sexualit\u00e9 \u00e9panouissante et sans contraintes.<\/p>\n<p>Voici quelques-unes des questions qu&rsquo;elle explore : Comment exprimer l&rsquo;amour sans peur ? Comment surmonter l&rsquo;appr\u00e9hension li\u00e9e \u00e0 la sexualit\u00e9 ? Quels sont les moyens d&rsquo;atteindre l&rsquo;orgasme ? Y a-t-il un lien entre le point G et un chakra ? Comment diff\u00e9rencier le d\u00e9sir de l&rsquo;amour ?<\/p>\n","protected":false},"excerpt":{"rendered":"<p>Lise Bourbeau explore sexualit\u00e9, amour, tabous, et offre outils pour \u00e9panouissement sexuel libre.<\/p>\n","protected":false},"featured_media":17079,"comment_status":"open","ping_status":"closed","template":"","meta":{"inline_featured_image":false},"product_cat":[204,91],"product_tag":[],"class_list":{"0":"post-17075","1":"product","2":"type-product","3":"status-publish","4":"has-post-thumbnail","6":"product_cat-francais","7":"product_cat-developpement","8":"pa_auteurs-lise-bourbeau","10":"first","11":"instock","12":"shipping-taxable","13":"purchasable","14":"product-type-simple"},"_links":{"self":[{"href":"https:\/\/baralivres.ma\/index.php?rest_route=\/wp\/v2\/product\/17075","targetHints":{"allow":["GET"]}}],"collection":[{"href":"https:\/\/baralivres.ma\/index.php?rest_route=\/wp\/v2\/product"}],"about":[{"href":"https:\/\/baralivres.ma\/index.php?rest_route=\/wp\/v2\/types\/product"}],"replies":[{"embeddable":true,"href":"https:\/\/baralivres.ma\/index.php?rest_route=%2Fwp%2Fv2%2Fcomments&post=17075"}],"version-history":[{"count":2,"href":"https:\/\/baralivres.ma\/index.php?rest_route=\/wp\/v2\/product\/17075\/revisions"}],"predecessor-version":[{"id":20650,"href":"https:\/\/baralivres.ma\/index.php?rest_route=\/wp\/v2\/product\/17075\/revisions\/20650"}],"wp:featuredmedia":[{"embeddable":true,"href":"https:\/\/baralivres.ma\/index.php?rest_route=\/wp\/v2\/media\/17079"}],"wp:attachment":[{"href":"https:\/\/baralivres.ma\/index.php?rest_route=%2Fwp%2Fv2%2Fmedia&parent=17075"}],"wp:term":[{"taxonomy":"product_cat","embeddable":true,"href":"https:\/\/baralivres.ma\/index.php?rest_route=%2Fwp%2Fv2%2Fproduct_cat&post=17075"},{"taxonomy":"product_tag","embeddable":true,"href":"https:\/\/baralivres.ma\/index.php?rest_route=%2Fwp%2Fv2%2Fproduct_tag&post=17075"}],"curies":[{"name":"wp","href":"https:\/\/api.w.org\/{rel}","templated":true}]}}