{"id":17069,"date":"2023-11-01T12:08:13","date_gmt":"2023-11-01T11:08:13","guid":{"rendered":"https:\/\/baralivres.ma\/?post_type=product&#038;p=17069"},"modified":"2023-12-18T15:14:04","modified_gmt":"2023-12-18T14:14:04","slug":"ecoute-ton-corps-4","status":"publish","type":"product","link":"https:\/\/baralivres.ma\/?product=ecoute-ton-corps-4","title":{"rendered":"L&rsquo;argent et l&rsquo;abondance"},"content":{"rendered":"<p>Apr\u00e8s le succ\u00e8s retentissant de son best-seller \u00ab\u00a0\u00c9coute ton corps\u00a0\u00bb, qui a transform\u00e9 la vie de millions de lecteurs, Lise Bourbeau, une figure phare du d\u00e9veloppement personnel, a \u00e9tendu son influence \u00e0 travers des conf\u00e9rences mondiales et des ateliers, recevant en retour une multitude de courriers de lecteurs reconnaissants. Son nouveau livre se concentre sur un sujet crucial : l&rsquo;argent et l&rsquo;abondance. Elle aborde diverses questions cl\u00e9s telles que : Quelles sont les racines de la peur de manquer d&rsquo;argent ? Comment \u00e9viter le pi\u00e8ge du surendettement et de la faillite ? Quels sont les obstacles \u00e0 l&rsquo;\u00e9panouissement de l&rsquo;abondance ? Faut-il favoriser la g\u00e9n\u00e9rosit\u00e9 ou la prudence financi\u00e8re ? Comment mettre fin aux fins de mois difficiles ? Pourquoi suis-je constamment sollicit\u00e9 par mes amis pour de l&rsquo;argent ?<\/p>\n","protected":false},"excerpt":{"rendered":"<p>Lise Bourbeau explore peur, abondance, surendettement, g\u00e9n\u00e9rosit\u00e9, fins difficiles, sollicitations amicales dans l&rsquo;argent.<\/p>\n","protected":false},"featured_media":17073,"comment_status":"open","ping_status":"closed","template":"","meta":{"inline_featured_image":false},"product_cat":[204,91],"product_tag":[],"class_list":{"0":"post-17069","1":"product","2":"type-product","3":"status-publish","4":"has-post-thumbnail","6":"product_cat-francais","7":"product_cat-developpement","8":"pa_auteurs-lise-bourbeau","10":"first","11":"instock","12":"shipping-taxable","13":"purchasable","14":"product-type-simple"},"_links":{"self":[{"href":"https:\/\/baralivres.ma\/index.php?rest_route=\/wp\/v2\/product\/17069","targetHints":{"allow":["GET"]}}],"collection":[{"href":"https:\/\/baralivres.ma\/index.php?rest_route=\/wp\/v2\/product"}],"about":[{"href":"https:\/\/baralivres.ma\/index.php?rest_route=\/wp\/v2\/types\/product"}],"replies":[{"embeddable":true,"href":"https:\/\/baralivres.ma\/index.php?rest_route=%2Fwp%2Fv2%2Fcomments&post=17069"}],"version-history":[{"count":2,"href":"https:\/\/baralivres.ma\/index.php?rest_route=\/wp\/v2\/product\/17069\/revisions"}],"predecessor-version":[{"id":20652,"href":"https:\/\/baralivres.ma\/index.php?rest_route=\/wp\/v2\/product\/17069\/revisions\/20652"}],"wp:featuredmedia":[{"embeddable":true,"href":"https:\/\/baralivres.ma\/index.php?rest_route=\/wp\/v2\/media\/17073"}],"wp:attachment":[{"href":"https:\/\/baralivres.ma\/index.php?rest_route=%2Fwp%2Fv2%2Fmedia&parent=17069"}],"wp:term":[{"taxonomy":"product_cat","embeddable":true,"href":"https:\/\/baralivres.ma\/index.php?rest_route=%2Fwp%2Fv2%2Fproduct_cat&post=17069"},{"taxonomy":"product_tag","embeddable":true,"href":"https:\/\/baralivres.ma\/index.php?rest_route=%2Fwp%2Fv2%2Fproduct_tag&post=17069"}],"curies":[{"name":"wp","href":"https:\/\/api.w.org\/{rel}","templated":true}]}}