{"id":17063,"date":"2023-11-01T12:05:00","date_gmt":"2023-11-01T11:05:00","guid":{"rendered":"https:\/\/baralivres.ma\/?post_type=product&#038;p=17063"},"modified":"2023-12-18T15:15:42","modified_gmt":"2023-12-18T14:15:42","slug":"ecoute-ton-corps-3","status":"publish","type":"product","link":"https:\/\/baralivres.ma\/?product=ecoute-ton-corps-3","title":{"rendered":"Les peurs et les croyances"},"content":{"rendered":"<p>Apr\u00e8s le grand succ\u00e8s de son livre \u00c9coute ton corps, ayant positivement impact\u00e9 des millions de lecteurs, Lise Bourbeau, une figure de proue du d\u00e9veloppement personnel, a partag\u00e9 sa sagesse \u00e0 travers des conf\u00e9rences mondiales et des ateliers, tout en r\u00e9pondant \u00e0 de nombreuses interrogations provenant de ses lecteurs. Dans son nouveau livre, elle explore en d\u00e9tail les origines de nos peurs et croyances, offrant des outils pratiques pour les surmonter. Voici quelques-unes des questions abord\u00e9es : d&rsquo;o\u00f9 proviennent nos peurs ? Pourquoi ressentons-nous fr\u00e9quemment de la peur par rapport aux autres ? Comment pouvons-nous transcender nos peurs ? Les croyances d\u00e9coulent-elles syst\u00e9matiquement de nos parents ? Est-ce que le simple fait de penser peut modifier une croyance ? Comment accro\u00eetre notre conscience vis-\u00e0-vis de nos croyances ?<\/p>\n","protected":false},"excerpt":{"rendered":"<p>Lise Bourbeau explore origines, outils pour surmonter peurs et croyances dans d\u00e9veloppement personnel.<\/p>\n","protected":false},"featured_media":17067,"comment_status":"open","ping_status":"closed","template":"","meta":{"inline_featured_image":false},"product_cat":[204,91],"product_tag":[],"class_list":{"0":"post-17063","1":"product","2":"type-product","3":"status-publish","4":"has-post-thumbnail","6":"product_cat-francais","7":"product_cat-developpement","8":"pa_auteurs-lise-bourbeau","10":"first","11":"instock","12":"shipping-taxable","13":"purchasable","14":"product-type-simple"},"_links":{"self":[{"href":"https:\/\/baralivres.ma\/index.php?rest_route=\/wp\/v2\/product\/17063","targetHints":{"allow":["GET"]}}],"collection":[{"href":"https:\/\/baralivres.ma\/index.php?rest_route=\/wp\/v2\/product"}],"about":[{"href":"https:\/\/baralivres.ma\/index.php?rest_route=\/wp\/v2\/types\/product"}],"replies":[{"embeddable":true,"href":"https:\/\/baralivres.ma\/index.php?rest_route=%2Fwp%2Fv2%2Fcomments&post=17063"}],"version-history":[{"count":2,"href":"https:\/\/baralivres.ma\/index.php?rest_route=\/wp\/v2\/product\/17063\/revisions"}],"predecessor-version":[{"id":20653,"href":"https:\/\/baralivres.ma\/index.php?rest_route=\/wp\/v2\/product\/17063\/revisions\/20653"}],"wp:featuredmedia":[{"embeddable":true,"href":"https:\/\/baralivres.ma\/index.php?rest_route=\/wp\/v2\/media\/17067"}],"wp:attachment":[{"href":"https:\/\/baralivres.ma\/index.php?rest_route=%2Fwp%2Fv2%2Fmedia&parent=17063"}],"wp:term":[{"taxonomy":"product_cat","embeddable":true,"href":"https:\/\/baralivres.ma\/index.php?rest_route=%2Fwp%2Fv2%2Fproduct_cat&post=17063"},{"taxonomy":"product_tag","embeddable":true,"href":"https:\/\/baralivres.ma\/index.php?rest_route=%2Fwp%2Fv2%2Fproduct_tag&post=17063"}],"curies":[{"name":"wp","href":"https:\/\/api.w.org\/{rel}","templated":true}]}}