{"id":17060,"date":"2023-11-01T12:02:37","date_gmt":"2023-11-01T11:02:37","guid":{"rendered":"https:\/\/baralivres.ma\/?post_type=product&#038;p=17060"},"modified":"2023-12-18T15:18:34","modified_gmt":"2023-12-18T14:18:34","slug":"ecoute-ton-corps-2","status":"publish","type":"product","link":"https:\/\/baralivres.ma\/?product=ecoute-ton-corps-2","title":{"rendered":"Les relations intimes"},"content":{"rendered":"<p>Apr\u00e8s le succ\u00e8s de son best-seller \u00ab\u00a0\u00c9coute ton corps\u00a0\u00bb, qui a transform\u00e9 la vie de millions de lecteurs en am\u00e9liorant leur bien-\u00eatre, Lise Bourbeau, une figure pionni\u00e8re du d\u00e9veloppement personnel, a parcouru le monde en donnant des conf\u00e9rences et des ateliers, tout en recevant une multitude de courriers de personnes cherchant des r\u00e9ponses. Dans son dernier ouvrage, elle aborde et r\u00e9pond \u00e0 une s\u00e9rie de questions sur les relations intimes, l&rsquo;amour, la vie \u00e0 deux et la sexualit\u00e9. En offrant des outils pratiques et tangibles, elle explore :<\/p>\n<ul>\n<li>Les raisons de la peur de s&rsquo;engager dans une relation amoureuse.<\/li>\n<li>Comment cultiver un sentiment de libert\u00e9 au sein d&rsquo;un couple.<\/li>\n<li>Les moyens pour am\u00e9liorer la communication.<\/li>\n<li>Le constat lorsque l&rsquo;amour semble s&rsquo;effacer au profit de l&rsquo;attachement, et si cela marque la fin d&rsquo;une relation.<\/li>\n<\/ul>\n","protected":false},"excerpt":{"rendered":"<p>Lise Bourbeau explore relations, amour, dialogue, libert\u00e9, attachement, personnalit\u00e9, offrant outils concrets et pratiques.<\/p>\n","protected":false},"featured_media":17061,"comment_status":"open","ping_status":"closed","template":"","meta":{"inline_featured_image":false},"product_cat":[204,91],"product_tag":[],"class_list":{"0":"post-17060","1":"product","2":"type-product","3":"status-publish","4":"has-post-thumbnail","6":"product_cat-francais","7":"product_cat-developpement","8":"pa_auteurs-lise-bourbeau","10":"first","11":"instock","12":"shipping-taxable","13":"purchasable","14":"product-type-simple"},"_links":{"self":[{"href":"https:\/\/baralivres.ma\/index.php?rest_route=\/wp\/v2\/product\/17060","targetHints":{"allow":["GET"]}}],"collection":[{"href":"https:\/\/baralivres.ma\/index.php?rest_route=\/wp\/v2\/product"}],"about":[{"href":"https:\/\/baralivres.ma\/index.php?rest_route=\/wp\/v2\/types\/product"}],"replies":[{"embeddable":true,"href":"https:\/\/baralivres.ma\/index.php?rest_route=%2Fwp%2Fv2%2Fcomments&post=17060"}],"version-history":[{"count":2,"href":"https:\/\/baralivres.ma\/index.php?rest_route=\/wp\/v2\/product\/17060\/revisions"}],"predecessor-version":[{"id":20655,"href":"https:\/\/baralivres.ma\/index.php?rest_route=\/wp\/v2\/product\/17060\/revisions\/20655"}],"wp:featuredmedia":[{"embeddable":true,"href":"https:\/\/baralivres.ma\/index.php?rest_route=\/wp\/v2\/media\/17061"}],"wp:attachment":[{"href":"https:\/\/baralivres.ma\/index.php?rest_route=%2Fwp%2Fv2%2Fmedia&parent=17060"}],"wp:term":[{"taxonomy":"product_cat","embeddable":true,"href":"https:\/\/baralivres.ma\/index.php?rest_route=%2Fwp%2Fv2%2Fproduct_cat&post=17060"},{"taxonomy":"product_tag","embeddable":true,"href":"https:\/\/baralivres.ma\/index.php?rest_route=%2Fwp%2Fv2%2Fproduct_tag&post=17060"}],"curies":[{"name":"wp","href":"https:\/\/api.w.org\/{rel}","templated":true}]}}