{"id":17053,"date":"2023-11-01T12:34:14","date_gmt":"2023-11-01T11:34:14","guid":{"rendered":"https:\/\/baralivres.ma\/?post_type=product&#038;p=17053"},"modified":"2023-11-01T12:34:14","modified_gmt":"2023-11-01T11:34:14","slug":"le-livre-des-decisions","status":"publish","type":"product","link":"https:\/\/baralivres.ma\/?product=le-livre-des-decisions","title":{"rendered":"Le livre des d\u00e9cisions"},"content":{"rendered":"<p>Comment cibler le march\u00e9 appropri\u00e9 pour votre produit ? Est-ce le moment opportun pour changer de carri\u00e8re ? Comment r\u00e9soudre un conflit de mani\u00e8re \u00e0 b\u00e9n\u00e9ficier mutuellement ? Quels facteurs peuvent am\u00e9liorer votre bonheur et votre productivit\u00e9 ?<\/p>\n<p>Pour r\u00e9pondre \u00e0 ces questions cruciales, vous avez \u00e0 votre disposition l&rsquo;un des 50 mod\u00e8les de prise de d\u00e9cision les plus performants, largement enseign\u00e9s dans les programmes MBA, tels que :<\/p>\n<ul>\n<li>La r\u00e8gle de Pareto<\/li>\n<li>La matrice d&rsquo;Eisenhower<\/li>\n<li>La pyramide des besoins de Maslow<\/li>\n<li>Le mod\u00e8le de Bourdieu<\/li>\n<li>L&rsquo;analyse SWOT<\/li>\n<li>Le mod\u00e8le de la longue tra\u00eene<\/li>\n<li>La courbe de la diffusion<\/li>\n<\/ul>\n<p>Ce best-seller international, enti\u00e8rement illustr\u00e9, sera votre guide pour prendre des d\u00e9cisions \u00e9clair\u00e9es !<\/p>\n","protected":false},"excerpt":{"rendered":"<p>Utilisez l&rsquo;un des 50 mod\u00e8les de prise de d\u00e9cision enseign\u00e9s dans les MBA pour guider vos choix.<\/p>\n","protected":false},"featured_media":17054,"comment_status":"open","ping_status":"closed","template":"","meta":{"inline_featured_image":false},"product_cat":[204,91],"product_tag":[],"class_list":{"0":"post-17053","1":"product","2":"type-product","3":"status-publish","4":"has-post-thumbnail","6":"product_cat-francais","7":"product_cat-developpement","8":"pa_auteurs-mikael-krogerus","10":"first","11":"instock","12":"shipping-taxable","13":"purchasable","14":"product-type-simple"},"_links":{"self":[{"href":"https:\/\/baralivres.ma\/index.php?rest_route=\/wp\/v2\/product\/17053","targetHints":{"allow":["GET"]}}],"collection":[{"href":"https:\/\/baralivres.ma\/index.php?rest_route=\/wp\/v2\/product"}],"about":[{"href":"https:\/\/baralivres.ma\/index.php?rest_route=\/wp\/v2\/types\/product"}],"replies":[{"embeddable":true,"href":"https:\/\/baralivres.ma\/index.php?rest_route=%2Fwp%2Fv2%2Fcomments&post=17053"}],"version-history":[{"count":1,"href":"https:\/\/baralivres.ma\/index.php?rest_route=\/wp\/v2\/product\/17053\/revisions"}],"predecessor-version":[{"id":17114,"href":"https:\/\/baralivres.ma\/index.php?rest_route=\/wp\/v2\/product\/17053\/revisions\/17114"}],"wp:featuredmedia":[{"embeddable":true,"href":"https:\/\/baralivres.ma\/index.php?rest_route=\/wp\/v2\/media\/17054"}],"wp:attachment":[{"href":"https:\/\/baralivres.ma\/index.php?rest_route=%2Fwp%2Fv2%2Fmedia&parent=17053"}],"wp:term":[{"taxonomy":"product_cat","embeddable":true,"href":"https:\/\/baralivres.ma\/index.php?rest_route=%2Fwp%2Fv2%2Fproduct_cat&post=17053"},{"taxonomy":"product_tag","embeddable":true,"href":"https:\/\/baralivres.ma\/index.php?rest_route=%2Fwp%2Fv2%2Fproduct_tag&post=17053"}],"curies":[{"name":"wp","href":"https:\/\/api.w.org\/{rel}","templated":true}]}}