{"id":17052,"date":"2023-11-01T11:59:44","date_gmt":"2023-11-01T10:59:44","guid":{"rendered":"https:\/\/baralivres.ma\/?post_type=product&#038;p=17052"},"modified":"2023-12-18T15:21:56","modified_gmt":"2023-12-18T14:21:56","slug":"ecoute-ton-corps","status":"publish","type":"product","link":"https:\/\/baralivres.ma\/?product=ecoute-ton-corps","title":{"rendered":"La responsabilit\u00e9, l&rsquo;engagement et la culpabilit\u00e9"},"content":{"rendered":"<p>Apr\u00e8s le grand succ\u00e8s de son livre \u00c9coute ton corps, ayant b\u00e9n\u00e9fici\u00e9 \u00e0 des millions de personnes pour am\u00e9liorer leur vie, Lise Bourbeau, une figure majeure du d\u00e9veloppement personnel, a partag\u00e9 son savoir lors de conf\u00e9rences mondiales et anim\u00e9 des ateliers, tout en recevant une abondance de lettres de lecteurs. Dans sa nouvelle publication, elle explore diverses interrogations et offre des outils pratiques pour aborder la responsabilit\u00e9 individuelle, les d\u00e9fis li\u00e9s \u00e0 l&rsquo;engagement, ainsi que la compr\u00e9hension des \u00e9v\u00e9nements de notre existence :<\/p>\n<ul>\n<li>Est-ce que je suis responsable de tout ce qui m&rsquo;arrive ?<\/li>\n<li>Pourquoi les fruits de mes actions ne correspondent-ils pas toujours \u00e0 mes attentes ?<\/li>\n<li>Comment puis-je mettre un terme \u00e0 la culpabilit\u00e9 ?<\/li>\n<li>Quelle attitude adopter face \u00e0 une injustice au travail ?<\/li>\n<li>Comment surmonter la peur de dire non par crainte de blesser autrui ?<\/li>\n<\/ul>\n","protected":false},"excerpt":{"rendered":"<p>Lise Bourbeau explore responsabilit\u00e9, engagement, et compr\u00e9hension des d\u00e9fis personnels pour mieux vivre.<\/p>\n","protected":false},"featured_media":17058,"comment_status":"open","ping_status":"closed","template":"","meta":{"inline_featured_image":false},"product_cat":[204,91],"product_tag":[],"class_list":{"0":"post-17052","1":"product","2":"type-product","3":"status-publish","4":"has-post-thumbnail","6":"product_cat-francais","7":"product_cat-developpement","8":"pa_auteurs-lise-bourbeau","10":"first","11":"instock","12":"shipping-taxable","13":"purchasable","14":"product-type-simple"},"_links":{"self":[{"href":"https:\/\/baralivres.ma\/index.php?rest_route=\/wp\/v2\/product\/17052","targetHints":{"allow":["GET"]}}],"collection":[{"href":"https:\/\/baralivres.ma\/index.php?rest_route=\/wp\/v2\/product"}],"about":[{"href":"https:\/\/baralivres.ma\/index.php?rest_route=\/wp\/v2\/types\/product"}],"replies":[{"embeddable":true,"href":"https:\/\/baralivres.ma\/index.php?rest_route=%2Fwp%2Fv2%2Fcomments&post=17052"}],"version-history":[{"count":3,"href":"https:\/\/baralivres.ma\/index.php?rest_route=\/wp\/v2\/product\/17052\/revisions"}],"predecessor-version":[{"id":20658,"href":"https:\/\/baralivres.ma\/index.php?rest_route=\/wp\/v2\/product\/17052\/revisions\/20658"}],"wp:featuredmedia":[{"embeddable":true,"href":"https:\/\/baralivres.ma\/index.php?rest_route=\/wp\/v2\/media\/17058"}],"wp:attachment":[{"href":"https:\/\/baralivres.ma\/index.php?rest_route=%2Fwp%2Fv2%2Fmedia&parent=17052"}],"wp:term":[{"taxonomy":"product_cat","embeddable":true,"href":"https:\/\/baralivres.ma\/index.php?rest_route=%2Fwp%2Fv2%2Fproduct_cat&post=17052"},{"taxonomy":"product_tag","embeddable":true,"href":"https:\/\/baralivres.ma\/index.php?rest_route=%2Fwp%2Fv2%2Fproduct_tag&post=17052"}],"curies":[{"name":"wp","href":"https:\/\/api.w.org\/{rel}","templated":true}]}}