{"id":17041,"date":"2023-11-01T11:54:21","date_gmt":"2023-11-01T10:54:21","guid":{"rendered":"https:\/\/baralivres.ma\/?post_type=product&#038;p=17041"},"modified":"2023-11-01T11:54:21","modified_gmt":"2023-11-01T10:54:21","slug":"atteindre-lexcellence-edition-condensee","status":"publish","type":"product","link":"https:\/\/baralivres.ma\/?product=atteindre-lexcellence-edition-condensee","title":{"rendered":"Atteindre l&rsquo;excellence (\u00e9dition condens\u00e9e)"},"content":{"rendered":"<p>Robert Greene, passionn\u00e9 d&rsquo;histoire, de litt\u00e9rature, et de la France, est un auteur polyglotte dipl\u00f4m\u00e9 de Berkeley, en lettres classiques. Il est l&rsquo;auteur de best-sellers mondiaux tels que \u00ab\u00a0Power, les 48 lois du pouvoir,\u00a0\u00bb \u00ab\u00a0L&rsquo;Art de la s\u00e9duction,\u00a0\u00bb \u00ab\u00a0Strat\u00e9gie, les 33 lois de la guerre,\u00a0\u00bb \u00ab\u00a0Atteindre l&rsquo;excellence,\u00a0\u00bb et \u00ab\u00a0Les Lois de la nature humaine\u00a0\u00bb (\u00c9ditions Alisio).<\/p>\n<p>Son dernier ouvrage explore les enseignements des grandes figures de l&rsquo;histoire pour atteindre l&rsquo;excellence et devenir ma\u00eetre dans son domaine. Il pr\u00e9sente 33 lois, notamment revenir \u00e0 ses origines, occuper le cr\u00e9neau id\u00e9al, \u00e9largir ses horizons, apprendre de ses \u00e9checs, et supporter la b\u00eatise humaine.<\/p>\n<p>Ces lois offrent des conseils pour d\u00e9velopper son potentiel au maximum, comprendre le pouvoir des connaissances et de l&rsquo;exp\u00e9rience, et se connecter efficacement avec son environnement pour exceller dans la vie. Robert Greene encourage les lecteurs \u00e0 apprendre des le\u00e7ons du pass\u00e9 et \u00e0 les appliquer pour r\u00e9ussir dans leur domaine d&rsquo;int\u00e9r\u00eat.<\/p>\n","protected":false},"excerpt":{"rendered":"<p>Robert Greene, auteur de best-sellers, explore 33 lois pour atteindre l&rsquo;excellence en s&rsquo;inspirant de grandes figures historiques.<\/p>\n","protected":false},"featured_media":17047,"comment_status":"open","ping_status":"closed","template":"","meta":{"inline_featured_image":false},"product_cat":[204,91],"product_tag":[],"class_list":{"0":"post-17041","1":"product","2":"type-product","3":"status-publish","4":"has-post-thumbnail","6":"product_cat-francais","7":"product_cat-developpement","8":"pa_auteurs-robert-greene","10":"first","11":"instock","12":"shipping-taxable","13":"purchasable","14":"product-type-simple"},"_links":{"self":[{"href":"https:\/\/baralivres.ma\/index.php?rest_route=\/wp\/v2\/product\/17041","targetHints":{"allow":["GET"]}}],"collection":[{"href":"https:\/\/baralivres.ma\/index.php?rest_route=\/wp\/v2\/product"}],"about":[{"href":"https:\/\/baralivres.ma\/index.php?rest_route=\/wp\/v2\/types\/product"}],"replies":[{"embeddable":true,"href":"https:\/\/baralivres.ma\/index.php?rest_route=%2Fwp%2Fv2%2Fcomments&post=17041"}],"version-history":[{"count":1,"href":"https:\/\/baralivres.ma\/index.php?rest_route=\/wp\/v2\/product\/17041\/revisions"}],"predecessor-version":[{"id":17048,"href":"https:\/\/baralivres.ma\/index.php?rest_route=\/wp\/v2\/product\/17041\/revisions\/17048"}],"wp:featuredmedia":[{"embeddable":true,"href":"https:\/\/baralivres.ma\/index.php?rest_route=\/wp\/v2\/media\/17047"}],"wp:attachment":[{"href":"https:\/\/baralivres.ma\/index.php?rest_route=%2Fwp%2Fv2%2Fmedia&parent=17041"}],"wp:term":[{"taxonomy":"product_cat","embeddable":true,"href":"https:\/\/baralivres.ma\/index.php?rest_route=%2Fwp%2Fv2%2Fproduct_cat&post=17041"},{"taxonomy":"product_tag","embeddable":true,"href":"https:\/\/baralivres.ma\/index.php?rest_route=%2Fwp%2Fv2%2Fproduct_tag&post=17041"}],"curies":[{"name":"wp","href":"https:\/\/api.w.org\/{rel}","templated":true}]}}