{"id":17038,"date":"2023-11-01T11:53:59","date_gmt":"2023-11-01T10:53:59","guid":{"rendered":"https:\/\/baralivres.ma\/?post_type=product&#038;p=17038"},"modified":"2023-11-01T11:54:00","modified_gmt":"2023-11-01T10:54:00","slug":"une-annee-de-prises-de-conscience","status":"publish","type":"product","link":"https:\/\/baralivres.ma\/?product=une-annee-de-prises-de-conscience","title":{"rendered":"Une ann\u00e9e de prises de conscience"},"content":{"rendered":"<p>Tout changement significatif et durable commence par une prise de conscience. Ce cahier d&rsquo;exercices de Lise Bourbeau vous accompagne dans un programme de r\u00e9flexion personnelle pour identifier vos blocages physiques, \u00e9motionnels et mentaux. Sur une ann\u00e9e, \u00e0 travers des th\u00e8mes hebdomadaires inspirants, vous explorerez votre propre compr\u00e9hension et \u00e9couterez les signaux de votre corps en utilisant des questions et des exercices \u00e0 pratiquer quotidiennement. Chaque jour, vous aurez l&rsquo;opportunit\u00e9 de vous connecter avec vous-m\u00eame et de d\u00e9couvrir des aspects insoup\u00e7onn\u00e9s de votre personnalit\u00e9. En prenant en compte ces d\u00e9couvertes, vous pourrez cultiver le bonheur dans tous les aspects de votre vie.<\/p>\n","protected":false},"excerpt":{"rendered":"<p>Cahier guidant exploration personnelle pour identifier blocages et favoriser le bonheur sur un an.<\/p>\n","protected":false},"featured_media":17044,"comment_status":"open","ping_status":"closed","template":"","meta":{"inline_featured_image":false},"product_cat":[204,91],"product_tag":[],"class_list":{"0":"post-17038","1":"product","2":"type-product","3":"status-publish","4":"has-post-thumbnail","6":"product_cat-francais","7":"product_cat-developpement","8":"pa_auteurs-lise-bourbeau","10":"first","11":"instock","12":"shipping-taxable","13":"purchasable","14":"product-type-simple"},"_links":{"self":[{"href":"https:\/\/baralivres.ma\/index.php?rest_route=\/wp\/v2\/product\/17038","targetHints":{"allow":["GET"]}}],"collection":[{"href":"https:\/\/baralivres.ma\/index.php?rest_route=\/wp\/v2\/product"}],"about":[{"href":"https:\/\/baralivres.ma\/index.php?rest_route=\/wp\/v2\/types\/product"}],"replies":[{"embeddable":true,"href":"https:\/\/baralivres.ma\/index.php?rest_route=%2Fwp%2Fv2%2Fcomments&post=17038"}],"version-history":[{"count":1,"href":"https:\/\/baralivres.ma\/index.php?rest_route=\/wp\/v2\/product\/17038\/revisions"}],"predecessor-version":[{"id":17045,"href":"https:\/\/baralivres.ma\/index.php?rest_route=\/wp\/v2\/product\/17038\/revisions\/17045"}],"wp:featuredmedia":[{"embeddable":true,"href":"https:\/\/baralivres.ma\/index.php?rest_route=\/wp\/v2\/media\/17044"}],"wp:attachment":[{"href":"https:\/\/baralivres.ma\/index.php?rest_route=%2Fwp%2Fv2%2Fmedia&parent=17038"}],"wp:term":[{"taxonomy":"product_cat","embeddable":true,"href":"https:\/\/baralivres.ma\/index.php?rest_route=%2Fwp%2Fv2%2Fproduct_cat&post=17038"},{"taxonomy":"product_tag","embeddable":true,"href":"https:\/\/baralivres.ma\/index.php?rest_route=%2Fwp%2Fv2%2Fproduct_tag&post=17038"}],"curies":[{"name":"wp","href":"https:\/\/api.w.org\/{rel}","templated":true}]}}