{"id":17037,"date":"2023-11-01T11:51:37","date_gmt":"2023-11-01T10:51:37","guid":{"rendered":"https:\/\/baralivres.ma\/?post_type=product&#038;p=17037"},"modified":"2023-11-01T11:51:37","modified_gmt":"2023-11-01T10:51:37","slug":"atteindre-lexcellence","status":"publish","type":"product","link":"https:\/\/baralivres.ma\/?product=atteindre-lexcellence","title":{"rendered":"Atteindre l&rsquo;excellence"},"content":{"rendered":"<p>Dans son ouvrage \u00ab\u00a0Atteindre l&rsquo;excellence\u00a0\u00bb, Robert Greene examine les biographies de personnalit\u00e9s c\u00e9l\u00e8bres pour identifier les \u00e9l\u00e9ments qui ont contribu\u00e9 \u00e0 leur succ\u00e8s exceptionnel. \u00c0 travers des exemples tels que Charles Darwin, Mozart, Cesar Rodriguez, Temple Grandin, Martha Graham, Henry Ford et Buckminster Fuller, il met en lumi\u00e8re l&rsquo;importance de la passion et de l&rsquo;amour pour exceller dans un domaine.<\/p>\n<p>En s&rsquo;appuyant sur des ann\u00e9es de recherche et des entretiens exclusifs, Greene d\u00e9montre que la ma\u00eetrise absolue est accessible \u00e0 tous. Il brise les mythes et montre que chacun peut atteindre l&rsquo;excellence en d\u00e9veloppant sa passion et en s&rsquo;effor\u00e7ant de devenir exceptionnel dans son domaine.<\/p>\n<p>L&rsquo;ouvrage met en avant des le\u00e7ons pr\u00e9cieuses pour ceux qui aspirent \u00e0 exceller dans leur vie personnelle et professionnelle, offrant des conseils pratiques pour d\u00e9velopper leur potentiel au maximum. Au-del\u00e0 des 48 lois du pouvoir, Robert Greene explore ici les principes de l&rsquo;excellence pour inspirer les lecteurs \u00e0 atteindre leur propre grandeur.<\/p>\n","protected":false},"excerpt":{"rendered":"<p>Robert Greene explore les vies de personnalit\u00e9s historiques et contemporaines pour r\u00e9v\u00e9ler les cl\u00e9s de l&rsquo;excellence.<\/p>\n","protected":false},"featured_media":17039,"comment_status":"open","ping_status":"closed","template":"","meta":{"inline_featured_image":false},"product_cat":[204,91],"product_tag":[],"class_list":{"0":"post-17037","1":"product","2":"type-product","3":"status-publish","4":"has-post-thumbnail","6":"product_cat-francais","7":"product_cat-developpement","8":"pa_auteurs-robert-greene","10":"first","11":"instock","12":"shipping-taxable","13":"purchasable","14":"product-type-simple"},"_links":{"self":[{"href":"https:\/\/baralivres.ma\/index.php?rest_route=\/wp\/v2\/product\/17037","targetHints":{"allow":["GET"]}}],"collection":[{"href":"https:\/\/baralivres.ma\/index.php?rest_route=\/wp\/v2\/product"}],"about":[{"href":"https:\/\/baralivres.ma\/index.php?rest_route=\/wp\/v2\/types\/product"}],"replies":[{"embeddable":true,"href":"https:\/\/baralivres.ma\/index.php?rest_route=%2Fwp%2Fv2%2Fcomments&post=17037"}],"version-history":[{"count":1,"href":"https:\/\/baralivres.ma\/index.php?rest_route=\/wp\/v2\/product\/17037\/revisions"}],"predecessor-version":[{"id":17040,"href":"https:\/\/baralivres.ma\/index.php?rest_route=\/wp\/v2\/product\/17037\/revisions\/17040"}],"wp:featuredmedia":[{"embeddable":true,"href":"https:\/\/baralivres.ma\/index.php?rest_route=\/wp\/v2\/media\/17039"}],"wp:attachment":[{"href":"https:\/\/baralivres.ma\/index.php?rest_route=%2Fwp%2Fv2%2Fmedia&parent=17037"}],"wp:term":[{"taxonomy":"product_cat","embeddable":true,"href":"https:\/\/baralivres.ma\/index.php?rest_route=%2Fwp%2Fv2%2Fproduct_cat&post=17037"},{"taxonomy":"product_tag","embeddable":true,"href":"https:\/\/baralivres.ma\/index.php?rest_route=%2Fwp%2Fv2%2Fproduct_tag&post=17037"}],"curies":[{"name":"wp","href":"https:\/\/api.w.org\/{rel}","templated":true}]}}