{"id":17035,"date":"2023-11-01T11:52:45","date_gmt":"2023-11-01T10:52:45","guid":{"rendered":"https:\/\/baralivres.ma\/?post_type=product&#038;p=17035"},"modified":"2023-11-01T11:52:45","modified_gmt":"2023-11-01T10:52:45","slug":"lart-de-parler-avec-des-cretins","status":"publish","type":"product","link":"https:\/\/baralivres.ma\/?product=lart-de-parler-avec-des-cretins","title":{"rendered":"L&rsquo;art de parler avec des cr\u00e9tins"},"content":{"rendered":"<p>Vous \u00eates pris au d\u00e9pourvu par la r\u00e9action rapide de votre sup\u00e9rieur, qui a clos votre objection en seulement trois mots ? Ou bien, \u00eates-vous d\u00e9concert\u00e9 par votre coll\u00e8gue qui vous r\u00e9duit au silence avec des attaques personnelles non fond\u00e9es ? Lorsque vous faites face \u00e0 des individus qui \u00e9vitent de pr\u00e9senter des arguments et qui contournent les normes classiques de l&rsquo;art oratoire, il est temps d&rsquo;abandonner le sch\u00e9ma de discours traditionnel \u00ab th\u00e8se-antith\u00e8se-synth\u00e8se \u00bb et d&rsquo;adopter de nouveaux principes.<\/p>\n<p>En s&rsquo;inspirant d&rsquo;exemples tels que les d\u00e9bats politiques entre Donald Trump et Hillary Clinton, ainsi que de situations courantes en milieu professionnel, Peter Modler a \u00e9labor\u00e9 10 strat\u00e9gies concr\u00e8tes pour r\u00e9sister et apprendre \u00e0 communiquer au-del\u00e0 de la simple argumentation.<\/p>\n","protected":false},"excerpt":{"rendered":"<p>Pour contrer des interlocuteurs qui \u00e9vitent l&rsquo;argumentation, Peter Modler propose 10 strat\u00e9gies de communication efficace.<\/p>\n","protected":false},"featured_media":17042,"comment_status":"open","ping_status":"closed","template":"","meta":{"inline_featured_image":false},"product_cat":[204,91],"product_tag":[],"class_list":{"0":"post-17035","1":"product","2":"type-product","3":"status-publish","4":"has-post-thumbnail","6":"product_cat-francais","7":"product_cat-developpement","8":"pa_auteurs-peter-modler","10":"first","11":"instock","12":"shipping-taxable","13":"purchasable","14":"product-type-simple"},"_links":{"self":[{"href":"https:\/\/baralivres.ma\/index.php?rest_route=\/wp\/v2\/product\/17035","targetHints":{"allow":["GET"]}}],"collection":[{"href":"https:\/\/baralivres.ma\/index.php?rest_route=\/wp\/v2\/product"}],"about":[{"href":"https:\/\/baralivres.ma\/index.php?rest_route=\/wp\/v2\/types\/product"}],"replies":[{"embeddable":true,"href":"https:\/\/baralivres.ma\/index.php?rest_route=%2Fwp%2Fv2%2Fcomments&post=17035"}],"version-history":[{"count":1,"href":"https:\/\/baralivres.ma\/index.php?rest_route=\/wp\/v2\/product\/17035\/revisions"}],"predecessor-version":[{"id":17043,"href":"https:\/\/baralivres.ma\/index.php?rest_route=\/wp\/v2\/product\/17035\/revisions\/17043"}],"wp:featuredmedia":[{"embeddable":true,"href":"https:\/\/baralivres.ma\/index.php?rest_route=\/wp\/v2\/media\/17042"}],"wp:attachment":[{"href":"https:\/\/baralivres.ma\/index.php?rest_route=%2Fwp%2Fv2%2Fmedia&parent=17035"}],"wp:term":[{"taxonomy":"product_cat","embeddable":true,"href":"https:\/\/baralivres.ma\/index.php?rest_route=%2Fwp%2Fv2%2Fproduct_cat&post=17035"},{"taxonomy":"product_tag","embeddable":true,"href":"https:\/\/baralivres.ma\/index.php?rest_route=%2Fwp%2Fv2%2Fproduct_tag&post=17035"}],"curies":[{"name":"wp","href":"https:\/\/api.w.org\/{rel}","templated":true}]}}